{"id":165181,"date":"2020-10-28T14:20:58","date_gmt":"2020-10-28T13:20:58","guid":{"rendered":"https:\/\/enoaudio.de\/?post_type=product&#038;p=165181"},"modified":"2026-01-09T08:36:51","modified_gmt":"2026-01-09T07:36:51","slug":"m3106bk-36m3xm-y","status":"publish","type":"product","link":"https:\/\/enoaudio.de\/es\/produkt\/m3106bk-36m3xm-y\/","title":{"rendered":"enoaudio Mogami 3106 micr\u00f3fono est\u00e9reo Y-Cable | Neutrik 6,3mm TRS \u2013 XLR macho (L,R) | HiFi"},"content":{"rendered":"El 3106 es la variante est\u00e9reo del popular cable de micr\u00f3fono 2549. Ofrece especificaciones profesionales y una excelente calidad de sonido para muchas aplicaciones donde se transmiten se\u00f1ales est\u00e9reo, en el estudio y en el escenario. El poco ruido de fondo y la baja capacidad del cable garantizan una transparencia sin adulterar y una gran riqueza de detalles en la se\u00f1al de audio transmitida. Para que sea m\u00e1s f\u00e1cil distinguir entre los dos canales, est\u00e1n marcados de manera diferente en todas partes. El 3106 tambi\u00e9n se recomienda para tramos largos de cable.\n<span>El cable es fabricado por Mogami en Jap\u00f3n y ensamblado individualmente en Alemania por enoaudio.<\/span>\n<span>Cada cable est\u00e1 sujeto a extensas mediciones y pruebas antes de la entrega para garantizar la calidad.<\/span><span>enoaudio otorga una garant\u00eda de 10 a\u00f1os en estos cables desde la fecha de compra.<\/span>\n","protected":false},"excerpt":{"rendered":"<p>Cable: Mogami Neglex 3106\nConector A:\u00a0Neutrik Gold 6,35mm TRS (NP3 X-B)\nConector B:\u00a0Neutrik Gold XLR male (NC3 MXX-B)\n","protected":false},"featured_media":324366,"comment_status":"open","ping_status":"closed","template":"","meta":{"_acf_changed":false},"product_brand":[],"product_cat":[535],"product_tag":[452],"class_list":{"0":"post-165181","1":"product","2":"type-product","3":"status-publish","4":"has-post-thumbnail","6":"product_cat-y-kabel-es","7":"product_tag-mogami-es","8":"pa_length-0050m-es","9":"pa_length-0100m-es","10":"pa_length-0150m-es","11":"pa_length-1000m-es","12":"pa_length-0200m-es","13":"pa_length-0300m-es","14":"pa_length-0500m-es","15":"pa_length-0700m-es","17":"first","18":"instock","19":"taxable","20":"shipping-taxable","21":"purchasable","22":"product-type-variable"},"acf":[],"yoast_head":"<!-- This site is optimized with the Yoast SEO plugin v27.1.1 - https:\/\/yoast.com\/product\/yoast-seo-wordpress\/ -->\n<title>enoaudio Mogami 3106 micr\u00f3fono est\u00e9reo Y-Cable | Neutrik 6,3mm TRS \u2013 XLR macho (L,R) | HiFi - enoaudio<\/title>\n<meta name=\"robots\" content=\"index, follow, max-snippet:-1, max-image-preview:large, max-video-preview:-1\" \/>\n<link rel=\"canonical\" href=\"https:\/\/enoaudio.de\/es\/produkt\/m3106bk-36m3xm-y\/\" \/>\n<meta property=\"og:locale\" content=\"es_ES\" \/>\n<meta property=\"og:type\" content=\"article\" \/>\n<meta property=\"og:title\" content=\"enoaudio Mogami 3106 micr\u00f3fono est\u00e9reo Y-Cable | Neutrik 6,3mm TRS \u2013 XLR macho (L,R) | HiFi - enoaudio\" \/>\n<meta property=\"og:description\" content=\"Cable:  Conector A:\u00a0 Conector B:\u00a0\" \/>\n<meta property=\"og:url\" content=\"https:\/\/enoaudio.de\/es\/produkt\/m3106bk-36m3xm-y\/\" \/>\n<meta property=\"og:site_name\" content=\"enoaudio\" \/>\n<meta property=\"article:modified_time\" content=\"2026-01-09T07:36:51+00:00\" \/>\n<meta property=\"og:image\" content=\"https:\/\/enoaudio.de\/wordpress\/wp-content\/uploads\/DSC05244-scaled.jpg\" \/>\n\t<meta property=\"og:image:width\" content=\"2560\" \/>\n\t<meta property=\"og:image:height\" content=\"1707\" \/>\n\t<meta property=\"og:image:type\" content=\"image\/jpeg\" \/>\n<meta name=\"twitter:card\" content=\"summary_large_image\" \/>\n<meta name=\"twitter:label1\" content=\"Availability\" \/>\n\t<meta name=\"twitter:data1\" content=\"In stock\" \/>\n<script type=\"application\/ld+json\" class=\"yoast-schema-graph\">{\"@context\":\"https:\/\/schema.org\",\"@graph\":[{\"@type\":\"WebPage\",\"@id\":\"https:\/\/enoaudio.de\/es\/produkt\/m3106bk-36m3xm-y\/\",\"url\":\"https:\/\/enoaudio.de\/es\/produkt\/m3106bk-36m3xm-y\/\",\"name\":\"enoaudio Mogami 3106 micr\u00f3fono est\u00e9reo Y-Cable | Neutrik 6,3mm TRS \u2013 XLR macho (L,R) | HiFi - enoaudio\",\"isPartOf\":{\"@id\":\"https:\/\/enoaudio.de\/es\/#website\"},\"primaryImageOfPage\":{\"@id\":\"https:\/\/enoaudio.de\/es\/produkt\/m3106bk-36m3xm-y\/#primaryimage\"},\"image\":{\"@id\":\"https:\/\/enoaudio.de\/es\/produkt\/m3106bk-36m3xm-y\/#primaryimage\"},\"thumbnailUrl\":\"https:\/\/enoaudio.de\/wp-content\/uploads\/M3106BK-36M3XM-Y_Y-Audio-cable-1.png\",\"datePublished\":\"2020-10-28T13:20:58+00:00\",\"dateModified\":\"2026-01-09T07:36:51+00:00\",\"breadcrumb\":{\"@id\":\"https:\/\/enoaudio.de\/es\/produkt\/m3106bk-36m3xm-y\/#breadcrumb\"},\"inLanguage\":\"es-ES\",\"potentialAction\":[{\"@type\":\"ReadAction\",\"target\":[\"https:\/\/enoaudio.de\/es\/produkt\/m3106bk-36m3xm-y\/\"]}]},{\"@type\":\"ImageObject\",\"inLanguage\":\"es-ES\",\"@id\":\"https:\/\/enoaudio.de\/es\/produkt\/m3106bk-36m3xm-y\/#primaryimage\",\"url\":\"https:\/\/enoaudio.de\/wp-content\/uploads\/M3106BK-36M3XM-Y_Y-Audio-cable-1.png\",\"contentUrl\":\"https:\/\/enoaudio.de\/wp-content\/uploads\/M3106BK-36M3XM-Y_Y-Audio-cable-1.png\",\"width\":1800,\"height\":1200},{\"@type\":\"BreadcrumbList\",\"@id\":\"https:\/\/enoaudio.de\/es\/produkt\/m3106bk-36m3xm-y\/#breadcrumb\",\"itemListElement\":[{\"@type\":\"ListItem\",\"position\":1,\"name\":\"Startseite\",\"item\":\"https:\/\/enoaudio.de\/es\/tienda\/\"},{\"@type\":\"ListItem\",\"position\":2,\"name\":\"Tienda\",\"item\":\"https:\/\/enoaudio.de\/es\/tienda\/\"},{\"@type\":\"ListItem\",\"position\":3,\"name\":\"enoaudio Mogami 3106 micr\u00f3fono est\u00e9reo Y-Cable | Neutrik 6,3mm TRS \u2013 XLR macho (L,R) | HiFi\"}]},{\"@type\":\"WebSite\",\"@id\":\"https:\/\/enoaudio.de\/es\/#website\",\"url\":\"https:\/\/enoaudio.de\/es\/\",\"name\":\"enoaudio\",\"description\":\"HIgh Quality Cables for Professionals\",\"publisher\":{\"@id\":\"https:\/\/enoaudio.de\/es\/#organization\"},\"potentialAction\":[{\"@type\":\"SearchAction\",\"target\":{\"@type\":\"EntryPoint\",\"urlTemplate\":\"https:\/\/enoaudio.de\/es\/?s={search_term_string}\"},\"query-input\":{\"@type\":\"PropertyValueSpecification\",\"valueRequired\":true,\"valueName\":\"search_term_string\"}}],\"inLanguage\":\"es-ES\"},{\"@type\":\"Organization\",\"@id\":\"https:\/\/enoaudio.de\/es\/#organization\",\"name\":\"enoaudio\",\"url\":\"https:\/\/enoaudio.de\/es\/\",\"logo\":{\"@type\":\"ImageObject\",\"inLanguage\":\"es-ES\",\"@id\":\"https:\/\/enoaudio.de\/es\/#\/schema\/logo\/image\/\",\"url\":\"https:\/\/enoaudio.de\/wordpress\/wp-content\/uploads\/2018\/02\/enoaudio_title.png\",\"contentUrl\":\"https:\/\/enoaudio.de\/wordpress\/wp-content\/uploads\/2018\/02\/enoaudio_title.png\",\"width\":1018,\"height\":168,\"caption\":\"enoaudio\"},\"image\":{\"@id\":\"https:\/\/enoaudio.de\/es\/#\/schema\/logo\/image\/\"}}]}<\/script>\n<meta property=\"og:availability\" content=\"instock\" \/>\n<meta property=\"product:availability\" content=\"instock\" \/>\n<meta property=\"product:retailer_item_id\" content=\"M3106BK-36M3XM-Y\" \/>\n<meta property=\"product:condition\" content=\"new\" \/>\n<!-- \/ Yoast SEO plugin. -->","yoast_head_json":{"title":"enoaudio Mogami 3106 micr\u00f3fono est\u00e9reo Y-Cable | Neutrik 6,3mm TRS \u2013 XLR macho (L,R) | HiFi - enoaudio","robots":{"index":"index","follow":"follow","max-snippet":"max-snippet:-1","max-image-preview":"max-image-preview:large","max-video-preview":"max-video-preview:-1"},"canonical":"https:\/\/enoaudio.de\/es\/produkt\/m3106bk-36m3xm-y\/","og_locale":"es_ES","og_type":"article","og_title":"enoaudio Mogami 3106 micr\u00f3fono est\u00e9reo Y-Cable | Neutrik 6,3mm TRS \u2013 XLR macho (L,R) | HiFi - enoaudio","og_description":"Cable:  Conector A:\u00a0 Conector B:\u00a0","og_url":"https:\/\/enoaudio.de\/es\/produkt\/m3106bk-36m3xm-y\/","og_site_name":"enoaudio","article_modified_time":"2026-01-09T07:36:51+00:00","og_image":[{"width":2560,"height":1707,"url":"https:\/\/enoaudio.de\/wordpress\/wp-content\/uploads\/DSC05244-scaled.jpg","type":"image\/jpeg"}],"twitter_card":"summary_large_image","twitter_misc":{"Availability":"In stock"},"schema":{"@context":"https:\/\/schema.org","@graph":[{"@type":"WebPage","@id":"https:\/\/enoaudio.de\/es\/produkt\/m3106bk-36m3xm-y\/","url":"https:\/\/enoaudio.de\/es\/produkt\/m3106bk-36m3xm-y\/","name":"enoaudio Mogami 3106 micr\u00f3fono est\u00e9reo Y-Cable | Neutrik 6,3mm TRS \u2013 XLR macho (L,R) | HiFi - enoaudio","isPartOf":{"@id":"https:\/\/enoaudio.de\/es\/#website"},"primaryImageOfPage":{"@id":"https:\/\/enoaudio.de\/es\/produkt\/m3106bk-36m3xm-y\/#primaryimage"},"image":{"@id":"https:\/\/enoaudio.de\/es\/produkt\/m3106bk-36m3xm-y\/#primaryimage"},"thumbnailUrl":"https:\/\/enoaudio.de\/wp-content\/uploads\/M3106BK-36M3XM-Y_Y-Audio-cable-1.png","datePublished":"2020-10-28T13:20:58+00:00","dateModified":"2026-01-09T07:36:51+00:00","breadcrumb":{"@id":"https:\/\/enoaudio.de\/es\/produkt\/m3106bk-36m3xm-y\/#breadcrumb"},"inLanguage":"es-ES","potentialAction":[{"@type":"ReadAction","target":["https:\/\/enoaudio.de\/es\/produkt\/m3106bk-36m3xm-y\/"]}]},{"@type":"ImageObject","inLanguage":"es-ES","@id":"https:\/\/enoaudio.de\/es\/produkt\/m3106bk-36m3xm-y\/#primaryimage","url":"https:\/\/enoaudio.de\/wp-content\/uploads\/M3106BK-36M3XM-Y_Y-Audio-cable-1.png","contentUrl":"https:\/\/enoaudio.de\/wp-content\/uploads\/M3106BK-36M3XM-Y_Y-Audio-cable-1.png","width":1800,"height":1200},{"@type":"BreadcrumbList","@id":"https:\/\/enoaudio.de\/es\/produkt\/m3106bk-36m3xm-y\/#breadcrumb","itemListElement":[{"@type":"ListItem","position":1,"name":"Startseite","item":"https:\/\/enoaudio.de\/es\/tienda\/"},{"@type":"ListItem","position":2,"name":"Tienda","item":"https:\/\/enoaudio.de\/es\/tienda\/"},{"@type":"ListItem","position":3,"name":"enoaudio Mogami 3106 micr\u00f3fono est\u00e9reo Y-Cable | Neutrik 6,3mm TRS \u2013 XLR macho (L,R) | HiFi"}]},{"@type":"WebSite","@id":"https:\/\/enoaudio.de\/es\/#website","url":"https:\/\/enoaudio.de\/es\/","name":"enoaudio","description":"HIgh Quality Cables for Professionals","publisher":{"@id":"https:\/\/enoaudio.de\/es\/#organization"},"potentialAction":[{"@type":"SearchAction","target":{"@type":"EntryPoint","urlTemplate":"https:\/\/enoaudio.de\/es\/?s={search_term_string}"},"query-input":{"@type":"PropertyValueSpecification","valueRequired":true,"valueName":"search_term_string"}}],"inLanguage":"es-ES"},{"@type":"Organization","@id":"https:\/\/enoaudio.de\/es\/#organization","name":"enoaudio","url":"https:\/\/enoaudio.de\/es\/","logo":{"@type":"ImageObject","inLanguage":"es-ES","@id":"https:\/\/enoaudio.de\/es\/#\/schema\/logo\/image\/","url":"https:\/\/enoaudio.de\/wordpress\/wp-content\/uploads\/2018\/02\/enoaudio_title.png","contentUrl":"https:\/\/enoaudio.de\/wordpress\/wp-content\/uploads\/2018\/02\/enoaudio_title.png","width":1018,"height":168,"caption":"enoaudio"},"image":{"@id":"https:\/\/enoaudio.de\/es\/#\/schema\/logo\/image\/"}}]},"og_availability":"instock","product_availability":"instock","product_retailer_item_id":"M3106BK-36M3XM-Y","product_condition":"new"},"_links":{"self":[{"href":"https:\/\/enoaudio.de\/es\/wp-json\/wp\/v2\/product\/165181","targetHints":{"allow":["GET"]}}],"collection":[{"href":"https:\/\/enoaudio.de\/es\/wp-json\/wp\/v2\/product"}],"about":[{"href":"https:\/\/enoaudio.de\/es\/wp-json\/wp\/v2\/types\/product"}],"replies":[{"embeddable":true,"href":"https:\/\/enoaudio.de\/es\/wp-json\/wp\/v2\/comments?post=165181"}],"wp:featuredmedia":[{"embeddable":true,"href":"https:\/\/enoaudio.de\/es\/wp-json\/wp\/v2\/media\/324366"}],"wp:attachment":[{"href":"https:\/\/enoaudio.de\/es\/wp-json\/wp\/v2\/media?parent=165181"}],"wp:term":[{"taxonomy":"product_brand","embeddable":true,"href":"https:\/\/enoaudio.de\/es\/wp-json\/wp\/v2\/product_brand?post=165181"},{"taxonomy":"product_cat","embeddable":true,"href":"https:\/\/enoaudio.de\/es\/wp-json\/wp\/v2\/product_cat?post=165181"},{"taxonomy":"product_tag","embeddable":true,"href":"https:\/\/enoaudio.de\/es\/wp-json\/wp\/v2\/product_tag?post=165181"}],"curies":[{"name":"wp","href":"https:\/\/api.w.org\/{rel}","templated":true}]}}