{"id":294395,"date":"2024-05-23T13:03:00","date_gmt":"2024-05-16T10:16:49","guid":{"rendered":"https:\/\/enoaudio.de\/produkt\/bst-m2534bk-26m36f\/"},"modified":"2025-04-14T17:02:53","modified_gmt":"2025-04-14T15:02:53","slug":"bst-m2534bk-26m36f","status":"publish","type":"product","link":"https:\/\/enoaudio.de\/es\/produkt\/bst-m2534bk-26m36f\/","title":{"rendered":"[B-Stock] enoaudio Mogami 2534 Quad Cable alargador balanceado no-balanceado | Neutrik 6,3mm TS &#8211; 6,3mm TS hembra | HiFi"},"content":{"rendered":"<h4>B-Stock: Los productos B-Stock han sido probados y son completamente funcionales como nuevos. El exterior (cubierta, enchufe) puede tener peque\u00f1os ara\u00f1azos o suciedad. El cable tambi\u00e9n puede tener peque\u00f1as imperfecciones. Por favor, t\u00e9ngalo en cuenta antes de comprar.<\/h4>\n<p>Este cable utiliza el cable de referencia exclusivo MOGAMI Neglex \"Studio Quad\" con cobre libre de ox\u00edgeno (OFC).\nUna transmisi\u00f3n de se\u00f1al de cuatro hilos y la pantalla en espiral extremadamente densa suprimen la interferencia desde el exterior. El resultado son grabaciones sin interferencias y un rango din\u00e1mico extendido.\nCaracter\u00edsticas: caracter\u00edsticas de sonido \u00fanicas, de alta calidad flexibles, robustas, f\u00e1ciles de colocar.<\/p><span>El cable es fabricado por Mogami en Jap\u00f3n y ensamblado individualmente en Alemania por enoaudio.<\/span><span>Cada cable est\u00e1 sujeto a extensas mediciones y pruebas antes de la entrega para garantizar la calidad.<\/span><span>enoaudio otorga una garant\u00eda de 10 a\u00f1os en estos cables desde la fecha de compra.<\/span>\n","protected":false},"excerpt":{"rendered":"<p>Cable: Mogami Neglex 2534\nConector A:\u00a0Neutrik Gold 6,35mm TS (NP2 X-B)\nConector B:\u00a0Neutrik 6,35mm TRS female (NJ3FC6-BAG)\n","protected":false},"featured_media":324457,"comment_status":"closed","ping_status":"closed","template":"","meta":{"_acf_changed":false},"product_brand":[],"product_cat":[866,484],"product_tag":[859,452,453],"class_list":{"0":"post-294395","1":"product","2":"type-product","3":"status-publish","4":"has-post-thumbnail","6":"product_cat-b-stock-es","7":"product_cat-verlaengerungskabel-es","8":"product_tag-b-stock-es","9":"product_tag-mogami-es","10":"product_tag-w2534-es","11":"pa_length-0050m-es","12":"pa_length-0100m-es","13":"pa_length-0150m-es","14":"pa_length-1000m-es","15":"pa_length-0200m-es","16":"pa_length-0300m-es","17":"pa_length-0500m-es","18":"pa_length-0700m-es","20":"first","21":"instock","22":"sale","23":"taxable","24":"shipping-taxable","25":"purchasable","26":"product-type-variable"},"acf":[],"yoast_head":"<!-- This site is optimized with the Yoast SEO plugin v27.1.1 - https:\/\/yoast.com\/product\/yoast-seo-wordpress\/ -->\n<title>[B-Stock] enoaudio Mogami 2534 Quad Cable alargador balanceado no-balanceado | Neutrik 6,3mm TS - 6,3mm TS hembra | HiFi - enoaudio<\/title>\n<meta name=\"robots\" content=\"index, follow, max-snippet:-1, max-image-preview:large, max-video-preview:-1\" \/>\n<link rel=\"canonical\" href=\"https:\/\/enoaudio.de\/es\/produkt\/bst-m2534bk-26m36f\/\" \/>\n<meta property=\"og:locale\" content=\"es_ES\" \/>\n<meta property=\"og:type\" content=\"article\" \/>\n<meta property=\"og:title\" content=\"[B-Stock] enoaudio Mogami 2534 Quad Cable alargador balanceado no-balanceado | Neutrik 6,3mm TS - 6,3mm TS hembra | HiFi - enoaudio\" \/>\n<meta property=\"og:description\" content=\"Cable: Conector A:\u00a0 Conector B:\u00a0\" \/>\n<meta property=\"og:url\" content=\"https:\/\/enoaudio.de\/es\/produkt\/bst-m2534bk-26m36f\/\" \/>\n<meta property=\"og:site_name\" content=\"enoaudio\" \/>\n<meta property=\"article:modified_time\" content=\"2025-04-14T15:02:53+00:00\" \/>\n<meta property=\"og:image\" content=\"https:\/\/enoaudio.de\/wordpress\/wp-content\/uploads\/DSC_0833e-scaled.webp\" \/>\n\t<meta property=\"og:image:width\" content=\"2560\" \/>\n\t<meta property=\"og:image:height\" content=\"1700\" \/>\n\t<meta property=\"og:image:type\" content=\"image\/webp\" \/>\n<meta name=\"twitter:card\" content=\"summary_large_image\" \/>\n<meta name=\"twitter:label1\" content=\"Availability\" \/>\n\t<meta name=\"twitter:data1\" content=\"In stock\" \/>\n<script type=\"application\/ld+json\" class=\"yoast-schema-graph\">{\"@context\":\"https:\/\/schema.org\",\"@graph\":[{\"@type\":\"WebPage\",\"@id\":\"https:\/\/enoaudio.de\/es\/produkt\/bst-m2534bk-26m36f\/\",\"url\":\"https:\/\/enoaudio.de\/es\/produkt\/bst-m2534bk-26m36f\/\",\"name\":\"[B-Stock] enoaudio Mogami 2534 Quad Cable alargador balanceado no-balanceado | Neutrik 6,3mm TS - 6,3mm TS hembra | HiFi - enoaudio\",\"isPartOf\":{\"@id\":\"https:\/\/enoaudio.de\/es\/#website\"},\"primaryImageOfPage\":{\"@id\":\"https:\/\/enoaudio.de\/es\/produkt\/bst-m2534bk-26m36f\/#primaryimage\"},\"image\":{\"@id\":\"https:\/\/enoaudio.de\/es\/produkt\/bst-m2534bk-26m36f\/#primaryimage\"},\"thumbnailUrl\":\"https:\/\/enoaudio.de\/wp-content\/uploads\/M2534BK-26M36F_Extension-Cable-Balanced-Unbalanced-min-1.png\",\"datePublished\":\"2024-05-16T10:16:49+00:00\",\"dateModified\":\"2025-04-14T15:02:53+00:00\",\"breadcrumb\":{\"@id\":\"https:\/\/enoaudio.de\/es\/produkt\/bst-m2534bk-26m36f\/#breadcrumb\"},\"inLanguage\":\"es-ES\",\"potentialAction\":[{\"@type\":\"ReadAction\",\"target\":[\"https:\/\/enoaudio.de\/es\/produkt\/bst-m2534bk-26m36f\/\"]}]},{\"@type\":\"ImageObject\",\"inLanguage\":\"es-ES\",\"@id\":\"https:\/\/enoaudio.de\/es\/produkt\/bst-m2534bk-26m36f\/#primaryimage\",\"url\":\"https:\/\/enoaudio.de\/wp-content\/uploads\/M2534BK-26M36F_Extension-Cable-Balanced-Unbalanced-min-1.png\",\"contentUrl\":\"https:\/\/enoaudio.de\/wp-content\/uploads\/M2534BK-26M36F_Extension-Cable-Balanced-Unbalanced-min-1.png\",\"width\":1800,\"height\":1196},{\"@type\":\"BreadcrumbList\",\"@id\":\"https:\/\/enoaudio.de\/es\/produkt\/bst-m2534bk-26m36f\/#breadcrumb\",\"itemListElement\":[{\"@type\":\"ListItem\",\"position\":1,\"name\":\"Startseite\",\"item\":\"https:\/\/enoaudio.de\/es\/tienda\/\"},{\"@type\":\"ListItem\",\"position\":2,\"name\":\"Tienda\",\"item\":\"https:\/\/enoaudio.de\/es\/tienda\/\"},{\"@type\":\"ListItem\",\"position\":3,\"name\":\"[B-Stock] enoaudio Mogami 2534 Quad Cable alargador balanceado no-balanceado | Neutrik 6,3mm TS &#8211; 6,3mm TS hembra | HiFi\"}]},{\"@type\":\"WebSite\",\"@id\":\"https:\/\/enoaudio.de\/es\/#website\",\"url\":\"https:\/\/enoaudio.de\/es\/\",\"name\":\"enoaudio\",\"description\":\"HIgh Quality Cables for Professionals\",\"publisher\":{\"@id\":\"https:\/\/enoaudio.de\/es\/#organization\"},\"potentialAction\":[{\"@type\":\"SearchAction\",\"target\":{\"@type\":\"EntryPoint\",\"urlTemplate\":\"https:\/\/enoaudio.de\/es\/?s={search_term_string}\"},\"query-input\":{\"@type\":\"PropertyValueSpecification\",\"valueRequired\":true,\"valueName\":\"search_term_string\"}}],\"inLanguage\":\"es-ES\"},{\"@type\":\"Organization\",\"@id\":\"https:\/\/enoaudio.de\/es\/#organization\",\"name\":\"enoaudio\",\"url\":\"https:\/\/enoaudio.de\/es\/\",\"logo\":{\"@type\":\"ImageObject\",\"inLanguage\":\"es-ES\",\"@id\":\"https:\/\/enoaudio.de\/es\/#\/schema\/logo\/image\/\",\"url\":\"https:\/\/enoaudio.de\/wordpress\/wp-content\/uploads\/2018\/02\/enoaudio_title.png\",\"contentUrl\":\"https:\/\/enoaudio.de\/wordpress\/wp-content\/uploads\/2018\/02\/enoaudio_title.png\",\"width\":1018,\"height\":168,\"caption\":\"enoaudio\"},\"image\":{\"@id\":\"https:\/\/enoaudio.de\/es\/#\/schema\/logo\/image\/\"}}]}<\/script>\n<meta property=\"og:availability\" content=\"instock\" \/>\n<meta property=\"product:availability\" content=\"instock\" \/>\n<meta property=\"product:retailer_item_id\" content=\"BST-M2534BK-26M36F\" \/>\n<meta property=\"product:condition\" content=\"new\" \/>\n<!-- \/ Yoast SEO plugin. -->","yoast_head_json":{"title":"[B-Stock] enoaudio Mogami 2534 Quad Cable alargador balanceado no-balanceado | Neutrik 6,3mm TS - 6,3mm TS hembra | HiFi - enoaudio","robots":{"index":"index","follow":"follow","max-snippet":"max-snippet:-1","max-image-preview":"max-image-preview:large","max-video-preview":"max-video-preview:-1"},"canonical":"https:\/\/enoaudio.de\/es\/produkt\/bst-m2534bk-26m36f\/","og_locale":"es_ES","og_type":"article","og_title":"[B-Stock] enoaudio Mogami 2534 Quad Cable alargador balanceado no-balanceado | Neutrik 6,3mm TS - 6,3mm TS hembra | HiFi - enoaudio","og_description":"Cable: Conector A:\u00a0 Conector B:\u00a0","og_url":"https:\/\/enoaudio.de\/es\/produkt\/bst-m2534bk-26m36f\/","og_site_name":"enoaudio","article_modified_time":"2025-04-14T15:02:53+00:00","og_image":[{"width":2560,"height":1700,"url":"https:\/\/enoaudio.de\/wordpress\/wp-content\/uploads\/DSC_0833e-scaled.webp","type":"image\/webp"}],"twitter_card":"summary_large_image","twitter_misc":{"Availability":"In stock"},"schema":{"@context":"https:\/\/schema.org","@graph":[{"@type":"WebPage","@id":"https:\/\/enoaudio.de\/es\/produkt\/bst-m2534bk-26m36f\/","url":"https:\/\/enoaudio.de\/es\/produkt\/bst-m2534bk-26m36f\/","name":"[B-Stock] enoaudio Mogami 2534 Quad Cable alargador balanceado no-balanceado | Neutrik 6,3mm TS - 6,3mm TS hembra | HiFi - enoaudio","isPartOf":{"@id":"https:\/\/enoaudio.de\/es\/#website"},"primaryImageOfPage":{"@id":"https:\/\/enoaudio.de\/es\/produkt\/bst-m2534bk-26m36f\/#primaryimage"},"image":{"@id":"https:\/\/enoaudio.de\/es\/produkt\/bst-m2534bk-26m36f\/#primaryimage"},"thumbnailUrl":"https:\/\/enoaudio.de\/wp-content\/uploads\/M2534BK-26M36F_Extension-Cable-Balanced-Unbalanced-min-1.png","datePublished":"2024-05-16T10:16:49+00:00","dateModified":"2025-04-14T15:02:53+00:00","breadcrumb":{"@id":"https:\/\/enoaudio.de\/es\/produkt\/bst-m2534bk-26m36f\/#breadcrumb"},"inLanguage":"es-ES","potentialAction":[{"@type":"ReadAction","target":["https:\/\/enoaudio.de\/es\/produkt\/bst-m2534bk-26m36f\/"]}]},{"@type":"ImageObject","inLanguage":"es-ES","@id":"https:\/\/enoaudio.de\/es\/produkt\/bst-m2534bk-26m36f\/#primaryimage","url":"https:\/\/enoaudio.de\/wp-content\/uploads\/M2534BK-26M36F_Extension-Cable-Balanced-Unbalanced-min-1.png","contentUrl":"https:\/\/enoaudio.de\/wp-content\/uploads\/M2534BK-26M36F_Extension-Cable-Balanced-Unbalanced-min-1.png","width":1800,"height":1196},{"@type":"BreadcrumbList","@id":"https:\/\/enoaudio.de\/es\/produkt\/bst-m2534bk-26m36f\/#breadcrumb","itemListElement":[{"@type":"ListItem","position":1,"name":"Startseite","item":"https:\/\/enoaudio.de\/es\/tienda\/"},{"@type":"ListItem","position":2,"name":"Tienda","item":"https:\/\/enoaudio.de\/es\/tienda\/"},{"@type":"ListItem","position":3,"name":"[B-Stock] enoaudio Mogami 2534 Quad Cable alargador balanceado no-balanceado | Neutrik 6,3mm TS &#8211; 6,3mm TS hembra | HiFi"}]},{"@type":"WebSite","@id":"https:\/\/enoaudio.de\/es\/#website","url":"https:\/\/enoaudio.de\/es\/","name":"enoaudio","description":"HIgh Quality Cables for Professionals","publisher":{"@id":"https:\/\/enoaudio.de\/es\/#organization"},"potentialAction":[{"@type":"SearchAction","target":{"@type":"EntryPoint","urlTemplate":"https:\/\/enoaudio.de\/es\/?s={search_term_string}"},"query-input":{"@type":"PropertyValueSpecification","valueRequired":true,"valueName":"search_term_string"}}],"inLanguage":"es-ES"},{"@type":"Organization","@id":"https:\/\/enoaudio.de\/es\/#organization","name":"enoaudio","url":"https:\/\/enoaudio.de\/es\/","logo":{"@type":"ImageObject","inLanguage":"es-ES","@id":"https:\/\/enoaudio.de\/es\/#\/schema\/logo\/image\/","url":"https:\/\/enoaudio.de\/wordpress\/wp-content\/uploads\/2018\/02\/enoaudio_title.png","contentUrl":"https:\/\/enoaudio.de\/wordpress\/wp-content\/uploads\/2018\/02\/enoaudio_title.png","width":1018,"height":168,"caption":"enoaudio"},"image":{"@id":"https:\/\/enoaudio.de\/es\/#\/schema\/logo\/image\/"}}]},"og_availability":"instock","product_availability":"instock","product_retailer_item_id":"BST-M2534BK-26M36F","product_condition":"new"},"_links":{"self":[{"href":"https:\/\/enoaudio.de\/es\/wp-json\/wp\/v2\/product\/294395","targetHints":{"allow":["GET"]}}],"collection":[{"href":"https:\/\/enoaudio.de\/es\/wp-json\/wp\/v2\/product"}],"about":[{"href":"https:\/\/enoaudio.de\/es\/wp-json\/wp\/v2\/types\/product"}],"replies":[{"embeddable":true,"href":"https:\/\/enoaudio.de\/es\/wp-json\/wp\/v2\/comments?post=294395"}],"wp:featuredmedia":[{"embeddable":true,"href":"https:\/\/enoaudio.de\/es\/wp-json\/wp\/v2\/media\/324457"}],"wp:attachment":[{"href":"https:\/\/enoaudio.de\/es\/wp-json\/wp\/v2\/media?parent=294395"}],"wp:term":[{"taxonomy":"product_brand","embeddable":true,"href":"https:\/\/enoaudio.de\/es\/wp-json\/wp\/v2\/product_brand?post=294395"},{"taxonomy":"product_cat","embeddable":true,"href":"https:\/\/enoaudio.de\/es\/wp-json\/wp\/v2\/product_cat?post=294395"},{"taxonomy":"product_tag","embeddable":true,"href":"https:\/\/enoaudio.de\/es\/wp-json\/wp\/v2\/product_tag?post=294395"}],"curies":[{"name":"wp","href":"https:\/\/api.w.org\/{rel}","templated":true}]}}