{"id":294749,"date":"2024-05-23T13:01:29","date_gmt":"2024-05-16T10:24:20","guid":{"rendered":"https:\/\/enoaudio.de\/produkt\/bst-m2893bk-33lm3xf\/"},"modified":"2025-02-10T17:01:33","modified_gmt":"2025-02-10T16:01:33","slug":"bst-m2893bk-33lm3xf","status":"publish","type":"product","link":"https:\/\/enoaudio.de\/es\/produkt\/bst-m2893bk-33lm3xf\/","title":{"rendered":"[B-Stock] enoaudio Mogami 2893 Quad C\u00e1mara micr\u00f3fono Cable | Neutrik 3,5mm L Angle &#8211; XLR hembra"},"content":{"rendered":"<h4>B-Stock: Los productos B-Stock han sido probados y son completamente funcionales como nuevos. El exterior (cubierta, enchufe) puede tener peque\u00f1os ara\u00f1azos o suciedad. El cable tambi\u00e9n puede tener peque\u00f1as imperfecciones. Por favor, t\u00e9ngalo en cuenta antes de comprar.<\/h4>\n<p>El cable neglex miniatura Quad 2893 transmite se\u00f1ales sim\u00e9trico en cuatro tono ox\u00edgeno conductores y oprime forma eficaz la einstreuung se\u00f1ales de interferencia electromagn\u00e9tica. en comparaci\u00f3n con otros gu\u00edas de se\u00f1al exterior se\u00f1ales de interferencia para otros 15dB reduci\u00e9ndose sim\u00e9tricas. la escasa capacidad del cable garantiza reproducci\u00f3n transparencia y detalle del de la se\u00f1al de audio.<\/p><span>El cable es fabricado por Mogami en Jap\u00f3n y ensamblado individualmente en Alemania por enoaudio.<\/span><span>Cada cable est\u00e1 sujeto a extensas mediciones y pruebas antes de la entrega para garantizar la calidad.<\/span><span>enoaudio otorga una garant\u00eda de 10 a\u00f1os en estos cables desde la fecha de compra.<\/span>\n","protected":false},"excerpt":{"rendered":"<p>Cable: Mogami Neglex 2893Conector A:\u00a0Neutrik Gold 3,5mm TRS 90\u00b0 (NTP3 RC-B)Conector B:\u00a0Neutrik Gold XLR female (NC3 FXX-B)\n","protected":false},"featured_media":324931,"comment_status":"closed","ping_status":"closed","template":"","meta":{"_acf_changed":false},"product_brand":[],"product_cat":[866,539],"product_tag":[859,452,540],"class_list":{"0":"post-294749","1":"product","2":"type-product","3":"status-publish","4":"has-post-thumbnail","6":"product_cat-b-stock-es","7":"product_cat-kamera-kabel-es","8":"product_tag-b-stock-es","9":"product_tag-mogami-es","10":"product_tag-w2893-es","11":"pa_length-100cm-es","12":"pa_length-020cm-es","13":"pa_length-025cm-es","14":"pa_length-030cm-es","15":"pa_length-035cm-es","16":"pa_length-040cm-es","17":"pa_length-045cm-es","18":"pa_length-050cm-es","19":"pa_length-055cm-es","20":"pa_length-060cm-es","21":"pa_length-065cm-es","22":"pa_length-070cm-es","23":"pa_length-080cm-es","24":"pa_length-090cm-es","26":"first","27":"instock","28":"sale","29":"taxable","30":"shipping-taxable","31":"purchasable","32":"product-type-variable"},"acf":[],"yoast_head":"<!-- This site is optimized with the Yoast SEO plugin v27.1.1 - https:\/\/yoast.com\/product\/yoast-seo-wordpress\/ -->\n<title>[B-Stock] enoaudio Mogami 2893 Quad C\u00e1mara micr\u00f3fono Cable | Neutrik 3,5mm L Angle - XLR hembra - enoaudio<\/title>\n<meta name=\"robots\" content=\"index, follow, max-snippet:-1, max-image-preview:large, max-video-preview:-1\" \/>\n<link rel=\"canonical\" href=\"https:\/\/enoaudio.de\/es\/produkt\/bst-m2893bk-33lm3xf\/\" \/>\n<meta property=\"og:locale\" content=\"es_ES\" \/>\n<meta property=\"og:type\" content=\"article\" \/>\n<meta property=\"og:title\" content=\"[B-Stock] enoaudio Mogami 2893 Quad C\u00e1mara micr\u00f3fono Cable | Neutrik 3,5mm L Angle - XLR hembra - enoaudio\" \/>\n<meta property=\"og:description\" content=\"Cable: Conector A:\u00a0Conector B:\u00a0\" \/>\n<meta property=\"og:url\" content=\"https:\/\/enoaudio.de\/es\/produkt\/bst-m2893bk-33lm3xf\/\" \/>\n<meta property=\"og:site_name\" content=\"enoaudio\" \/>\n<meta property=\"article:modified_time\" content=\"2025-02-10T16:01:33+00:00\" \/>\n<meta property=\"og:image\" content=\"https:\/\/enoaudio.de\/wordpress\/wp-content\/uploads\/M2893BK-33LM3XF_Camera-Microphone-Cable-min-1.png\" \/>\n\t<meta property=\"og:image:width\" content=\"1800\" \/>\n\t<meta property=\"og:image:height\" content=\"1196\" \/>\n\t<meta property=\"og:image:type\" content=\"image\/png\" \/>\n<meta name=\"twitter:card\" content=\"summary_large_image\" \/>\n<meta name=\"twitter:label1\" content=\"Availability\" \/>\n\t<meta name=\"twitter:data1\" content=\"In stock\" \/>\n<script type=\"application\/ld+json\" class=\"yoast-schema-graph\">{\"@context\":\"https:\/\/schema.org\",\"@graph\":[{\"@type\":\"WebPage\",\"@id\":\"https:\/\/enoaudio.de\/es\/produkt\/bst-m2893bk-33lm3xf\/\",\"url\":\"https:\/\/enoaudio.de\/es\/produkt\/bst-m2893bk-33lm3xf\/\",\"name\":\"[B-Stock] enoaudio Mogami 2893 Quad C\u00e1mara micr\u00f3fono Cable | Neutrik 3,5mm L Angle - XLR hembra - enoaudio\",\"isPartOf\":{\"@id\":\"https:\/\/enoaudio.de\/es\/#website\"},\"primaryImageOfPage\":{\"@id\":\"https:\/\/enoaudio.de\/es\/produkt\/bst-m2893bk-33lm3xf\/#primaryimage\"},\"image\":{\"@id\":\"https:\/\/enoaudio.de\/es\/produkt\/bst-m2893bk-33lm3xf\/#primaryimage\"},\"thumbnailUrl\":\"https:\/\/enoaudio.de\/wp-content\/uploads\/M2893BK-33LM3XF_Camera-Microphone-Cable-min-1.png\",\"datePublished\":\"2024-05-16T10:24:20+00:00\",\"dateModified\":\"2025-02-10T16:01:33+00:00\",\"breadcrumb\":{\"@id\":\"https:\/\/enoaudio.de\/es\/produkt\/bst-m2893bk-33lm3xf\/#breadcrumb\"},\"inLanguage\":\"es-ES\",\"potentialAction\":[{\"@type\":\"ReadAction\",\"target\":[\"https:\/\/enoaudio.de\/es\/produkt\/bst-m2893bk-33lm3xf\/\"]}]},{\"@type\":\"ImageObject\",\"inLanguage\":\"es-ES\",\"@id\":\"https:\/\/enoaudio.de\/es\/produkt\/bst-m2893bk-33lm3xf\/#primaryimage\",\"url\":\"https:\/\/enoaudio.de\/wp-content\/uploads\/M2893BK-33LM3XF_Camera-Microphone-Cable-min-1.png\",\"contentUrl\":\"https:\/\/enoaudio.de\/wp-content\/uploads\/M2893BK-33LM3XF_Camera-Microphone-Cable-min-1.png\",\"width\":1800,\"height\":1196},{\"@type\":\"BreadcrumbList\",\"@id\":\"https:\/\/enoaudio.de\/es\/produkt\/bst-m2893bk-33lm3xf\/#breadcrumb\",\"itemListElement\":[{\"@type\":\"ListItem\",\"position\":1,\"name\":\"Startseite\",\"item\":\"https:\/\/enoaudio.de\/es\/tienda\/\"},{\"@type\":\"ListItem\",\"position\":2,\"name\":\"Tienda\",\"item\":\"https:\/\/enoaudio.de\/es\/tienda\/\"},{\"@type\":\"ListItem\",\"position\":3,\"name\":\"[B-Stock] enoaudio Mogami 2893 Quad C\u00e1mara micr\u00f3fono Cable | Neutrik 3,5mm L Angle &#8211; XLR hembra\"}]},{\"@type\":\"WebSite\",\"@id\":\"https:\/\/enoaudio.de\/es\/#website\",\"url\":\"https:\/\/enoaudio.de\/es\/\",\"name\":\"enoaudio\",\"description\":\"HIgh Quality Cables for Professionals\",\"publisher\":{\"@id\":\"https:\/\/enoaudio.de\/es\/#organization\"},\"potentialAction\":[{\"@type\":\"SearchAction\",\"target\":{\"@type\":\"EntryPoint\",\"urlTemplate\":\"https:\/\/enoaudio.de\/es\/?s={search_term_string}\"},\"query-input\":{\"@type\":\"PropertyValueSpecification\",\"valueRequired\":true,\"valueName\":\"search_term_string\"}}],\"inLanguage\":\"es-ES\"},{\"@type\":\"Organization\",\"@id\":\"https:\/\/enoaudio.de\/es\/#organization\",\"name\":\"enoaudio\",\"url\":\"https:\/\/enoaudio.de\/es\/\",\"logo\":{\"@type\":\"ImageObject\",\"inLanguage\":\"es-ES\",\"@id\":\"https:\/\/enoaudio.de\/es\/#\/schema\/logo\/image\/\",\"url\":\"https:\/\/enoaudio.de\/wordpress\/wp-content\/uploads\/2018\/02\/enoaudio_title.png\",\"contentUrl\":\"https:\/\/enoaudio.de\/wordpress\/wp-content\/uploads\/2018\/02\/enoaudio_title.png\",\"width\":1018,\"height\":168,\"caption\":\"enoaudio\"},\"image\":{\"@id\":\"https:\/\/enoaudio.de\/es\/#\/schema\/logo\/image\/\"}}]}<\/script>\n<meta property=\"og:availability\" content=\"instock\" \/>\n<meta property=\"product:availability\" content=\"instock\" \/>\n<meta property=\"product:retailer_item_id\" content=\"BST-M2893BK-33LM3XF\" \/>\n<meta property=\"product:condition\" content=\"new\" \/>\n<!-- \/ Yoast SEO plugin. -->","yoast_head_json":{"title":"[B-Stock] enoaudio Mogami 2893 Quad C\u00e1mara micr\u00f3fono Cable | Neutrik 3,5mm L Angle - XLR hembra - enoaudio","robots":{"index":"index","follow":"follow","max-snippet":"max-snippet:-1","max-image-preview":"max-image-preview:large","max-video-preview":"max-video-preview:-1"},"canonical":"https:\/\/enoaudio.de\/es\/produkt\/bst-m2893bk-33lm3xf\/","og_locale":"es_ES","og_type":"article","og_title":"[B-Stock] enoaudio Mogami 2893 Quad C\u00e1mara micr\u00f3fono Cable | Neutrik 3,5mm L Angle - XLR hembra - enoaudio","og_description":"Cable: Conector A:\u00a0Conector B:\u00a0","og_url":"https:\/\/enoaudio.de\/es\/produkt\/bst-m2893bk-33lm3xf\/","og_site_name":"enoaudio","article_modified_time":"2025-02-10T16:01:33+00:00","og_image":[{"width":1800,"height":1196,"url":"https:\/\/enoaudio.de\/wordpress\/wp-content\/uploads\/M2893BK-33LM3XF_Camera-Microphone-Cable-min-1.png","type":"image\/png"}],"twitter_card":"summary_large_image","twitter_misc":{"Availability":"In stock"},"schema":{"@context":"https:\/\/schema.org","@graph":[{"@type":"WebPage","@id":"https:\/\/enoaudio.de\/es\/produkt\/bst-m2893bk-33lm3xf\/","url":"https:\/\/enoaudio.de\/es\/produkt\/bst-m2893bk-33lm3xf\/","name":"[B-Stock] enoaudio Mogami 2893 Quad C\u00e1mara micr\u00f3fono Cable | Neutrik 3,5mm L Angle - XLR hembra - enoaudio","isPartOf":{"@id":"https:\/\/enoaudio.de\/es\/#website"},"primaryImageOfPage":{"@id":"https:\/\/enoaudio.de\/es\/produkt\/bst-m2893bk-33lm3xf\/#primaryimage"},"image":{"@id":"https:\/\/enoaudio.de\/es\/produkt\/bst-m2893bk-33lm3xf\/#primaryimage"},"thumbnailUrl":"https:\/\/enoaudio.de\/wp-content\/uploads\/M2893BK-33LM3XF_Camera-Microphone-Cable-min-1.png","datePublished":"2024-05-16T10:24:20+00:00","dateModified":"2025-02-10T16:01:33+00:00","breadcrumb":{"@id":"https:\/\/enoaudio.de\/es\/produkt\/bst-m2893bk-33lm3xf\/#breadcrumb"},"inLanguage":"es-ES","potentialAction":[{"@type":"ReadAction","target":["https:\/\/enoaudio.de\/es\/produkt\/bst-m2893bk-33lm3xf\/"]}]},{"@type":"ImageObject","inLanguage":"es-ES","@id":"https:\/\/enoaudio.de\/es\/produkt\/bst-m2893bk-33lm3xf\/#primaryimage","url":"https:\/\/enoaudio.de\/wp-content\/uploads\/M2893BK-33LM3XF_Camera-Microphone-Cable-min-1.png","contentUrl":"https:\/\/enoaudio.de\/wp-content\/uploads\/M2893BK-33LM3XF_Camera-Microphone-Cable-min-1.png","width":1800,"height":1196},{"@type":"BreadcrumbList","@id":"https:\/\/enoaudio.de\/es\/produkt\/bst-m2893bk-33lm3xf\/#breadcrumb","itemListElement":[{"@type":"ListItem","position":1,"name":"Startseite","item":"https:\/\/enoaudio.de\/es\/tienda\/"},{"@type":"ListItem","position":2,"name":"Tienda","item":"https:\/\/enoaudio.de\/es\/tienda\/"},{"@type":"ListItem","position":3,"name":"[B-Stock] enoaudio Mogami 2893 Quad C\u00e1mara micr\u00f3fono Cable | Neutrik 3,5mm L Angle &#8211; XLR hembra"}]},{"@type":"WebSite","@id":"https:\/\/enoaudio.de\/es\/#website","url":"https:\/\/enoaudio.de\/es\/","name":"enoaudio","description":"HIgh Quality Cables for Professionals","publisher":{"@id":"https:\/\/enoaudio.de\/es\/#organization"},"potentialAction":[{"@type":"SearchAction","target":{"@type":"EntryPoint","urlTemplate":"https:\/\/enoaudio.de\/es\/?s={search_term_string}"},"query-input":{"@type":"PropertyValueSpecification","valueRequired":true,"valueName":"search_term_string"}}],"inLanguage":"es-ES"},{"@type":"Organization","@id":"https:\/\/enoaudio.de\/es\/#organization","name":"enoaudio","url":"https:\/\/enoaudio.de\/es\/","logo":{"@type":"ImageObject","inLanguage":"es-ES","@id":"https:\/\/enoaudio.de\/es\/#\/schema\/logo\/image\/","url":"https:\/\/enoaudio.de\/wordpress\/wp-content\/uploads\/2018\/02\/enoaudio_title.png","contentUrl":"https:\/\/enoaudio.de\/wordpress\/wp-content\/uploads\/2018\/02\/enoaudio_title.png","width":1018,"height":168,"caption":"enoaudio"},"image":{"@id":"https:\/\/enoaudio.de\/es\/#\/schema\/logo\/image\/"}}]},"og_availability":"instock","product_availability":"instock","product_retailer_item_id":"BST-M2893BK-33LM3XF","product_condition":"new"},"_links":{"self":[{"href":"https:\/\/enoaudio.de\/es\/wp-json\/wp\/v2\/product\/294749","targetHints":{"allow":["GET"]}}],"collection":[{"href":"https:\/\/enoaudio.de\/es\/wp-json\/wp\/v2\/product"}],"about":[{"href":"https:\/\/enoaudio.de\/es\/wp-json\/wp\/v2\/types\/product"}],"replies":[{"embeddable":true,"href":"https:\/\/enoaudio.de\/es\/wp-json\/wp\/v2\/comments?post=294749"}],"wp:featuredmedia":[{"embeddable":true,"href":"https:\/\/enoaudio.de\/es\/wp-json\/wp\/v2\/media\/324931"}],"wp:attachment":[{"href":"https:\/\/enoaudio.de\/es\/wp-json\/wp\/v2\/media?parent=294749"}],"wp:term":[{"taxonomy":"product_brand","embeddable":true,"href":"https:\/\/enoaudio.de\/es\/wp-json\/wp\/v2\/product_brand?post=294749"},{"taxonomy":"product_cat","embeddable":true,"href":"https:\/\/enoaudio.de\/es\/wp-json\/wp\/v2\/product_cat?post=294749"},{"taxonomy":"product_tag","embeddable":true,"href":"https:\/\/enoaudio.de\/es\/wp-json\/wp\/v2\/product_tag?post=294749"}],"curies":[{"name":"wp","href":"https:\/\/api.w.org\/{rel}","templated":true}]}}