{"id":294962,"date":"2024-05-23T13:00:36","date_gmt":"2024-05-16T10:29:52","guid":{"rendered":"https:\/\/enoaudio.de\/produkt\/bst-m2964bl-2bm2rm\/"},"modified":"2025-02-11T17:03:18","modified_gmt":"2025-02-11T16:03:18","slug":"bst-m2964bl-2bm2rm","status":"publish","type":"product","link":"https:\/\/enoaudio.de\/es\/produkt\/bst-m2964bl-2bm2rm\/","title":{"rendered":"[B-Stock] enoaudio Mogami 2964 Digital Coaxial Cable 75 Ohm | Canare Gold RCA &#8211; BNC | HiFi"},"content":{"rendered":"<h4>B-Stock: Los productos B-Stock han sido probados y son completamente funcionales como nuevos. El exterior (cubierta, enchufe) puede tener peque\u00f1os ara\u00f1azos o suciedad. El cable tambi\u00e9n puede tener peque\u00f1as imperfecciones. Por favor, t\u00e9ngalo en cuenta antes de comprar.<\/h4>\n<p>El cable digital MOGAMI 2964 tiene un di\u00e1metro de solo 4,8 mm y es extremadamente flexible. Los par\u00e1metros t\u00e9cnicos est\u00e1n dise\u00f1ados precisamente para la transmisi\u00f3n de word clock de alta frecuencia, MADI y se\u00f1ales de video. La impedancia de 75 ohmios est\u00e1 garantizada con una tolerancia de solo \u00b1 10%. Un doble escudo en espiral protege extremadamente eficazmente de la interferencia.<\/p><span>El cable es fabricado por Mogami en Jap\u00f3n y ensamblado individualmente en Alemania por enoaudio.<\/span><span>Cada cable est\u00e1 sujeto a extensas mediciones y pruebas antes de la entrega para garantizar la calidad.<\/span><span>enoaudio otorga una garant\u00eda de 10 a\u00f1os en estos cables desde la fecha de compra.<\/span>\n","protected":false},"excerpt":{"rendered":"<p>Cable: Mogami Neglex 2964\nConector A:\u00a0Canare Gold BNC (BCP-A3F)\nConector B:\u00a0Canare Gold RCA (RCAP-C3F)\n","protected":false},"featured_media":302072,"comment_status":"closed","ping_status":"closed","template":"","meta":{"_acf_changed":false},"product_brand":[],"product_cat":[866,508],"product_tag":[859,452,509],"class_list":{"0":"post-294962","1":"product","2":"type-product","3":"status-publish","4":"has-post-thumbnail","6":"product_cat-b-stock-es","7":"product_cat-digital-kabel-es","8":"product_tag-b-stock-es","9":"product_tag-mogami-es","10":"product_tag-w2964-es","11":"pa_length-0050m-es","12":"pa_length-0100m-es","13":"pa_length-0150m-es","14":"pa_length-1000m-es","15":"pa_length-0200m-es","16":"pa_length-0300m-es","17":"pa_length-0500m-es","18":"pa_length-0700m-es","20":"first","21":"instock","22":"sale","23":"taxable","24":"shipping-taxable","25":"purchasable","26":"product-type-variable"},"acf":[],"yoast_head":"<!-- This site is optimized with the Yoast SEO plugin v27.1.1 - https:\/\/yoast.com\/product\/yoast-seo-wordpress\/ -->\n<title>[B-Stock] enoaudio Mogami 2964 Digital Coaxial Cable 75 Ohm | Canare Gold RCA - BNC | HiFi - enoaudio<\/title>\n<meta name=\"robots\" content=\"index, follow, max-snippet:-1, max-image-preview:large, max-video-preview:-1\" \/>\n<link rel=\"canonical\" href=\"https:\/\/enoaudio.de\/es\/produkt\/bst-m2964bl-2bm2rm\/\" \/>\n<meta property=\"og:locale\" content=\"es_ES\" \/>\n<meta property=\"og:type\" content=\"article\" \/>\n<meta property=\"og:title\" content=\"[B-Stock] enoaudio Mogami 2964 Digital Coaxial Cable 75 Ohm | Canare Gold RCA - BNC | HiFi - enoaudio\" \/>\n<meta property=\"og:description\" content=\"Cable: Conector A:\u00a0 Conector B:\u00a0\" \/>\n<meta property=\"og:url\" content=\"https:\/\/enoaudio.de\/es\/produkt\/bst-m2964bl-2bm2rm\/\" \/>\n<meta property=\"og:site_name\" content=\"enoaudio\" \/>\n<meta property=\"article:modified_time\" content=\"2025-02-11T16:03:18+00:00\" \/>\n<meta property=\"og:image\" content=\"https:\/\/enoaudio.de\/wordpress\/wp-content\/uploads\/DSC_0901e-scaled.webp\" \/>\n\t<meta property=\"og:image:width\" content=\"2560\" \/>\n\t<meta property=\"og:image:height\" content=\"1700\" \/>\n\t<meta property=\"og:image:type\" content=\"image\/webp\" \/>\n<meta name=\"twitter:card\" content=\"summary_large_image\" \/>\n<meta name=\"twitter:label1\" content=\"Availability\" \/>\n\t<meta name=\"twitter:data1\" content=\"In stock\" \/>\n<script type=\"application\/ld+json\" class=\"yoast-schema-graph\">{\"@context\":\"https:\/\/schema.org\",\"@graph\":[{\"@type\":\"WebPage\",\"@id\":\"https:\/\/enoaudio.de\/es\/produkt\/bst-m2964bl-2bm2rm\/\",\"url\":\"https:\/\/enoaudio.de\/es\/produkt\/bst-m2964bl-2bm2rm\/\",\"name\":\"[B-Stock] enoaudio Mogami 2964 Digital Coaxial Cable 75 Ohm | Canare Gold RCA - BNC | HiFi - enoaudio\",\"isPartOf\":{\"@id\":\"https:\/\/enoaudio.de\/es\/#website\"},\"primaryImageOfPage\":{\"@id\":\"https:\/\/enoaudio.de\/es\/produkt\/bst-m2964bl-2bm2rm\/#primaryimage\"},\"image\":{\"@id\":\"https:\/\/enoaudio.de\/es\/produkt\/bst-m2964bl-2bm2rm\/#primaryimage\"},\"thumbnailUrl\":\"https:\/\/enoaudio.de\/wp-content\/uploads\/M2964BL-2BM2RM_Digital-Coaxial-Cable-75-Ohm-min.png\",\"datePublished\":\"2024-05-16T10:29:52+00:00\",\"dateModified\":\"2025-02-11T16:03:18+00:00\",\"breadcrumb\":{\"@id\":\"https:\/\/enoaudio.de\/es\/produkt\/bst-m2964bl-2bm2rm\/#breadcrumb\"},\"inLanguage\":\"es-ES\",\"potentialAction\":[{\"@type\":\"ReadAction\",\"target\":[\"https:\/\/enoaudio.de\/es\/produkt\/bst-m2964bl-2bm2rm\/\"]}]},{\"@type\":\"ImageObject\",\"inLanguage\":\"es-ES\",\"@id\":\"https:\/\/enoaudio.de\/es\/produkt\/bst-m2964bl-2bm2rm\/#primaryimage\",\"url\":\"https:\/\/enoaudio.de\/wp-content\/uploads\/M2964BL-2BM2RM_Digital-Coaxial-Cable-75-Ohm-min.png\",\"contentUrl\":\"https:\/\/enoaudio.de\/wp-content\/uploads\/M2964BL-2BM2RM_Digital-Coaxial-Cable-75-Ohm-min.png\",\"width\":1800,\"height\":1196},{\"@type\":\"BreadcrumbList\",\"@id\":\"https:\/\/enoaudio.de\/es\/produkt\/bst-m2964bl-2bm2rm\/#breadcrumb\",\"itemListElement\":[{\"@type\":\"ListItem\",\"position\":1,\"name\":\"Startseite\",\"item\":\"https:\/\/enoaudio.de\/es\/tienda\/\"},{\"@type\":\"ListItem\",\"position\":2,\"name\":\"Tienda\",\"item\":\"https:\/\/enoaudio.de\/es\/tienda\/\"},{\"@type\":\"ListItem\",\"position\":3,\"name\":\"[B-Stock] enoaudio Mogami 2964 Digital Coaxial Cable 75 Ohm | Canare Gold RCA &#8211; BNC | HiFi\"}]},{\"@type\":\"WebSite\",\"@id\":\"https:\/\/enoaudio.de\/es\/#website\",\"url\":\"https:\/\/enoaudio.de\/es\/\",\"name\":\"enoaudio\",\"description\":\"HIgh Quality Cables for Professionals\",\"publisher\":{\"@id\":\"https:\/\/enoaudio.de\/es\/#organization\"},\"potentialAction\":[{\"@type\":\"SearchAction\",\"target\":{\"@type\":\"EntryPoint\",\"urlTemplate\":\"https:\/\/enoaudio.de\/es\/?s={search_term_string}\"},\"query-input\":{\"@type\":\"PropertyValueSpecification\",\"valueRequired\":true,\"valueName\":\"search_term_string\"}}],\"inLanguage\":\"es-ES\"},{\"@type\":\"Organization\",\"@id\":\"https:\/\/enoaudio.de\/es\/#organization\",\"name\":\"enoaudio\",\"url\":\"https:\/\/enoaudio.de\/es\/\",\"logo\":{\"@type\":\"ImageObject\",\"inLanguage\":\"es-ES\",\"@id\":\"https:\/\/enoaudio.de\/es\/#\/schema\/logo\/image\/\",\"url\":\"https:\/\/enoaudio.de\/wordpress\/wp-content\/uploads\/2018\/02\/enoaudio_title.png\",\"contentUrl\":\"https:\/\/enoaudio.de\/wordpress\/wp-content\/uploads\/2018\/02\/enoaudio_title.png\",\"width\":1018,\"height\":168,\"caption\":\"enoaudio\"},\"image\":{\"@id\":\"https:\/\/enoaudio.de\/es\/#\/schema\/logo\/image\/\"}}]}<\/script>\n<meta property=\"og:availability\" content=\"instock\" \/>\n<meta property=\"product:availability\" content=\"instock\" \/>\n<meta property=\"product:retailer_item_id\" content=\"BST-M2964BL-2BM2RM\" \/>\n<meta property=\"product:condition\" content=\"new\" \/>\n<!-- \/ Yoast SEO plugin. -->","yoast_head_json":{"title":"[B-Stock] enoaudio Mogami 2964 Digital Coaxial Cable 75 Ohm | Canare Gold RCA - BNC | HiFi - enoaudio","robots":{"index":"index","follow":"follow","max-snippet":"max-snippet:-1","max-image-preview":"max-image-preview:large","max-video-preview":"max-video-preview:-1"},"canonical":"https:\/\/enoaudio.de\/es\/produkt\/bst-m2964bl-2bm2rm\/","og_locale":"es_ES","og_type":"article","og_title":"[B-Stock] enoaudio Mogami 2964 Digital Coaxial Cable 75 Ohm | Canare Gold RCA - BNC | HiFi - enoaudio","og_description":"Cable: Conector A:\u00a0 Conector B:\u00a0","og_url":"https:\/\/enoaudio.de\/es\/produkt\/bst-m2964bl-2bm2rm\/","og_site_name":"enoaudio","article_modified_time":"2025-02-11T16:03:18+00:00","og_image":[{"width":2560,"height":1700,"url":"https:\/\/enoaudio.de\/wordpress\/wp-content\/uploads\/DSC_0901e-scaled.webp","type":"image\/webp"}],"twitter_card":"summary_large_image","twitter_misc":{"Availability":"In stock"},"schema":{"@context":"https:\/\/schema.org","@graph":[{"@type":"WebPage","@id":"https:\/\/enoaudio.de\/es\/produkt\/bst-m2964bl-2bm2rm\/","url":"https:\/\/enoaudio.de\/es\/produkt\/bst-m2964bl-2bm2rm\/","name":"[B-Stock] enoaudio Mogami 2964 Digital Coaxial Cable 75 Ohm | Canare Gold RCA - BNC | HiFi - enoaudio","isPartOf":{"@id":"https:\/\/enoaudio.de\/es\/#website"},"primaryImageOfPage":{"@id":"https:\/\/enoaudio.de\/es\/produkt\/bst-m2964bl-2bm2rm\/#primaryimage"},"image":{"@id":"https:\/\/enoaudio.de\/es\/produkt\/bst-m2964bl-2bm2rm\/#primaryimage"},"thumbnailUrl":"https:\/\/enoaudio.de\/wp-content\/uploads\/M2964BL-2BM2RM_Digital-Coaxial-Cable-75-Ohm-min.png","datePublished":"2024-05-16T10:29:52+00:00","dateModified":"2025-02-11T16:03:18+00:00","breadcrumb":{"@id":"https:\/\/enoaudio.de\/es\/produkt\/bst-m2964bl-2bm2rm\/#breadcrumb"},"inLanguage":"es-ES","potentialAction":[{"@type":"ReadAction","target":["https:\/\/enoaudio.de\/es\/produkt\/bst-m2964bl-2bm2rm\/"]}]},{"@type":"ImageObject","inLanguage":"es-ES","@id":"https:\/\/enoaudio.de\/es\/produkt\/bst-m2964bl-2bm2rm\/#primaryimage","url":"https:\/\/enoaudio.de\/wp-content\/uploads\/M2964BL-2BM2RM_Digital-Coaxial-Cable-75-Ohm-min.png","contentUrl":"https:\/\/enoaudio.de\/wp-content\/uploads\/M2964BL-2BM2RM_Digital-Coaxial-Cable-75-Ohm-min.png","width":1800,"height":1196},{"@type":"BreadcrumbList","@id":"https:\/\/enoaudio.de\/es\/produkt\/bst-m2964bl-2bm2rm\/#breadcrumb","itemListElement":[{"@type":"ListItem","position":1,"name":"Startseite","item":"https:\/\/enoaudio.de\/es\/tienda\/"},{"@type":"ListItem","position":2,"name":"Tienda","item":"https:\/\/enoaudio.de\/es\/tienda\/"},{"@type":"ListItem","position":3,"name":"[B-Stock] enoaudio Mogami 2964 Digital Coaxial Cable 75 Ohm | Canare Gold RCA &#8211; BNC | HiFi"}]},{"@type":"WebSite","@id":"https:\/\/enoaudio.de\/es\/#website","url":"https:\/\/enoaudio.de\/es\/","name":"enoaudio","description":"HIgh Quality Cables for Professionals","publisher":{"@id":"https:\/\/enoaudio.de\/es\/#organization"},"potentialAction":[{"@type":"SearchAction","target":{"@type":"EntryPoint","urlTemplate":"https:\/\/enoaudio.de\/es\/?s={search_term_string}"},"query-input":{"@type":"PropertyValueSpecification","valueRequired":true,"valueName":"search_term_string"}}],"inLanguage":"es-ES"},{"@type":"Organization","@id":"https:\/\/enoaudio.de\/es\/#organization","name":"enoaudio","url":"https:\/\/enoaudio.de\/es\/","logo":{"@type":"ImageObject","inLanguage":"es-ES","@id":"https:\/\/enoaudio.de\/es\/#\/schema\/logo\/image\/","url":"https:\/\/enoaudio.de\/wordpress\/wp-content\/uploads\/2018\/02\/enoaudio_title.png","contentUrl":"https:\/\/enoaudio.de\/wordpress\/wp-content\/uploads\/2018\/02\/enoaudio_title.png","width":1018,"height":168,"caption":"enoaudio"},"image":{"@id":"https:\/\/enoaudio.de\/es\/#\/schema\/logo\/image\/"}}]},"og_availability":"instock","product_availability":"instock","product_retailer_item_id":"BST-M2964BL-2BM2RM","product_condition":"new"},"_links":{"self":[{"href":"https:\/\/enoaudio.de\/es\/wp-json\/wp\/v2\/product\/294962","targetHints":{"allow":["GET"]}}],"collection":[{"href":"https:\/\/enoaudio.de\/es\/wp-json\/wp\/v2\/product"}],"about":[{"href":"https:\/\/enoaudio.de\/es\/wp-json\/wp\/v2\/types\/product"}],"replies":[{"embeddable":true,"href":"https:\/\/enoaudio.de\/es\/wp-json\/wp\/v2\/comments?post=294962"}],"wp:featuredmedia":[{"embeddable":true,"href":"https:\/\/enoaudio.de\/es\/wp-json\/wp\/v2\/media\/302072"}],"wp:attachment":[{"href":"https:\/\/enoaudio.de\/es\/wp-json\/wp\/v2\/media?parent=294962"}],"wp:term":[{"taxonomy":"product_brand","embeddable":true,"href":"https:\/\/enoaudio.de\/es\/wp-json\/wp\/v2\/product_brand?post=294962"},{"taxonomy":"product_cat","embeddable":true,"href":"https:\/\/enoaudio.de\/es\/wp-json\/wp\/v2\/product_cat?post=294962"},{"taxonomy":"product_tag","embeddable":true,"href":"https:\/\/enoaudio.de\/es\/wp-json\/wp\/v2\/product_tag?post=294962"}],"curies":[{"name":"wp","href":"https:\/\/api.w.org\/{rel}","templated":true}]}}