{"id":295048,"date":"2024-05-23T13:20:03","date_gmt":"2024-05-16T10:31:48","guid":{"rendered":"https:\/\/enoaudio.de\/produkt\/bst-m3106bk-36m26m-y\/"},"modified":"2026-04-13T19:35:39","modified_gmt":"2026-04-13T17:35:39","slug":"bst-m3106bk-36m26m-y","status":"publish","type":"product","link":"https:\/\/enoaudio.de\/es\/produkt\/bst-m3106bk-36m26m-y\/","title":{"rendered":"[B-Stock] enoaudio Mogami 3106 micr\u00f3fono est\u00e9reo Y-Cable | Neutrik 6,3mm TRS \u2013 Neutrik 6,3mm TS (L,R) | HiFi"},"content":{"rendered":"<h4>B-Stock: Los productos B-Stock han sido probados y son completamente funcionales como nuevos. El exterior (cubierta, enchufe) puede tener peque\u00f1os ara\u00f1azos o suciedad. El cable tambi\u00e9n puede tener peque\u00f1as imperfecciones. Por favor, t\u00e9ngalo en cuenta antes de comprar.<\/h4>\nEl 3106 es la variante est\u00e9reo del popular cable de micr\u00f3fono 2549. Ofrece especificaciones profesionales y una excelente calidad de sonido para muchas aplicaciones donde se transmiten se\u00f1ales est\u00e9reo, en el estudio y en el escenario. El poco ruido de fondo y la baja capacidad del cable garantizan una transparencia sin adulterar y una gran riqueza de detalles en la se\u00f1al de audio transmitida. Para que sea m\u00e1s f\u00e1cil distinguir entre los dos canales, est\u00e1n marcados de manera diferente en todas partes. El 3106 tambi\u00e9n se recomienda para tramos largos de cable.\n<span>El cable es fabricado por Mogami en Jap\u00f3n y ensamblado individualmente en Alemania por enoaudio.<\/span>\n<span>Cada cable est\u00e1 sujeto a extensas mediciones y pruebas antes de la entrega para garantizar la calidad.<\/span><span>enoaudio otorga una garant\u00eda de 10 a\u00f1os en estos cables desde la fecha de compra.<\/span>\n","protected":false},"excerpt":{"rendered":"<p>Cable: Mogami Neglex 3106\nConector A:\u00a0Neutrik Gold 6,35mm TRS (NP3 X-B)\nConector B:\u00a0Neutrik Gold 6,35mm TS (NP2 X-B)\n","protected":false},"featured_media":324336,"comment_status":"closed","ping_status":"closed","template":"","meta":{"_acf_changed":false},"product_brand":[],"product_cat":[866,535],"product_tag":[859,452],"class_list":{"0":"post-295048","1":"product","2":"type-product","3":"status-publish","4":"has-post-thumbnail","6":"product_cat-b-stock-es","7":"product_cat-y-kabel-es","8":"product_tag-b-stock-es","9":"product_tag-mogami-es","10":"pa_length-0050m-es","11":"pa_length-0100m-es","12":"pa_length-0150m-es","13":"pa_length-1000m-es","14":"pa_length-0200m-es","15":"pa_length-0300m-es","16":"pa_length-0500m-es","17":"pa_length-0700m-es","19":"first","20":"outofstock","21":"sale","22":"taxable","23":"shipping-taxable","24":"purchasable","25":"product-type-variable"},"acf":[],"yoast_head":"<!-- This site is optimized with the Yoast SEO plugin v27.1.1 - https:\/\/yoast.com\/product\/yoast-seo-wordpress\/ -->\n<title>[B-Stock] enoaudio Mogami 3106 micr\u00f3fono est\u00e9reo Y-Cable | Neutrik 6,3mm TRS \u2013 Neutrik 6,3mm TS (L,R) | HiFi - enoaudio<\/title>\n<meta name=\"robots\" content=\"index, follow, max-snippet:-1, max-image-preview:large, max-video-preview:-1\" \/>\n<link rel=\"canonical\" href=\"https:\/\/enoaudio.de\/es\/produkt\/bst-m3106bk-36m26m-y\/\" \/>\n<meta property=\"og:locale\" content=\"es_ES\" \/>\n<meta property=\"og:type\" content=\"article\" \/>\n<meta property=\"og:title\" content=\"[B-Stock] enoaudio Mogami 3106 micr\u00f3fono est\u00e9reo Y-Cable | Neutrik 6,3mm TRS \u2013 Neutrik 6,3mm TS (L,R) | HiFi - enoaudio\" \/>\n<meta property=\"og:description\" content=\"Cable: Conector A:\u00a0 Conector B:\u00a0\" \/>\n<meta property=\"og:url\" content=\"https:\/\/enoaudio.de\/es\/produkt\/bst-m3106bk-36m26m-y\/\" \/>\n<meta property=\"og:site_name\" content=\"enoaudio\" \/>\n<meta property=\"article:modified_time\" content=\"2026-04-13T17:35:39+00:00\" \/>\n<meta property=\"og:image\" content=\"https:\/\/enoaudio.de\/wordpress\/wp-content\/uploads\/M3106BK-36M26M-Y_Y-Audio-cable-2.png\" \/>\n\t<meta property=\"og:image:width\" content=\"1800\" \/>\n\t<meta property=\"og:image:height\" content=\"1200\" \/>\n\t<meta property=\"og:image:type\" content=\"image\/png\" \/>\n<meta name=\"twitter:card\" content=\"summary_large_image\" \/>\n<meta name=\"twitter:label1\" content=\"Availability\" \/>\n\t<meta name=\"twitter:data1\" content=\"Out of stock\" \/>\n<script type=\"application\/ld+json\" class=\"yoast-schema-graph\">{\"@context\":\"https:\/\/schema.org\",\"@graph\":[{\"@type\":\"WebPage\",\"@id\":\"https:\/\/enoaudio.de\/es\/produkt\/bst-m3106bk-36m26m-y\/\",\"url\":\"https:\/\/enoaudio.de\/es\/produkt\/bst-m3106bk-36m26m-y\/\",\"name\":\"[B-Stock] enoaudio Mogami 3106 micr\u00f3fono est\u00e9reo Y-Cable | Neutrik 6,3mm TRS \u2013 Neutrik 6,3mm TS (L,R) | HiFi - enoaudio\",\"isPartOf\":{\"@id\":\"https:\/\/enoaudio.de\/es\/#website\"},\"primaryImageOfPage\":{\"@id\":\"https:\/\/enoaudio.de\/es\/produkt\/bst-m3106bk-36m26m-y\/#primaryimage\"},\"image\":{\"@id\":\"https:\/\/enoaudio.de\/es\/produkt\/bst-m3106bk-36m26m-y\/#primaryimage\"},\"thumbnailUrl\":\"https:\/\/enoaudio.de\/wp-content\/uploads\/M3106BK-36M26M-Y_Y-Audio-cable-2.png\",\"datePublished\":\"2024-05-16T10:31:48+00:00\",\"dateModified\":\"2026-04-13T17:35:39+00:00\",\"breadcrumb\":{\"@id\":\"https:\/\/enoaudio.de\/es\/produkt\/bst-m3106bk-36m26m-y\/#breadcrumb\"},\"inLanguage\":\"es-ES\",\"potentialAction\":[{\"@type\":\"ReadAction\",\"target\":[\"https:\/\/enoaudio.de\/es\/produkt\/bst-m3106bk-36m26m-y\/\"]}]},{\"@type\":\"ImageObject\",\"inLanguage\":\"es-ES\",\"@id\":\"https:\/\/enoaudio.de\/es\/produkt\/bst-m3106bk-36m26m-y\/#primaryimage\",\"url\":\"https:\/\/enoaudio.de\/wp-content\/uploads\/M3106BK-36M26M-Y_Y-Audio-cable-2.png\",\"contentUrl\":\"https:\/\/enoaudio.de\/wp-content\/uploads\/M3106BK-36M26M-Y_Y-Audio-cable-2.png\",\"width\":1800,\"height\":1200},{\"@type\":\"BreadcrumbList\",\"@id\":\"https:\/\/enoaudio.de\/es\/produkt\/bst-m3106bk-36m26m-y\/#breadcrumb\",\"itemListElement\":[{\"@type\":\"ListItem\",\"position\":1,\"name\":\"Startseite\",\"item\":\"https:\/\/enoaudio.de\/es\/tienda\/\"},{\"@type\":\"ListItem\",\"position\":2,\"name\":\"Tienda\",\"item\":\"https:\/\/enoaudio.de\/es\/tienda\/\"},{\"@type\":\"ListItem\",\"position\":3,\"name\":\"[B-Stock] enoaudio Mogami 3106 micr\u00f3fono est\u00e9reo Y-Cable | Neutrik 6,3mm TRS \u2013 Neutrik 6,3mm TS (L,R) | HiFi\"}]},{\"@type\":\"WebSite\",\"@id\":\"https:\/\/enoaudio.de\/es\/#website\",\"url\":\"https:\/\/enoaudio.de\/es\/\",\"name\":\"enoaudio\",\"description\":\"HIgh Quality Cables for Professionals\",\"publisher\":{\"@id\":\"https:\/\/enoaudio.de\/es\/#organization\"},\"potentialAction\":[{\"@type\":\"SearchAction\",\"target\":{\"@type\":\"EntryPoint\",\"urlTemplate\":\"https:\/\/enoaudio.de\/es\/?s={search_term_string}\"},\"query-input\":{\"@type\":\"PropertyValueSpecification\",\"valueRequired\":true,\"valueName\":\"search_term_string\"}}],\"inLanguage\":\"es-ES\"},{\"@type\":\"Organization\",\"@id\":\"https:\/\/enoaudio.de\/es\/#organization\",\"name\":\"enoaudio\",\"url\":\"https:\/\/enoaudio.de\/es\/\",\"logo\":{\"@type\":\"ImageObject\",\"inLanguage\":\"es-ES\",\"@id\":\"https:\/\/enoaudio.de\/es\/#\/schema\/logo\/image\/\",\"url\":\"https:\/\/enoaudio.de\/wordpress\/wp-content\/uploads\/2018\/02\/enoaudio_title.png\",\"contentUrl\":\"https:\/\/enoaudio.de\/wordpress\/wp-content\/uploads\/2018\/02\/enoaudio_title.png\",\"width\":1018,\"height\":168,\"caption\":\"enoaudio\"},\"image\":{\"@id\":\"https:\/\/enoaudio.de\/es\/#\/schema\/logo\/image\/\"}}]}<\/script>\n<meta property=\"og:availability\" content=\"out of stock\" \/>\n<meta property=\"product:availability\" content=\"out of stock\" \/>\n<meta property=\"product:retailer_item_id\" content=\"BST-M3106BK-36M26M-Y\" \/>\n<meta property=\"product:condition\" content=\"new\" \/>\n<!-- \/ Yoast SEO plugin. -->","yoast_head_json":{"title":"[B-Stock] enoaudio Mogami 3106 micr\u00f3fono est\u00e9reo Y-Cable | Neutrik 6,3mm TRS \u2013 Neutrik 6,3mm TS (L,R) | HiFi - enoaudio","robots":{"index":"index","follow":"follow","max-snippet":"max-snippet:-1","max-image-preview":"max-image-preview:large","max-video-preview":"max-video-preview:-1"},"canonical":"https:\/\/enoaudio.de\/es\/produkt\/bst-m3106bk-36m26m-y\/","og_locale":"es_ES","og_type":"article","og_title":"[B-Stock] enoaudio Mogami 3106 micr\u00f3fono est\u00e9reo Y-Cable | Neutrik 6,3mm TRS \u2013 Neutrik 6,3mm TS (L,R) | HiFi - enoaudio","og_description":"Cable: Conector A:\u00a0 Conector B:\u00a0","og_url":"https:\/\/enoaudio.de\/es\/produkt\/bst-m3106bk-36m26m-y\/","og_site_name":"enoaudio","article_modified_time":"2026-04-13T17:35:39+00:00","og_image":[{"width":1800,"height":1200,"url":"https:\/\/enoaudio.de\/wordpress\/wp-content\/uploads\/M3106BK-36M26M-Y_Y-Audio-cable-2.png","type":"image\/png"}],"twitter_card":"summary_large_image","twitter_misc":{"Availability":"Out of stock"},"schema":{"@context":"https:\/\/schema.org","@graph":[{"@type":"WebPage","@id":"https:\/\/enoaudio.de\/es\/produkt\/bst-m3106bk-36m26m-y\/","url":"https:\/\/enoaudio.de\/es\/produkt\/bst-m3106bk-36m26m-y\/","name":"[B-Stock] enoaudio Mogami 3106 micr\u00f3fono est\u00e9reo Y-Cable | Neutrik 6,3mm TRS \u2013 Neutrik 6,3mm TS (L,R) | HiFi - enoaudio","isPartOf":{"@id":"https:\/\/enoaudio.de\/es\/#website"},"primaryImageOfPage":{"@id":"https:\/\/enoaudio.de\/es\/produkt\/bst-m3106bk-36m26m-y\/#primaryimage"},"image":{"@id":"https:\/\/enoaudio.de\/es\/produkt\/bst-m3106bk-36m26m-y\/#primaryimage"},"thumbnailUrl":"https:\/\/enoaudio.de\/wp-content\/uploads\/M3106BK-36M26M-Y_Y-Audio-cable-2.png","datePublished":"2024-05-16T10:31:48+00:00","dateModified":"2026-04-13T17:35:39+00:00","breadcrumb":{"@id":"https:\/\/enoaudio.de\/es\/produkt\/bst-m3106bk-36m26m-y\/#breadcrumb"},"inLanguage":"es-ES","potentialAction":[{"@type":"ReadAction","target":["https:\/\/enoaudio.de\/es\/produkt\/bst-m3106bk-36m26m-y\/"]}]},{"@type":"ImageObject","inLanguage":"es-ES","@id":"https:\/\/enoaudio.de\/es\/produkt\/bst-m3106bk-36m26m-y\/#primaryimage","url":"https:\/\/enoaudio.de\/wp-content\/uploads\/M3106BK-36M26M-Y_Y-Audio-cable-2.png","contentUrl":"https:\/\/enoaudio.de\/wp-content\/uploads\/M3106BK-36M26M-Y_Y-Audio-cable-2.png","width":1800,"height":1200},{"@type":"BreadcrumbList","@id":"https:\/\/enoaudio.de\/es\/produkt\/bst-m3106bk-36m26m-y\/#breadcrumb","itemListElement":[{"@type":"ListItem","position":1,"name":"Startseite","item":"https:\/\/enoaudio.de\/es\/tienda\/"},{"@type":"ListItem","position":2,"name":"Tienda","item":"https:\/\/enoaudio.de\/es\/tienda\/"},{"@type":"ListItem","position":3,"name":"[B-Stock] enoaudio Mogami 3106 micr\u00f3fono est\u00e9reo Y-Cable | Neutrik 6,3mm TRS \u2013 Neutrik 6,3mm TS (L,R) | HiFi"}]},{"@type":"WebSite","@id":"https:\/\/enoaudio.de\/es\/#website","url":"https:\/\/enoaudio.de\/es\/","name":"enoaudio","description":"HIgh Quality Cables for Professionals","publisher":{"@id":"https:\/\/enoaudio.de\/es\/#organization"},"potentialAction":[{"@type":"SearchAction","target":{"@type":"EntryPoint","urlTemplate":"https:\/\/enoaudio.de\/es\/?s={search_term_string}"},"query-input":{"@type":"PropertyValueSpecification","valueRequired":true,"valueName":"search_term_string"}}],"inLanguage":"es-ES"},{"@type":"Organization","@id":"https:\/\/enoaudio.de\/es\/#organization","name":"enoaudio","url":"https:\/\/enoaudio.de\/es\/","logo":{"@type":"ImageObject","inLanguage":"es-ES","@id":"https:\/\/enoaudio.de\/es\/#\/schema\/logo\/image\/","url":"https:\/\/enoaudio.de\/wordpress\/wp-content\/uploads\/2018\/02\/enoaudio_title.png","contentUrl":"https:\/\/enoaudio.de\/wordpress\/wp-content\/uploads\/2018\/02\/enoaudio_title.png","width":1018,"height":168,"caption":"enoaudio"},"image":{"@id":"https:\/\/enoaudio.de\/es\/#\/schema\/logo\/image\/"}}]},"og_availability":"out of stock","product_availability":"out of stock","product_retailer_item_id":"BST-M3106BK-36M26M-Y","product_condition":"new"},"_links":{"self":[{"href":"https:\/\/enoaudio.de\/es\/wp-json\/wp\/v2\/product\/295048","targetHints":{"allow":["GET"]}}],"collection":[{"href":"https:\/\/enoaudio.de\/es\/wp-json\/wp\/v2\/product"}],"about":[{"href":"https:\/\/enoaudio.de\/es\/wp-json\/wp\/v2\/types\/product"}],"replies":[{"embeddable":true,"href":"https:\/\/enoaudio.de\/es\/wp-json\/wp\/v2\/comments?post=295048"}],"wp:featuredmedia":[{"embeddable":true,"href":"https:\/\/enoaudio.de\/es\/wp-json\/wp\/v2\/media\/324336"}],"wp:attachment":[{"href":"https:\/\/enoaudio.de\/es\/wp-json\/wp\/v2\/media?parent=295048"}],"wp:term":[{"taxonomy":"product_brand","embeddable":true,"href":"https:\/\/enoaudio.de\/es\/wp-json\/wp\/v2\/product_brand?post=295048"},{"taxonomy":"product_cat","embeddable":true,"href":"https:\/\/enoaudio.de\/es\/wp-json\/wp\/v2\/product_cat?post=295048"},{"taxonomy":"product_tag","embeddable":true,"href":"https:\/\/enoaudio.de\/es\/wp-json\/wp\/v2\/product_tag?post=295048"}],"curies":[{"name":"wp","href":"https:\/\/api.w.org\/{rel}","templated":true}]}}