{"id":336211,"date":"2025-09-04T14:13:42","date_gmt":"2025-09-04T12:13:42","guid":{"rendered":"https:\/\/enoaudio.de\/produkt\/enoaudio-mogami-2893-quad-bantam-patch-cable-neutrik-gold-44mm-tt-xlr-male-hifi\/"},"modified":"2025-10-31T12:01:45","modified_gmt":"2025-10-31T11:01:45","slug":"m2893bk-3tm3xm","status":"publish","type":"product","link":"https:\/\/enoaudio.de\/es\/produkt\/m2893bk-3tm3xm\/","title":{"rendered":"enoaudio Mogami 2893 Quad Bantam Patch Cable | Neutrik Gold 4,4mm TT &#8211; XLR male | HiFi"},"content":{"rendered":"<p>El cable neglex miniatura Quad 2893 transmite se\u00f1ales sim\u00e9trico en cuatro tono ox\u00edgeno conductores y oprime forma eficaz la einstreuung se\u00f1ales de interferencia electromagn\u00e9tica. en comparaci\u00f3n con otros gu\u00edas de se\u00f1al exterior se\u00f1ales de interferencia para otros 15dB reduci\u00e9ndose sim\u00e9tricas. la escasa capacidad del cable garantiza reproducci\u00f3n transparencia y detalle del de la se\u00f1al de audio.<\/p>\n<span>El cable es fabricado por Mogami en Jap\u00f3n y ensamblado individualmente en Alemania por enoaudio.<\/span>\n<span>Cada cable est\u00e1 sujeto a extensas mediciones y pruebas antes de la entrega para garantizar la calidad.<\/span><span>enoaudio otorga una garant\u00eda de 10 a\u00f1os en estos cables desde la fecha de compra.<\/span>\n","protected":false},"excerpt":{"rendered":"<p>Kabel: Mogami Neglex 2893\nStecker A:\u00a0Neutrik Gold 4,4mm TT (NP3TT-P-AU-B)\nStecker B:\u00a0Neutrik Gold XLR male (NC3 MXX-B)\n","protected":false},"featured_media":308028,"comment_status":"closed","ping_status":"closed","template":"","meta":{"_acf_changed":false},"product_brand":[],"product_cat":[878,915],"product_tag":[452,540],"class_list":{"0":"post-336211","1":"product","2":"type-product","3":"status-publish","4":"has-post-thumbnail","6":"product_cat-cable-de-color","7":"product_cat-bantam-patchkabel-es","8":"product_tag-mogami-es","9":"product_tag-w2893-es","10":"pa_length-0050m-es","11":"pa_length-0100m-es","12":"pa_length-0150m-es","13":"pa_length-1000m-es","14":"pa_length-0200m-es","15":"pa_length-0300m-es","16":"pa_length-0500m-es","17":"pa_length-0700m-es","19":"first","20":"instock","21":"taxable","22":"shipping-taxable","23":"purchasable","24":"product-type-variable","25":"has-default-attributes"},"acf":[],"yoast_head":"<!-- This site is optimized with the Yoast SEO plugin v27.1.1 - https:\/\/yoast.com\/product\/yoast-seo-wordpress\/ -->\n<title>enoaudio Mogami 2893 Quad Bantam Patch Cable | Neutrik Gold 4,4mm TT - XLR male | HiFi - enoaudio<\/title>\n<meta name=\"robots\" content=\"index, follow, max-snippet:-1, max-image-preview:large, max-video-preview:-1\" \/>\n<link rel=\"canonical\" href=\"https:\/\/enoaudio.de\/es\/produkt\/m2893bk-3tm3xm\/\" \/>\n<meta property=\"og:locale\" content=\"es_ES\" \/>\n<meta property=\"og:type\" content=\"article\" \/>\n<meta property=\"og:title\" content=\"enoaudio Mogami 2893 Quad Bantam Patch Cable | Neutrik Gold 4,4mm TT - XLR male | HiFi - enoaudio\" \/>\n<meta property=\"og:description\" content=\"Kabel:  Stecker A:\u00a0 Stecker B:\u00a0\" \/>\n<meta property=\"og:url\" content=\"https:\/\/enoaudio.de\/es\/produkt\/m2893bk-3tm3xm\/\" \/>\n<meta property=\"og:site_name\" content=\"enoaudio\" \/>\n<meta property=\"article:modified_time\" content=\"2025-10-31T11:01:45+00:00\" \/>\n<meta property=\"og:image\" content=\"https:\/\/enoaudio.de\/wp-content\/uploads\/M2893BK-3TM3XM-min.png\" \/>\n\t<meta property=\"og:image:width\" content=\"1800\" \/>\n\t<meta property=\"og:image:height\" content=\"1200\" \/>\n\t<meta property=\"og:image:type\" content=\"image\/png\" \/>\n<meta name=\"twitter:card\" content=\"summary_large_image\" \/>\n<meta name=\"twitter:label1\" content=\"Availability\" \/>\n\t<meta name=\"twitter:data1\" content=\"In stock\" \/>\n<script type=\"application\/ld+json\" class=\"yoast-schema-graph\">{\"@context\":\"https:\/\/schema.org\",\"@graph\":[{\"@type\":\"WebPage\",\"@id\":\"https:\/\/enoaudio.de\/es\/produkt\/m2893bk-3tm3xm\/\",\"url\":\"https:\/\/enoaudio.de\/es\/produkt\/m2893bk-3tm3xm\/\",\"name\":\"enoaudio Mogami 2893 Quad Bantam Patch Cable | Neutrik Gold 4,4mm TT - XLR male | HiFi - enoaudio\",\"isPartOf\":{\"@id\":\"https:\/\/enoaudio.de\/es\/#website\"},\"primaryImageOfPage\":{\"@id\":\"https:\/\/enoaudio.de\/es\/produkt\/m2893bk-3tm3xm\/#primaryimage\"},\"image\":{\"@id\":\"https:\/\/enoaudio.de\/es\/produkt\/m2893bk-3tm3xm\/#primaryimage\"},\"thumbnailUrl\":\"https:\/\/enoaudio.de\/wp-content\/uploads\/M2893BK-3TM3XM-min.png\",\"datePublished\":\"2025-09-04T12:13:42+00:00\",\"dateModified\":\"2025-10-31T11:01:45+00:00\",\"breadcrumb\":{\"@id\":\"https:\/\/enoaudio.de\/es\/produkt\/m2893bk-3tm3xm\/#breadcrumb\"},\"inLanguage\":\"es-ES\",\"potentialAction\":[{\"@type\":\"ReadAction\",\"target\":[\"https:\/\/enoaudio.de\/es\/produkt\/m2893bk-3tm3xm\/\"]}]},{\"@type\":\"ImageObject\",\"inLanguage\":\"es-ES\",\"@id\":\"https:\/\/enoaudio.de\/es\/produkt\/m2893bk-3tm3xm\/#primaryimage\",\"url\":\"https:\/\/enoaudio.de\/wp-content\/uploads\/M2893BK-3TM3XM-min.png\",\"contentUrl\":\"https:\/\/enoaudio.de\/wp-content\/uploads\/M2893BK-3TM3XM-min.png\",\"width\":1800,\"height\":1200},{\"@type\":\"BreadcrumbList\",\"@id\":\"https:\/\/enoaudio.de\/es\/produkt\/m2893bk-3tm3xm\/#breadcrumb\",\"itemListElement\":[{\"@type\":\"ListItem\",\"position\":1,\"name\":\"Startseite\",\"item\":\"https:\/\/enoaudio.de\/es\/tienda\/\"},{\"@type\":\"ListItem\",\"position\":2,\"name\":\"Tienda\",\"item\":\"https:\/\/enoaudio.de\/es\/tienda\/\"},{\"@type\":\"ListItem\",\"position\":3,\"name\":\"enoaudio Mogami 2893 Quad Bantam Patch Cable | Neutrik Gold 4,4mm TT &#8211; XLR male | HiFi\"}]},{\"@type\":\"WebSite\",\"@id\":\"https:\/\/enoaudio.de\/es\/#website\",\"url\":\"https:\/\/enoaudio.de\/es\/\",\"name\":\"enoaudio\",\"description\":\"HIgh Quality Cables for Professionals\",\"publisher\":{\"@id\":\"https:\/\/enoaudio.de\/es\/#organization\"},\"potentialAction\":[{\"@type\":\"SearchAction\",\"target\":{\"@type\":\"EntryPoint\",\"urlTemplate\":\"https:\/\/enoaudio.de\/es\/?s={search_term_string}\"},\"query-input\":{\"@type\":\"PropertyValueSpecification\",\"valueRequired\":true,\"valueName\":\"search_term_string\"}}],\"inLanguage\":\"es-ES\"},{\"@type\":\"Organization\",\"@id\":\"https:\/\/enoaudio.de\/es\/#organization\",\"name\":\"enoaudio\",\"url\":\"https:\/\/enoaudio.de\/es\/\",\"logo\":{\"@type\":\"ImageObject\",\"inLanguage\":\"es-ES\",\"@id\":\"https:\/\/enoaudio.de\/es\/#\/schema\/logo\/image\/\",\"url\":\"https:\/\/enoaudio.de\/wordpress\/wp-content\/uploads\/2018\/02\/enoaudio_title.png\",\"contentUrl\":\"https:\/\/enoaudio.de\/wordpress\/wp-content\/uploads\/2018\/02\/enoaudio_title.png\",\"width\":1018,\"height\":168,\"caption\":\"enoaudio\"},\"image\":{\"@id\":\"https:\/\/enoaudio.de\/es\/#\/schema\/logo\/image\/\"}}]}<\/script>\n<meta property=\"og:availability\" content=\"instock\" \/>\n<meta property=\"product:availability\" content=\"instock\" \/>\n<meta property=\"product:retailer_item_id\" content=\"M2893BK-3TM3XM\" \/>\n<meta property=\"product:condition\" content=\"new\" \/>\n<!-- \/ Yoast SEO plugin. -->","yoast_head_json":{"title":"enoaudio Mogami 2893 Quad Bantam Patch Cable | Neutrik Gold 4,4mm TT - XLR male | HiFi - enoaudio","robots":{"index":"index","follow":"follow","max-snippet":"max-snippet:-1","max-image-preview":"max-image-preview:large","max-video-preview":"max-video-preview:-1"},"canonical":"https:\/\/enoaudio.de\/es\/produkt\/m2893bk-3tm3xm\/","og_locale":"es_ES","og_type":"article","og_title":"enoaudio Mogami 2893 Quad Bantam Patch Cable | Neutrik Gold 4,4mm TT - XLR male | HiFi - enoaudio","og_description":"Kabel:  Stecker A:\u00a0 Stecker B:\u00a0","og_url":"https:\/\/enoaudio.de\/es\/produkt\/m2893bk-3tm3xm\/","og_site_name":"enoaudio","article_modified_time":"2025-10-31T11:01:45+00:00","og_image":[{"width":1800,"height":1200,"url":"https:\/\/enoaudio.de\/wp-content\/uploads\/M2893BK-3TM3XM-min.png","type":"image\/png"}],"twitter_card":"summary_large_image","twitter_misc":{"Availability":"In stock"},"schema":{"@context":"https:\/\/schema.org","@graph":[{"@type":"WebPage","@id":"https:\/\/enoaudio.de\/es\/produkt\/m2893bk-3tm3xm\/","url":"https:\/\/enoaudio.de\/es\/produkt\/m2893bk-3tm3xm\/","name":"enoaudio Mogami 2893 Quad Bantam Patch Cable | Neutrik Gold 4,4mm TT - XLR male | HiFi - enoaudio","isPartOf":{"@id":"https:\/\/enoaudio.de\/es\/#website"},"primaryImageOfPage":{"@id":"https:\/\/enoaudio.de\/es\/produkt\/m2893bk-3tm3xm\/#primaryimage"},"image":{"@id":"https:\/\/enoaudio.de\/es\/produkt\/m2893bk-3tm3xm\/#primaryimage"},"thumbnailUrl":"https:\/\/enoaudio.de\/wp-content\/uploads\/M2893BK-3TM3XM-min.png","datePublished":"2025-09-04T12:13:42+00:00","dateModified":"2025-10-31T11:01:45+00:00","breadcrumb":{"@id":"https:\/\/enoaudio.de\/es\/produkt\/m2893bk-3tm3xm\/#breadcrumb"},"inLanguage":"es-ES","potentialAction":[{"@type":"ReadAction","target":["https:\/\/enoaudio.de\/es\/produkt\/m2893bk-3tm3xm\/"]}]},{"@type":"ImageObject","inLanguage":"es-ES","@id":"https:\/\/enoaudio.de\/es\/produkt\/m2893bk-3tm3xm\/#primaryimage","url":"https:\/\/enoaudio.de\/wp-content\/uploads\/M2893BK-3TM3XM-min.png","contentUrl":"https:\/\/enoaudio.de\/wp-content\/uploads\/M2893BK-3TM3XM-min.png","width":1800,"height":1200},{"@type":"BreadcrumbList","@id":"https:\/\/enoaudio.de\/es\/produkt\/m2893bk-3tm3xm\/#breadcrumb","itemListElement":[{"@type":"ListItem","position":1,"name":"Startseite","item":"https:\/\/enoaudio.de\/es\/tienda\/"},{"@type":"ListItem","position":2,"name":"Tienda","item":"https:\/\/enoaudio.de\/es\/tienda\/"},{"@type":"ListItem","position":3,"name":"enoaudio Mogami 2893 Quad Bantam Patch Cable | Neutrik Gold 4,4mm TT &#8211; XLR male | HiFi"}]},{"@type":"WebSite","@id":"https:\/\/enoaudio.de\/es\/#website","url":"https:\/\/enoaudio.de\/es\/","name":"enoaudio","description":"HIgh Quality Cables for Professionals","publisher":{"@id":"https:\/\/enoaudio.de\/es\/#organization"},"potentialAction":[{"@type":"SearchAction","target":{"@type":"EntryPoint","urlTemplate":"https:\/\/enoaudio.de\/es\/?s={search_term_string}"},"query-input":{"@type":"PropertyValueSpecification","valueRequired":true,"valueName":"search_term_string"}}],"inLanguage":"es-ES"},{"@type":"Organization","@id":"https:\/\/enoaudio.de\/es\/#organization","name":"enoaudio","url":"https:\/\/enoaudio.de\/es\/","logo":{"@type":"ImageObject","inLanguage":"es-ES","@id":"https:\/\/enoaudio.de\/es\/#\/schema\/logo\/image\/","url":"https:\/\/enoaudio.de\/wordpress\/wp-content\/uploads\/2018\/02\/enoaudio_title.png","contentUrl":"https:\/\/enoaudio.de\/wordpress\/wp-content\/uploads\/2018\/02\/enoaudio_title.png","width":1018,"height":168,"caption":"enoaudio"},"image":{"@id":"https:\/\/enoaudio.de\/es\/#\/schema\/logo\/image\/"}}]},"og_availability":"instock","product_availability":"instock","product_retailer_item_id":"M2893BK-3TM3XM","product_condition":"new"},"_links":{"self":[{"href":"https:\/\/enoaudio.de\/es\/wp-json\/wp\/v2\/product\/336211","targetHints":{"allow":["GET"]}}],"collection":[{"href":"https:\/\/enoaudio.de\/es\/wp-json\/wp\/v2\/product"}],"about":[{"href":"https:\/\/enoaudio.de\/es\/wp-json\/wp\/v2\/types\/product"}],"replies":[{"embeddable":true,"href":"https:\/\/enoaudio.de\/es\/wp-json\/wp\/v2\/comments?post=336211"}],"wp:featuredmedia":[{"embeddable":true,"href":"https:\/\/enoaudio.de\/es\/wp-json\/wp\/v2\/media\/308028"}],"wp:attachment":[{"href":"https:\/\/enoaudio.de\/es\/wp-json\/wp\/v2\/media?parent=336211"}],"wp:term":[{"taxonomy":"product_brand","embeddable":true,"href":"https:\/\/enoaudio.de\/es\/wp-json\/wp\/v2\/product_brand?post=336211"},{"taxonomy":"product_cat","embeddable":true,"href":"https:\/\/enoaudio.de\/es\/wp-json\/wp\/v2\/product_cat?post=336211"},{"taxonomy":"product_tag","embeddable":true,"href":"https:\/\/enoaudio.de\/es\/wp-json\/wp\/v2\/product_tag?post=336211"}],"curies":[{"name":"wp","href":"https:\/\/api.w.org\/{rel}","templated":true}]}}