{"id":341354,"date":"2018-03-08T03:16:20","date_gmt":"2018-03-08T02:16:20","guid":{"rendered":"https:\/\/enoaudio.de\/agb\/"},"modified":"2018-03-08T03:16:20","modified_gmt":"2018-03-08T02:16:20","slug":"agb","status":"publish","type":"page","link":"https:\/\/enoaudio.de\/fr\/agb\/","title":{"rendered":"AGB"},"content":{"rendered":"\n&nbsp;\n<div id=\"mainContent\">\n<div id=\"agb\">\n\nStand: 01.03.2018\n<h2>\u00a70 Ladungsf\u00e4hige Anschrift gem\u00e4\u00df BGB-InfoV 1<\/h2>\nenoaudio.de\nYuki Iino\nKanzowstra\u00dfe 16\n10439 Berlin\nDeutschland\n<h2>\u00a71 Allgemeines<\/h2>\n(1) F\u00fcr alle Lieferungen und Leistungen gelten ausschlie\u00dflich diese Allgemeinen Gesch\u00e4ftsbedingungen. In Erg\u00e4nzung hierzu gelten ebenfalls die den Produkten beiliegenden Lizenzbedingungen der Hersteller. Alle Produktnamen und Logos sind Eigentum der jeweiligen Hersteller. Produktabbildungen sind beispielhafte Abbildungen und k\u00f6nnen von gelieferten Produkten abweichen.\n\n(2) Kaufvertr\u00e4ge kommen erst durch eine schriftl. Auftragsbest\u00e4tigung (E-Mail gen\u00fcgt) oder die Annahme der Ware durch den Kunden (und nach Ablauf der Widerrufs- \/ R\u00fcckgabefrist) zustande. Mit dem \u00d6ffnen der Originalverpackung, respektive der Plastikfolie erkennt der Kunde unseren Urheberrechtsschutz und die Gew\u00e4hrleistungsbedingungen, sowie die Lizenzbestimmungen der Hersteller an.\n<h2>\u00a72 Preise und Zahlungsbedingunen<\/h2>\n(1) F\u00fcr die Lieferung gelten die Preise zum Zeitpunkt der Bestellung der Ware. Die W\u00e4hrung der im Online-Katalog aufgef\u00fchrten Preise ist EUR (Euro) und beinhalten die derzeit gesetzl. MwSt. In den Rechnungen werden neben dem Nettopreis die erg\u00e4nzenden Leistungen ausgewiesen: Versandspesen, Versicherung, Verpackung sowie die zum Zeitpunkt der Rechnungsstellung g\u00fcltige Mehrwertsteuer.\n\n(2) Bei Lieferung gegen offene Rechnung sind diese f\u00e4llig ohne Abzug, zahlbar innerhalb der auf der Rechnung angegebenen Frist. Im Falle eines Zahlungsverzuges sind wir berechtigt, Verzugszinsen in H\u00f6he von 5% \u00fcber dem jeweiligen von der Deutschen Bundesbank bekannt gegebenen Basis-Zinssatz zu berechnen. Im Falle des Verzuges sind wir berechtigt, s\u00e4mtliche Lieferungen an den Kunden, auch aus anderen Vertragsverh\u00e4ltnissen zu verweigern. F\u00fcr etwaige Sch\u00e4den aus dieser Nichtlieferung haften wir nicht.\n<h2>\u00a73 Lieferfrist<\/h2>\n(1) Liefertermine m\u00fcssen schriftlich vereinbart werden. Die Frist ist eingehalten, wenn der Versand vor Fristablauf erfolgt.\n\n(2) Alle vereinbarten Lieferfristen gelten vorbehaltlich richtiger und rechtzeitiger Selbstbelieferung. Die Lieferzeit verl\u00e4ngert sich angemessen bei Ma\u00dfnahmen im Rahmen von Arbeitsausf\u00e4llen (Streik \/ Aussperrung), gesetzlicher und beh\u00f6rdlicher Anordnung (Import- \/ Exportbeschr\u00e4nkungen), h\u00f6herer Gewalt. Schadensersatzanspr\u00fcche bei Nichteinhaltung sind ausgeschlossen.\n<h2>\u00a74 Lieferung, Versand, Gefahren\u00fcbergang<\/h2>\n(1) Nach unserem Ermessen bestimmen wir Versandart, Versandweg und Frachtf\u00fchrer, sofern keine ausdr\u00fccklichen Weisungen durch den Besteller erfolgen.\n\nVersandkostenpauschalen:\n\nDeutschland:\n\nBestellungen bis einschl. EUR 4,20 netto bzw. EUR 5,00 incl. MwSt.\/USt. Warenwert: EUR 2,85 netto bzw. EUR 3,39 incl. MwSt.\/USt.\nBestellungen ab einschl. EUR 4,21 netto bzw. EUR 5,01 incl. MwSt.\/USt. Warenwert: EUR 5,79 netto bzw. EUR 6,89 incl. MwSt.\/USt.\n\nFrankreich, \u00d6sterreich, Belgien, D\u00e4nemark, Griechenland, Niederlande, Spanien, Estland, Finnland, Gro\u00dfbritannien, Irland, Italien, Lettland, Litauen, Luxemburg, Malta, Polen, Portugal, Slowakei, Slowenien, Schweden, Tschechische Rep., Ungarn:\n\nBestellungen bis einschl. EUR 8,40 netto bzw. EUR 10,00 incl. MwSt.\/USt. Warenwert: EUR 14,00 netto bzw. EUR 16,66 incl. MwSt.\/USt.\nBestellungen ab einschl. EUR 8,41 netto bzw. EUR 10,01 incl. MwSt.\/USt. Warenwert: EUR 20,00 netto bzw. EUR 23,80 incl. MwSt.\/USt.\n\n(2) Bei der Zusendung von Warengegenst\u00e4nden und anderen Teilen an enoaudio.de , Yuki Iino tr\u00e4gt der jeweilige Versender das Transportrisiko sowie s\u00e4mtliche anfallenden Kosten. Dies gilt nicht f\u00fcr R\u00fccksendungen im Rahmen des gew\u00e4hrten R\u00fcckgaberechtes.\n<h2>\u00a75 R\u00fcckgaberecht f\u00fcr Verbrauchervertr\u00e4ge, Widerrufsbelehrung<\/h2>\n(1) Widerrufsrecht\n\nSie k\u00f6nnen Ihre Vertragserkl\u00e4rung innerhalb von einem Monat ohne Angabe von Gr\u00fcnden in Textform (z. B. Brief, Fax, E-Mail) oder &#8211; wenn Ihnen die Sache vor Fristablauf \u00fcberlassen wird &#8211; durch R\u00fccksendung der Sache widerrufen. Die Frist beginnt nach Erhalt dieser Belehrung in Textform, jedoch nicht vor Eingang der Ware beim Empf\u00e4nger (bei der wiederkehrenden Lieferung gleichartiger Waren nicht vor dem Eingang der ersten Teillieferung) und auch nicht vor Erf\u00fcllung unserer Informationspflichten gem\u00e4\u00df Artikel 246 \u00a7 2 in Verbindung mit \u00a7 1 Abs. 1 und 2 EGBGB sowie unserer Pflichten gem\u00e4\u00df \u00a7 312e Abs. 1 Satz 1 BGB in Verbindung mit Artikel 246 \u00a7 3 EGBGB. Zur Wahrung der Widerrufsfrist gen\u00fcgt die rechtzeitige Absendung des Widerrufs oder der Sache. Der Widerruf ist zu richten an:\n\nenoaudio\nYuki Iino\nKanzowstra\u00dfe 16\n10439 Berlin\nE-Mail: service@enoaudio.de\n\n(2) Widerrufsfolgen\n\nIm Falle eines wirksamen Widerrufs sind die beiderseits empfangenen Leistungen zur\u00fcckzugew\u00e4hren und ggf. gezogene Nutzungen (z. B. Zinsen) herauszugeben. K\u00f6nnen Sie uns die empfangene Leistung ganz oder teilweise nicht oder nur in verschlechtertem Zustand zur\u00fcckgew\u00e4hren, m\u00fcssen Sie uns insoweit ggf. Wertersatz leisten. Bei der \u00dcberlassung von Sachen gilt dies nicht, wenn die Verschlechterung der Sache ausschlie\u00dflich auf deren Pr\u00fcfung &#8211; wie sie Ihnen etwa im Ladengesch\u00e4ft m\u00f6glich gewesen w\u00e4re &#8211; zur\u00fcckzuf\u00fchren ist. F\u00fcr eine durch die bestimmungsgem\u00e4\u00dfe Ingebrauchnahme der Sache entstandene Verschlechterung m\u00fcssen Sie keinen Wertersatz leisten. Paketversandf\u00e4hige Sachen sind auf unsere Gefahr zur\u00fcckzusenden. Sie haben die Kosten der R\u00fccksendung zu tragen, wenn die gelieferte Ware der bestellten entspricht und wenn der Preis der zur\u00fcckzusendenden Sache einen Betrag von 40 Euro nicht \u00fcbersteigt oder wenn Sie bei einem h\u00f6heren Preis der Sache zum Zeitpunkt des Widerrufs noch nicht die Gegenleistung oder eine vertraglich vereinbarte Teilzahlung erbracht haben. Anderenfalls ist die R\u00fccksendung f\u00fcr Sie kostenfrei. Nicht paketversandf\u00e4hige Sachen werden bei Ihnen abgeholt. Verpflichtungen zur Erstattung von Zahlungen m\u00fcssen innerhalb von 30 Tagen erf\u00fcllt werden. Die Frist beginnt f\u00fcr Sie mit der Absendung Ihrer Widerrufserkl\u00e4rung oder der Sache, f\u00fcr uns mit deren Empfang.\n\nEnde der Widerrufsbelehrung\n\n(3) Ausschluss des Widerrufsrechts\n\nDas Widerrufsrecht besteht nicht bei Fernabsatzvertr\u00e4gen zur Lieferung von Waren, die nach Kundenspezifikation angefertigt werden oder eindeutig auf die pers\u00f6nlichen Bed\u00fcrfnisse zugeschnitten sind oder die auf Grund ihrer Beschaffenheit nicht f\u00fcr eine R\u00fccksendung geeignet sind oder schnell verderben k\u00f6nnen oder deren Verfalldatum \u00fcberschritten w\u00fcrde.\n\n(4) Allgemeine Hinweise\n\n1. Bitte vermeiden Sie Besch\u00e4digungen und Verunreinigungen der Ware. Senden Sie die Ware bitte m\u00f6glichst in Originalverpackung mit s\u00e4mtlichem Zubeh\u00f6r und mit allen Verpackungsbestandteilen an uns zur\u00fcck. Verwenden Sie ggf. eine sch\u00fctzende Umverpackung. Wenn Sie die Originalverpackung nicht mehr besitzen, sorgen Sie bitte mit einer geeigneten Verpackung f\u00fcr einen ausreichenden Schutz vor Transportsch\u00e4den.\n\n2. Senden Sie die Ware bitte m\u00f6glichst nicht unfrei an uns zur\u00fcck. Wir erstatten Ihnen auch gerne auf Wunsch vorab die Portokosten, sofern diese nicht von Ihnen selbst zu tragen sind.\n\n3. Bitte beachten Sie, dass die vorgenannten Ziffern 1-2 nicht Voraussetzung f\u00fcr die wirksame Aus\u00fcbung des Widerrufsrechts sind.\n<h2>\u00a76 Eigentumsvorbehalt<\/h2>\n(1) Wir behalten uns das Eigentum an der Kaufsache bis zur vollst\u00e4ndigen Bezahlung aller Forderungen, einschl. Nebenforderungen vor. Bei vertragswidrigem Verhalten sind wir berechtigt, die Kaufsache zur\u00fcckzuverlangen. Wird die Kaufsache weiterverarbeitet bzw. mit anderen Waren vermischt, erwerben wir das Miteigentum an der neuen Sache. Ein R\u00fcckgaberecht scheidet in diesem Fall aus.\n\n(2) Der Besteller ist berechtigt, die Ware im ordentlichen Gesch\u00e4ftsgang weiter zu verkaufen. Dies gilt nicht f\u00fcr den Fall, dass sich der Kunde mit einer Zahlungsverpflichtung gegen\u00fcber enoaudio.de, Yuki Iino im Verzuge befindet.\n<h2>\u00a77 Gew\u00e4hrleistung \/ Haftungsausschluss<\/h2>\n(1) Wir gew\u00e4hrleisten, dass die Liefergegenst\u00e4nde nach dem jeweiligen Stand der Technik frei von Sachm\u00e4ngeln sind, d.h. dass sie sich f\u00fcr die vorausgesetzten Verwendungen oder f\u00fcr die gew\u00f6hnliche Verwendung eignen und eine Beschaffenheit aufweisen, die bei Sachen der gleichen Art \u00fcblich ist.\nSchadensersatzanspr\u00fcche wegen M\u00e4ngeln an der Sache sind ausgeschlossen. Es gilt die Gew\u00e4hrleistungsfrist von 2 Jahren au\u00dfer bei Verbrauchsmaterialien. Die Gew\u00e4hrleistungsfrist beginnt mit dem Eingang der Ware beim Kunden. Erg\u00e4nzend hat der Kunde Anspr\u00fcche aus den Garantieerkl\u00e4rungen der Hersteller vieler technischer Produkte, die den Produkten beigef\u00fcgt werden.\n\n(2) Keine Gew\u00e4hr \u00fcbernimmt enoaudio.de, Yuki Iino f\u00fcr Sch\u00e4den oder M\u00e4ngel, die aus unsachgem\u00e4\u00dfer Verwendung, Lagerung, Bedienung, fehlerhafter oder nachl\u00e4ssiger Behandlung entstehen. Ebenfalls erlischt jegliche Gew\u00e4hrleistung, wenn der Kunde Eingriffe oder Reparaturen selbst vornimmt oder durch nicht von uns autorisierte Personen vornehmen l\u00e4sst.\n\n(3) Offensichtliche M\u00e4ngel sind sofort nach Erhalt der Ware schriftlich anzuzeigen. Zeigt sich ein Mangel erst sp\u00e4ter als 6 Monate nach \u00dcbergabe, so hat der Kunde den Nachweis zu f\u00fchren, dass die Sache bei Gefahr\u00fcbergang mangelhaft war.\n\n(4) Soweit ein von uns zu vertretender Mangel der Kaufsache bekannt wird, kann der Kunde gem\u00e4\u00df \u00a7439 BGB nach seiner Wahl die Beseitigung des Mangels oder die Lieferung einer mangelfreien Sache verlangen. Der K\u00e4ufer ist verpflichtet den reklamierten Gegenstand mit einer genauen Fehlerbeschreibung und einer Kopie des Lieferscheines oder der Rechnung an uns zur\u00fcckzusenden. Weiterhin ist der K\u00e4ufer zur Sicherung von Daten auf seine Kosten verpflichtet. Im Falle eines Datenverlustes kann enoaudio.de, Yuki Iino keinesfalls haftbar gemacht werden. Bei unberechtigter Reklamation behalten wir uns die Berechnung einer Aufwandsentsch\u00e4digung f\u00fcr die durchgef\u00fchrten Pr\u00fcfma\u00dfnahmen vor. Die H\u00f6he ist abh\u00e4ngig vom Aufwand, betr\u00e4gt minimal jedoch EUR 15,00.\n\n(5) Der Kunde ist verpflichtet die Ware nach Erhalt und vor der Weiterverarbeitung auf Richtigkeit und Verwendbarkeit f\u00fcr seine Anwendungszwecke zu \u00fcberpr\u00fcfen.\n<h2>\u00a78 Software \/ Literatur \/ Lizenzen<\/h2>\n(1) In vielen F\u00e4llen gelten bei bestimmten Artikeln (z.B. Software) \u00fcber unsere Bedingungen hinausgehende Lizenzbestimmungen des Herstellers. Mit der Entgegennahme der Ware erkennt der K\u00e4ufer deren Geltung an und haftet bei Versto\u00df in voller H\u00f6he f\u00fcr den daraus entstandenen Schaden.\n<h2>\u00a79 Datenschutz<\/h2>\n(1) Die f\u00fcr die Gesch\u00e4ftsabwicklung notwendigen Daten werden gespeichert und im Rahmen der Bestellabwicklung verwendet. Im \u00fcbrigen pflegen wir zum Zwecke der Kreditpr\u00fcfung einen Datenaustausch mit der SCHUFA und weiteren Auskunfteien. Alle pers. Daten werden selbstverst\u00e4ndlich vertraulich behandelt.\n\n(2) Der Kunde ist jederzeit zum Widerruf berechtigt.\n<h2>\u00a710 Verschiedenes<\/h2>\n(1) Mehrfach \u00fcbermittelte Bestellungen (Tel.\/Fax\/Briefpost\/Wiederholungen) aus welchem Grund auch immer, sind deutlich als solche zu kennzeichnen, da andernfalls diese nochmals ausgef\u00fchrt werden. In solchen F\u00e4llen k\u00f6nnen unsererseits keine Kosten \u00fcbernommen werden.\n\n(2) Bei Unwirksamkeit einzelner Bestimmungen des Liefervertrages oder dieser Allgemeinen Gesch\u00e4ftsbedingungen bleiben die \u00fcbrigen Bestimmungen weiterhin wirksam.\n\n&nbsp;\n\n<\/div>\n[gzd_complaints]\n\n<\/div>\n<div id=\"footer\"><\/div>\n","protected":false},"excerpt":{"rendered":"<p>&nbsp; Stand: 01.03.2018 \u00a70 Ladungsf\u00e4hige Anschrift gem\u00e4\u00df BGB-InfoV 1 enoaudio.de Yuki Iino Kanzowstra\u00dfe 16 10439 Berlin Deutschland \u00a71 Allgemeines (1) F\u00fcr alle Lieferungen und Leistungen gelten ausschlie\u00dflich diese Allgemeinen Gesch\u00e4ftsbedingungen. In Erg\u00e4nzung hierzu gelten ebenfalls die den Produkten beiliegenden Lizenzbedingungen der Hersteller. Alle Produktnamen und Logos sind Eigentum der jeweiligen Hersteller. Produktabbildungen sind beispielhafte Abbildungen und k\u00f6nnen von gelieferten Produkten abweichen. (2) Kaufvertr\u00e4ge kommen erst durch eine schriftl. Auftragsbest\u00e4tigung (E-Mail gen\u00fcgt) oder die Annahme der Ware durch den Kunden (und nach Ablauf der Widerrufs- \/ R\u00fcckgabefrist) zustande. Mit dem \u00d6ffnen der Originalverpackung, respektive der Plastikfolie erkennt der Kunde unseren Urheberrechtsschutz und die Gew\u00e4hrleistungsbedingungen, sowie die Lizenzbestimmungen der Hersteller an. \u00a72 [&#8230;]\n","protected":false},"author":1,"featured_media":0,"parent":0,"menu_order":0,"comment_status":"closed","ping_status":"closed","template":"","meta":{"_acf_changed":false,"footnotes":""},"class_list":["post-341354","page","type-page","status-publish","hentry"],"acf":[],"yoast_head":"<!-- This site is optimized with the Yoast SEO plugin v27.1.1 - https:\/\/yoast.com\/product\/yoast-seo-wordpress\/ -->\n<title>AGB - enoaudio<\/title>\n<meta name=\"robots\" content=\"index, follow, max-snippet:-1, max-image-preview:large, max-video-preview:-1\" \/>\n<link rel=\"canonical\" href=\"https:\/\/enoaudio.de\/fr\/agb\/\" \/>\n<meta property=\"og:locale\" content=\"fr_FR\" \/>\n<meta property=\"og:type\" content=\"article\" \/>\n<meta property=\"og:title\" content=\"AGB - enoaudio\" \/>\n<meta property=\"og:description\" content=\"&nbsp; Stand: 01.03.2018 \u00a70 Ladungsf\u00e4hige Anschrift gem\u00e4\u00df BGB-InfoV 1 enoaudio.de Yuki Iino Kanzowstra\u00dfe 16 10439 Berlin Deutschland \u00a71 Allgemeines (1) F\u00fcr alle Lieferungen und Leistungen gelten ausschlie\u00dflich diese Allgemeinen Gesch\u00e4ftsbedingungen. In Erg\u00e4nzung hierzu gelten ebenfalls die den Produkten beiliegenden Lizenzbedingungen der Hersteller. Alle Produktnamen und Logos sind Eigentum der jeweiligen Hersteller. Produktabbildungen sind beispielhafte Abbildungen und k\u00f6nnen von gelieferten Produkten abweichen. (2) Kaufvertr\u00e4ge kommen erst durch eine schriftl. Auftragsbest\u00e4tigung (E-Mail gen\u00fcgt) oder die Annahme der Ware durch den Kunden (und nach Ablauf der Widerrufs- \/ R\u00fcckgabefrist) zustande. Mit dem \u00d6ffnen der Originalverpackung, respektive der Plastikfolie erkennt der Kunde unseren Urheberrechtsschutz und die Gew\u00e4hrleistungsbedingungen, sowie die Lizenzbestimmungen der Hersteller an. \u00a72 [...]\" \/>\n<meta property=\"og:url\" content=\"https:\/\/enoaudio.de\/fr\/agb\/\" \/>\n<meta property=\"og:site_name\" content=\"enoaudio\" \/>\n<meta name=\"twitter:card\" content=\"summary_large_image\" \/>\n<meta name=\"twitter:label1\" content=\"Est. reading time\" \/>\n\t<meta name=\"twitter:data1\" content=\"8 minutes\" \/>\n<script type=\"application\/ld+json\" class=\"yoast-schema-graph\">{\"@context\":\"https:\/\/schema.org\",\"@graph\":[{\"@type\":\"WebPage\",\"@id\":\"https:\/\/enoaudio.de\/fr\/agb\/\",\"url\":\"https:\/\/enoaudio.de\/fr\/agb\/\",\"name\":\"AGB - enoaudio\",\"isPartOf\":{\"@id\":\"https:\/\/enoaudio.de\/fr\/#website\"},\"datePublished\":\"2018-03-08T02:16:20+00:00\",\"breadcrumb\":{\"@id\":\"https:\/\/enoaudio.de\/fr\/agb\/#breadcrumb\"},\"inLanguage\":\"fr-FR\",\"potentialAction\":[{\"@type\":\"ReadAction\",\"target\":[\"https:\/\/enoaudio.de\/fr\/agb\/\"]}]},{\"@type\":\"BreadcrumbList\",\"@id\":\"https:\/\/enoaudio.de\/fr\/agb\/#breadcrumb\",\"itemListElement\":[{\"@type\":\"ListItem\",\"position\":1,\"name\":\"Startseite\",\"item\":\"https:\/\/enoaudio.de\/fr\/boutique\/\"},{\"@type\":\"ListItem\",\"position\":2,\"name\":\"AGB\"}]},{\"@type\":\"WebSite\",\"@id\":\"https:\/\/enoaudio.de\/fr\/#website\",\"url\":\"https:\/\/enoaudio.de\/fr\/\",\"name\":\"enoaudio\",\"description\":\"HIgh Quality Cables for Professionals\",\"publisher\":{\"@id\":\"https:\/\/enoaudio.de\/fr\/#organization\"},\"potentialAction\":[{\"@type\":\"SearchAction\",\"target\":{\"@type\":\"EntryPoint\",\"urlTemplate\":\"https:\/\/enoaudio.de\/fr\/?s={search_term_string}\"},\"query-input\":{\"@type\":\"PropertyValueSpecification\",\"valueRequired\":true,\"valueName\":\"search_term_string\"}}],\"inLanguage\":\"fr-FR\"},{\"@type\":\"Organization\",\"@id\":\"https:\/\/enoaudio.de\/fr\/#organization\",\"name\":\"enoaudio\",\"url\":\"https:\/\/enoaudio.de\/fr\/\",\"logo\":{\"@type\":\"ImageObject\",\"inLanguage\":\"fr-FR\",\"@id\":\"https:\/\/enoaudio.de\/fr\/#\/schema\/logo\/image\/\",\"url\":\"https:\/\/enoaudio.de\/wordpress\/wp-content\/uploads\/2018\/02\/enoaudio_title.png\",\"contentUrl\":\"https:\/\/enoaudio.de\/wordpress\/wp-content\/uploads\/2018\/02\/enoaudio_title.png\",\"width\":1018,\"height\":168,\"caption\":\"enoaudio\"},\"image\":{\"@id\":\"https:\/\/enoaudio.de\/fr\/#\/schema\/logo\/image\/\"}}]}<\/script>\n<!-- \/ Yoast SEO plugin. -->","yoast_head_json":{"title":"AGB - enoaudio","robots":{"index":"index","follow":"follow","max-snippet":"max-snippet:-1","max-image-preview":"max-image-preview:large","max-video-preview":"max-video-preview:-1"},"canonical":"https:\/\/enoaudio.de\/fr\/agb\/","og_locale":"fr_FR","og_type":"article","og_title":"AGB - enoaudio","og_description":"&nbsp; Stand: 01.03.2018 \u00a70 Ladungsf\u00e4hige Anschrift gem\u00e4\u00df BGB-InfoV 1 enoaudio.de Yuki Iino Kanzowstra\u00dfe 16 10439 Berlin Deutschland \u00a71 Allgemeines (1) F\u00fcr alle Lieferungen und Leistungen gelten ausschlie\u00dflich diese Allgemeinen Gesch\u00e4ftsbedingungen. In Erg\u00e4nzung hierzu gelten ebenfalls die den Produkten beiliegenden Lizenzbedingungen der Hersteller. Alle Produktnamen und Logos sind Eigentum der jeweiligen Hersteller. Produktabbildungen sind beispielhafte Abbildungen und k\u00f6nnen von gelieferten Produkten abweichen. (2) Kaufvertr\u00e4ge kommen erst durch eine schriftl. Auftragsbest\u00e4tigung (E-Mail gen\u00fcgt) oder die Annahme der Ware durch den Kunden (und nach Ablauf der Widerrufs- \/ R\u00fcckgabefrist) zustande. Mit dem \u00d6ffnen der Originalverpackung, respektive der Plastikfolie erkennt der Kunde unseren Urheberrechtsschutz und die Gew\u00e4hrleistungsbedingungen, sowie die Lizenzbestimmungen der Hersteller an. \u00a72 [...]","og_url":"https:\/\/enoaudio.de\/fr\/agb\/","og_site_name":"enoaudio","twitter_card":"summary_large_image","twitter_misc":{"Est. reading time":"8 minutes"},"schema":{"@context":"https:\/\/schema.org","@graph":[{"@type":"WebPage","@id":"https:\/\/enoaudio.de\/fr\/agb\/","url":"https:\/\/enoaudio.de\/fr\/agb\/","name":"AGB - enoaudio","isPartOf":{"@id":"https:\/\/enoaudio.de\/fr\/#website"},"datePublished":"2018-03-08T02:16:20+00:00","breadcrumb":{"@id":"https:\/\/enoaudio.de\/fr\/agb\/#breadcrumb"},"inLanguage":"fr-FR","potentialAction":[{"@type":"ReadAction","target":["https:\/\/enoaudio.de\/fr\/agb\/"]}]},{"@type":"BreadcrumbList","@id":"https:\/\/enoaudio.de\/fr\/agb\/#breadcrumb","itemListElement":[{"@type":"ListItem","position":1,"name":"Startseite","item":"https:\/\/enoaudio.de\/fr\/boutique\/"},{"@type":"ListItem","position":2,"name":"AGB"}]},{"@type":"WebSite","@id":"https:\/\/enoaudio.de\/fr\/#website","url":"https:\/\/enoaudio.de\/fr\/","name":"enoaudio","description":"HIgh Quality Cables for Professionals","publisher":{"@id":"https:\/\/enoaudio.de\/fr\/#organization"},"potentialAction":[{"@type":"SearchAction","target":{"@type":"EntryPoint","urlTemplate":"https:\/\/enoaudio.de\/fr\/?s={search_term_string}"},"query-input":{"@type":"PropertyValueSpecification","valueRequired":true,"valueName":"search_term_string"}}],"inLanguage":"fr-FR"},{"@type":"Organization","@id":"https:\/\/enoaudio.de\/fr\/#organization","name":"enoaudio","url":"https:\/\/enoaudio.de\/fr\/","logo":{"@type":"ImageObject","inLanguage":"fr-FR","@id":"https:\/\/enoaudio.de\/fr\/#\/schema\/logo\/image\/","url":"https:\/\/enoaudio.de\/wordpress\/wp-content\/uploads\/2018\/02\/enoaudio_title.png","contentUrl":"https:\/\/enoaudio.de\/wordpress\/wp-content\/uploads\/2018\/02\/enoaudio_title.png","width":1018,"height":168,"caption":"enoaudio"},"image":{"@id":"https:\/\/enoaudio.de\/fr\/#\/schema\/logo\/image\/"}}]}},"_links":{"self":[{"href":"https:\/\/enoaudio.de\/fr\/wp-json\/wp\/v2\/pages\/341354","targetHints":{"allow":["GET"]}}],"collection":[{"href":"https:\/\/enoaudio.de\/fr\/wp-json\/wp\/v2\/pages"}],"about":[{"href":"https:\/\/enoaudio.de\/fr\/wp-json\/wp\/v2\/types\/page"}],"author":[{"embeddable":true,"href":"https:\/\/enoaudio.de\/fr\/wp-json\/wp\/v2\/users\/1"}],"replies":[{"embeddable":true,"href":"https:\/\/enoaudio.de\/fr\/wp-json\/wp\/v2\/comments?post=341354"}],"version-history":[{"count":0,"href":"https:\/\/enoaudio.de\/fr\/wp-json\/wp\/v2\/pages\/341354\/revisions"}],"wp:attachment":[{"href":"https:\/\/enoaudio.de\/fr\/wp-json\/wp\/v2\/media?parent=341354"}],"curies":[{"name":"wp","href":"https:\/\/api.w.org\/{rel}","templated":true}]}}