{"id":165190,"date":"2020-10-28T14:20:58","date_gmt":"2020-10-28T13:20:58","guid":{"rendered":"https:\/\/enoaudio.de\/?post_type=product&#038;p=165190"},"modified":"2026-01-09T08:36:53","modified_gmt":"2026-01-09T07:36:53","slug":"m3106bk-36m3xm-y","status":"publish","type":"product","link":"https:\/\/enoaudio.de\/fr\/produkt\/m3106bk-36m3xm-y\/","title":{"rendered":"enoaudio Mogami 3106 st\u00e9r\u00e9o microphone C\u00e2ble Y Audio Professionnel | Neutrik Gold 6,3mm TRS \u2013 Neutrik XLR m\u00e2le (L,R) | HiFi"},"content":{"rendered":"Le 3106 est la variante st\u00e9r\u00e9o du tr\u00e8s populaire c\u00e2ble de microphone 2549. Il offre des sp\u00e9cifications professionnelles et une excellente qualit\u00e9 sonore pour de nombreuses applications o\u00f9 des signaux st\u00e9r\u00e9o doivent \u00eatre transmis - en studio et sur sc\u00e8ne. Le faible bruit de fond et la faible capacit\u00e9 du c\u00e2ble garantissent une transparence et une richesse de d\u00e9tails sans faille dans le signal audio transmis. Pour faciliter la distinction entre les deux canaux, ils sont marqu\u00e9s diff\u00e9remment tout au long. Le 3106 est \u00e9galement recommand\u00e9 pour les longs c\u00e2bles.\n<span>Le c\u00e2ble est fabriqu\u00e9 au Japon par Mogami et assembl\u00e9 individuellement en Allemagne par enoaudio.<\/span> <br \/>\n<span>Chaque c\u00e2ble est soumis \u00e0 des tests approfondis de qualit\u00e9 garantie.<\/span><span>enoaudio offre une garantie de 10 ans sur ces c\u00e2bles \u00e0 partir de la date d'achat.<\/span>\n","protected":false},"excerpt":{"rendered":"<p>C\u00e2ble: Mogami Neglex 3106\nConnecteur A:\u00a0Neutrik Gold 6,35mm TRS (NP3 X-B)\nConnecteur B:\u00a0Neutrik Gold XLR male (NC3 MXX-B)\n","protected":false},"featured_media":324364,"comment_status":"open","ping_status":"closed","template":"","meta":{"_acf_changed":false},"product_brand":[],"product_cat":[536],"product_tag":[463],"class_list":{"0":"post-165190","1":"product","2":"type-product","3":"status-publish","4":"has-post-thumbnail","6":"product_cat-y-kabel-fr","7":"product_tag-mogami-fr","8":"pa_length-0050m-fr","9":"pa_length-0100m-fr","10":"pa_length-0150m-fr","11":"pa_length-1000m-fr","12":"pa_length-0200m-fr","13":"pa_length-0300m-fr","14":"pa_length-0500m-fr","15":"pa_length-0700m-fr","17":"first","18":"instock","19":"taxable","20":"shipping-taxable","21":"purchasable","22":"product-type-variable"},"acf":[],"yoast_head":"<!-- This site is optimized with the Yoast SEO plugin v27.1.1 - https:\/\/yoast.com\/product\/yoast-seo-wordpress\/ -->\n<title>enoaudio Mogami 3106 st\u00e9r\u00e9o microphone C\u00e2ble Y Audio Professionnel | Neutrik Gold 6,3mm TRS \u2013 Neutrik XLR m\u00e2le (L,R) | HiFi - enoaudio<\/title>\n<meta name=\"robots\" content=\"index, follow, max-snippet:-1, max-image-preview:large, max-video-preview:-1\" \/>\n<link rel=\"canonical\" href=\"https:\/\/enoaudio.de\/fr\/produkt\/m3106bk-36m3xm-y\/\" \/>\n<meta property=\"og:locale\" content=\"fr_FR\" \/>\n<meta property=\"og:type\" content=\"article\" \/>\n<meta property=\"og:title\" content=\"enoaudio Mogami 3106 st\u00e9r\u00e9o microphone C\u00e2ble Y Audio Professionnel | Neutrik Gold 6,3mm TRS \u2013 Neutrik XLR m\u00e2le (L,R) | HiFi - enoaudio\" \/>\n<meta property=\"og:description\" content=\"C\u00e2ble:  Connecteur A:\u00a0 Connecteur B:\u00a0\" \/>\n<meta property=\"og:url\" content=\"https:\/\/enoaudio.de\/fr\/produkt\/m3106bk-36m3xm-y\/\" \/>\n<meta property=\"og:site_name\" content=\"enoaudio\" \/>\n<meta property=\"article:modified_time\" content=\"2026-01-09T07:36:53+00:00\" \/>\n<meta property=\"og:image\" content=\"https:\/\/enoaudio.de\/wordpress\/wp-content\/uploads\/DSC05244-scaled.jpg\" \/>\n\t<meta property=\"og:image:width\" content=\"2560\" \/>\n\t<meta property=\"og:image:height\" content=\"1707\" \/>\n\t<meta property=\"og:image:type\" content=\"image\/jpeg\" \/>\n<meta name=\"twitter:card\" content=\"summary_large_image\" \/>\n<meta name=\"twitter:label1\" content=\"Availability\" \/>\n\t<meta name=\"twitter:data1\" content=\"In stock\" \/>\n<script type=\"application\/ld+json\" class=\"yoast-schema-graph\">{\"@context\":\"https:\/\/schema.org\",\"@graph\":[{\"@type\":\"WebPage\",\"@id\":\"https:\/\/enoaudio.de\/fr\/produkt\/m3106bk-36m3xm-y\/\",\"url\":\"https:\/\/enoaudio.de\/fr\/produkt\/m3106bk-36m3xm-y\/\",\"name\":\"enoaudio Mogami 3106 st\u00e9r\u00e9o microphone C\u00e2ble Y Audio Professionnel | Neutrik Gold 6,3mm TRS \u2013 Neutrik XLR m\u00e2le (L,R) | HiFi - enoaudio\",\"isPartOf\":{\"@id\":\"https:\/\/enoaudio.de\/fr\/#website\"},\"primaryImageOfPage\":{\"@id\":\"https:\/\/enoaudio.de\/fr\/produkt\/m3106bk-36m3xm-y\/#primaryimage\"},\"image\":{\"@id\":\"https:\/\/enoaudio.de\/fr\/produkt\/m3106bk-36m3xm-y\/#primaryimage\"},\"thumbnailUrl\":\"https:\/\/enoaudio.de\/wp-content\/uploads\/M3106BK-36M3XM-Y_Y-Audio-cable-1.png\",\"datePublished\":\"2020-10-28T13:20:58+00:00\",\"dateModified\":\"2026-01-09T07:36:53+00:00\",\"breadcrumb\":{\"@id\":\"https:\/\/enoaudio.de\/fr\/produkt\/m3106bk-36m3xm-y\/#breadcrumb\"},\"inLanguage\":\"fr-FR\",\"potentialAction\":[{\"@type\":\"ReadAction\",\"target\":[\"https:\/\/enoaudio.de\/fr\/produkt\/m3106bk-36m3xm-y\/\"]}]},{\"@type\":\"ImageObject\",\"inLanguage\":\"fr-FR\",\"@id\":\"https:\/\/enoaudio.de\/fr\/produkt\/m3106bk-36m3xm-y\/#primaryimage\",\"url\":\"https:\/\/enoaudio.de\/wp-content\/uploads\/M3106BK-36M3XM-Y_Y-Audio-cable-1.png\",\"contentUrl\":\"https:\/\/enoaudio.de\/wp-content\/uploads\/M3106BK-36M3XM-Y_Y-Audio-cable-1.png\",\"width\":1800,\"height\":1200},{\"@type\":\"BreadcrumbList\",\"@id\":\"https:\/\/enoaudio.de\/fr\/produkt\/m3106bk-36m3xm-y\/#breadcrumb\",\"itemListElement\":[{\"@type\":\"ListItem\",\"position\":1,\"name\":\"Startseite\",\"item\":\"https:\/\/enoaudio.de\/fr\/boutique\/\"},{\"@type\":\"ListItem\",\"position\":2,\"name\":\"Boutique\",\"item\":\"https:\/\/enoaudio.de\/fr\/boutique\/\"},{\"@type\":\"ListItem\",\"position\":3,\"name\":\"enoaudio Mogami 3106 st\u00e9r\u00e9o microphone C\u00e2ble Y Audio Professionnel | Neutrik Gold 6,3mm TRS \u2013 Neutrik XLR m\u00e2le (L,R) | HiFi\"}]},{\"@type\":\"WebSite\",\"@id\":\"https:\/\/enoaudio.de\/fr\/#website\",\"url\":\"https:\/\/enoaudio.de\/fr\/\",\"name\":\"enoaudio\",\"description\":\"HIgh Quality Cables for Professionals\",\"publisher\":{\"@id\":\"https:\/\/enoaudio.de\/fr\/#organization\"},\"potentialAction\":[{\"@type\":\"SearchAction\",\"target\":{\"@type\":\"EntryPoint\",\"urlTemplate\":\"https:\/\/enoaudio.de\/fr\/?s={search_term_string}\"},\"query-input\":{\"@type\":\"PropertyValueSpecification\",\"valueRequired\":true,\"valueName\":\"search_term_string\"}}],\"inLanguage\":\"fr-FR\"},{\"@type\":\"Organization\",\"@id\":\"https:\/\/enoaudio.de\/fr\/#organization\",\"name\":\"enoaudio\",\"url\":\"https:\/\/enoaudio.de\/fr\/\",\"logo\":{\"@type\":\"ImageObject\",\"inLanguage\":\"fr-FR\",\"@id\":\"https:\/\/enoaudio.de\/fr\/#\/schema\/logo\/image\/\",\"url\":\"https:\/\/enoaudio.de\/wordpress\/wp-content\/uploads\/2018\/02\/enoaudio_title.png\",\"contentUrl\":\"https:\/\/enoaudio.de\/wordpress\/wp-content\/uploads\/2018\/02\/enoaudio_title.png\",\"width\":1018,\"height\":168,\"caption\":\"enoaudio\"},\"image\":{\"@id\":\"https:\/\/enoaudio.de\/fr\/#\/schema\/logo\/image\/\"}}]}<\/script>\n<meta property=\"og:availability\" content=\"instock\" \/>\n<meta property=\"product:availability\" content=\"instock\" \/>\n<meta property=\"product:retailer_item_id\" content=\"M3106BK-36M3XM-Y\" \/>\n<meta property=\"product:condition\" content=\"new\" \/>\n<!-- \/ Yoast SEO plugin. -->","yoast_head_json":{"title":"enoaudio Mogami 3106 st\u00e9r\u00e9o microphone C\u00e2ble Y Audio Professionnel | Neutrik Gold 6,3mm TRS \u2013 Neutrik XLR m\u00e2le (L,R) | HiFi - enoaudio","robots":{"index":"index","follow":"follow","max-snippet":"max-snippet:-1","max-image-preview":"max-image-preview:large","max-video-preview":"max-video-preview:-1"},"canonical":"https:\/\/enoaudio.de\/fr\/produkt\/m3106bk-36m3xm-y\/","og_locale":"fr_FR","og_type":"article","og_title":"enoaudio Mogami 3106 st\u00e9r\u00e9o microphone C\u00e2ble Y Audio Professionnel | Neutrik Gold 6,3mm TRS \u2013 Neutrik XLR m\u00e2le (L,R) | HiFi - enoaudio","og_description":"C\u00e2ble:  Connecteur A:\u00a0 Connecteur B:\u00a0","og_url":"https:\/\/enoaudio.de\/fr\/produkt\/m3106bk-36m3xm-y\/","og_site_name":"enoaudio","article_modified_time":"2026-01-09T07:36:53+00:00","og_image":[{"width":2560,"height":1707,"url":"https:\/\/enoaudio.de\/wordpress\/wp-content\/uploads\/DSC05244-scaled.jpg","type":"image\/jpeg"}],"twitter_card":"summary_large_image","twitter_misc":{"Availability":"In stock"},"schema":{"@context":"https:\/\/schema.org","@graph":[{"@type":"WebPage","@id":"https:\/\/enoaudio.de\/fr\/produkt\/m3106bk-36m3xm-y\/","url":"https:\/\/enoaudio.de\/fr\/produkt\/m3106bk-36m3xm-y\/","name":"enoaudio Mogami 3106 st\u00e9r\u00e9o microphone C\u00e2ble Y Audio Professionnel | Neutrik Gold 6,3mm TRS \u2013 Neutrik XLR m\u00e2le (L,R) | HiFi - enoaudio","isPartOf":{"@id":"https:\/\/enoaudio.de\/fr\/#website"},"primaryImageOfPage":{"@id":"https:\/\/enoaudio.de\/fr\/produkt\/m3106bk-36m3xm-y\/#primaryimage"},"image":{"@id":"https:\/\/enoaudio.de\/fr\/produkt\/m3106bk-36m3xm-y\/#primaryimage"},"thumbnailUrl":"https:\/\/enoaudio.de\/wp-content\/uploads\/M3106BK-36M3XM-Y_Y-Audio-cable-1.png","datePublished":"2020-10-28T13:20:58+00:00","dateModified":"2026-01-09T07:36:53+00:00","breadcrumb":{"@id":"https:\/\/enoaudio.de\/fr\/produkt\/m3106bk-36m3xm-y\/#breadcrumb"},"inLanguage":"fr-FR","potentialAction":[{"@type":"ReadAction","target":["https:\/\/enoaudio.de\/fr\/produkt\/m3106bk-36m3xm-y\/"]}]},{"@type":"ImageObject","inLanguage":"fr-FR","@id":"https:\/\/enoaudio.de\/fr\/produkt\/m3106bk-36m3xm-y\/#primaryimage","url":"https:\/\/enoaudio.de\/wp-content\/uploads\/M3106BK-36M3XM-Y_Y-Audio-cable-1.png","contentUrl":"https:\/\/enoaudio.de\/wp-content\/uploads\/M3106BK-36M3XM-Y_Y-Audio-cable-1.png","width":1800,"height":1200},{"@type":"BreadcrumbList","@id":"https:\/\/enoaudio.de\/fr\/produkt\/m3106bk-36m3xm-y\/#breadcrumb","itemListElement":[{"@type":"ListItem","position":1,"name":"Startseite","item":"https:\/\/enoaudio.de\/fr\/boutique\/"},{"@type":"ListItem","position":2,"name":"Boutique","item":"https:\/\/enoaudio.de\/fr\/boutique\/"},{"@type":"ListItem","position":3,"name":"enoaudio Mogami 3106 st\u00e9r\u00e9o microphone C\u00e2ble Y Audio Professionnel | Neutrik Gold 6,3mm TRS \u2013 Neutrik XLR m\u00e2le (L,R) | HiFi"}]},{"@type":"WebSite","@id":"https:\/\/enoaudio.de\/fr\/#website","url":"https:\/\/enoaudio.de\/fr\/","name":"enoaudio","description":"HIgh Quality Cables for Professionals","publisher":{"@id":"https:\/\/enoaudio.de\/fr\/#organization"},"potentialAction":[{"@type":"SearchAction","target":{"@type":"EntryPoint","urlTemplate":"https:\/\/enoaudio.de\/fr\/?s={search_term_string}"},"query-input":{"@type":"PropertyValueSpecification","valueRequired":true,"valueName":"search_term_string"}}],"inLanguage":"fr-FR"},{"@type":"Organization","@id":"https:\/\/enoaudio.de\/fr\/#organization","name":"enoaudio","url":"https:\/\/enoaudio.de\/fr\/","logo":{"@type":"ImageObject","inLanguage":"fr-FR","@id":"https:\/\/enoaudio.de\/fr\/#\/schema\/logo\/image\/","url":"https:\/\/enoaudio.de\/wordpress\/wp-content\/uploads\/2018\/02\/enoaudio_title.png","contentUrl":"https:\/\/enoaudio.de\/wordpress\/wp-content\/uploads\/2018\/02\/enoaudio_title.png","width":1018,"height":168,"caption":"enoaudio"},"image":{"@id":"https:\/\/enoaudio.de\/fr\/#\/schema\/logo\/image\/"}}]},"og_availability":"instock","product_availability":"instock","product_retailer_item_id":"M3106BK-36M3XM-Y","product_condition":"new"},"_links":{"self":[{"href":"https:\/\/enoaudio.de\/fr\/wp-json\/wp\/v2\/product\/165190","targetHints":{"allow":["GET"]}}],"collection":[{"href":"https:\/\/enoaudio.de\/fr\/wp-json\/wp\/v2\/product"}],"about":[{"href":"https:\/\/enoaudio.de\/fr\/wp-json\/wp\/v2\/types\/product"}],"replies":[{"embeddable":true,"href":"https:\/\/enoaudio.de\/fr\/wp-json\/wp\/v2\/comments?post=165190"}],"wp:featuredmedia":[{"embeddable":true,"href":"https:\/\/enoaudio.de\/fr\/wp-json\/wp\/v2\/media\/324364"}],"wp:attachment":[{"href":"https:\/\/enoaudio.de\/fr\/wp-json\/wp\/v2\/media?parent=165190"}],"wp:term":[{"taxonomy":"product_brand","embeddable":true,"href":"https:\/\/enoaudio.de\/fr\/wp-json\/wp\/v2\/product_brand?post=165190"},{"taxonomy":"product_cat","embeddable":true,"href":"https:\/\/enoaudio.de\/fr\/wp-json\/wp\/v2\/product_cat?post=165190"},{"taxonomy":"product_tag","embeddable":true,"href":"https:\/\/enoaudio.de\/fr\/wp-json\/wp\/v2\/product_tag?post=165190"}],"curies":[{"name":"wp","href":"https:\/\/api.w.org\/{rel}","templated":true}]}}