{"id":26300,"date":"2018-09-29T22:54:39","date_gmt":"2018-09-29T20:54:39","guid":{"rendered":"https:\/\/enoaudio.de\/?post_type=product&#038;p=26300"},"modified":"2025-11-24T09:50:39","modified_gmt":"2025-11-24T08:50:39","slug":"m3082bk-2sm3xm","status":"publish","type":"product","link":"https:\/\/enoaudio.de\/fr\/produkt\/m3082bk-2sm3xm\/","title":{"rendered":"enoaudio Mogami 3082 C\u00e2ble de haut-parleur | Neutrik Gold XLR m\u00e2le &#8211; Speakon | HiFi"},"content":{"rendered":"<p>Le c\u00e2ble de haut-parleur Mogami 3082 a \u00e9t\u00e9 sp\u00e9cialement con\u00e7u pour le connecteur XLR. La conception coaxiale permet la grande taille de conducteur (2 mm), tout en conservant un petit diam\u00e8tre ext\u00e9rieur (6,5 mm). Les mat\u00e9riaux, y compris le cuivre sans oxyg\u00e8ne (OFC), se traduit par une meilleure qualit\u00e9 sonore que ce qui est possible avec une configuration quadruple ou parall\u00e8le typique. Le 3082 a une conduction et une induction extr\u00eamement faibles vers et depuis les signaux externes. L'imp\u00e9dance est con\u00e7ue pr\u00e9cis\u00e9ment pour \u00eatre utilis\u00e9e comme c\u00e2ble de haut-parleur.<\/p>\n<span>Le c\u00e2ble est fabriqu\u00e9 au Japon par Mogami et assembl\u00e9 individuellement en Allemagne par enoaudio.<\/span> <br \/>\n<span>Chaque c\u00e2ble est soumis \u00e0 des tests approfondis de qualit\u00e9 garantie.<\/span><span>enoaudio offre une garantie de 10 ans sur ces c\u00e2bles \u00e0 partir de la date d'achat.<\/span>\n","protected":false},"excerpt":{"rendered":"<p>C\u00e2ble: Mogami 3082\nConnecteur A:\u00a0Neutrik Speakon (NL2 FX)\nConnecteur B:\u00a0Neutrik Gold XLR male (NC3 MXX-B)\n","protected":false},"featured_media":324264,"comment_status":"open","ping_status":"closed","template":"","meta":{"_acf_changed":false},"product_brand":[],"product_cat":[608],"product_tag":[463,609],"class_list":{"0":"post-26300","1":"product","2":"type-product","3":"status-publish","4":"has-post-thumbnail","6":"product_cat-lautsprecher-kabel-fr","7":"product_tag-mogami-fr","8":"product_tag-w3082-fr","9":"pa_length-15-m-fr","10":"pa_length-0100m-fr","11":"pa_length-1000m-fr","12":"pa_length-0200m-fr","13":"pa_length-0300m-fr","14":"pa_length-0500m-fr","15":"pa_length-0700m-fr","17":"first","18":"instock","19":"taxable","20":"shipping-taxable","21":"purchasable","22":"product-type-variable"},"acf":[],"yoast_head":"<!-- This site is optimized with the Yoast SEO plugin v27.1.1 - https:\/\/yoast.com\/product\/yoast-seo-wordpress\/ -->\n<title>enoaudio Mogami 3082 C\u00e2ble de haut-parleur | Neutrik Gold XLR m\u00e2le - Speakon | HiFi - enoaudio<\/title>\n<meta name=\"robots\" content=\"index, follow, max-snippet:-1, max-image-preview:large, max-video-preview:-1\" \/>\n<link rel=\"canonical\" href=\"https:\/\/enoaudio.de\/fr\/produkt\/m3082bk-2sm3xm\/\" \/>\n<meta property=\"og:locale\" content=\"fr_FR\" \/>\n<meta property=\"og:type\" content=\"article\" \/>\n<meta property=\"og:title\" content=\"enoaudio Mogami 3082 C\u00e2ble de haut-parleur | Neutrik Gold XLR m\u00e2le - Speakon | HiFi - enoaudio\" \/>\n<meta property=\"og:description\" content=\"C\u00e2ble:  Connecteur A:\u00a0 Connecteur B:\u00a0\" \/>\n<meta property=\"og:url\" content=\"https:\/\/enoaudio.de\/fr\/produkt\/m3082bk-2sm3xm\/\" \/>\n<meta property=\"og:site_name\" content=\"enoaudio\" \/>\n<meta property=\"article:modified_time\" content=\"2025-11-24T08:50:39+00:00\" \/>\n<meta property=\"og:image\" content=\"https:\/\/enoaudio.de\/wordpress\/wp-content\/uploads\/DSC_0051-scaled.jpg\" \/>\n\t<meta property=\"og:image:width\" content=\"2560\" \/>\n\t<meta property=\"og:image:height\" content=\"1700\" \/>\n\t<meta property=\"og:image:type\" content=\"image\/jpeg\" \/>\n<meta name=\"twitter:card\" content=\"summary_large_image\" \/>\n<meta name=\"twitter:label1\" content=\"Availability\" \/>\n\t<meta name=\"twitter:data1\" content=\"In stock\" \/>\n<script type=\"application\/ld+json\" class=\"yoast-schema-graph\">{\"@context\":\"https:\/\/schema.org\",\"@graph\":[{\"@type\":\"WebPage\",\"@id\":\"https:\/\/enoaudio.de\/fr\/produkt\/m3082bk-2sm3xm\/\",\"url\":\"https:\/\/enoaudio.de\/fr\/produkt\/m3082bk-2sm3xm\/\",\"name\":\"enoaudio Mogami 3082 C\u00e2ble de haut-parleur | Neutrik Gold XLR m\u00e2le - Speakon | HiFi - enoaudio\",\"isPartOf\":{\"@id\":\"https:\/\/enoaudio.de\/fr\/#website\"},\"primaryImageOfPage\":{\"@id\":\"https:\/\/enoaudio.de\/fr\/produkt\/m3082bk-2sm3xm\/#primaryimage\"},\"image\":{\"@id\":\"https:\/\/enoaudio.de\/fr\/produkt\/m3082bk-2sm3xm\/#primaryimage\"},\"thumbnailUrl\":\"https:\/\/enoaudio.de\/wp-content\/uploads\/M3082BK-2SM3XM_High-End-speaker-cable-min-1.png\",\"datePublished\":\"2018-09-29T20:54:39+00:00\",\"dateModified\":\"2025-11-24T08:50:39+00:00\",\"breadcrumb\":{\"@id\":\"https:\/\/enoaudio.de\/fr\/produkt\/m3082bk-2sm3xm\/#breadcrumb\"},\"inLanguage\":\"fr-FR\",\"potentialAction\":[{\"@type\":\"ReadAction\",\"target\":[\"https:\/\/enoaudio.de\/fr\/produkt\/m3082bk-2sm3xm\/\"]}]},{\"@type\":\"ImageObject\",\"inLanguage\":\"fr-FR\",\"@id\":\"https:\/\/enoaudio.de\/fr\/produkt\/m3082bk-2sm3xm\/#primaryimage\",\"url\":\"https:\/\/enoaudio.de\/wp-content\/uploads\/M3082BK-2SM3XM_High-End-speaker-cable-min-1.png\",\"contentUrl\":\"https:\/\/enoaudio.de\/wp-content\/uploads\/M3082BK-2SM3XM_High-End-speaker-cable-min-1.png\",\"width\":1800,\"height\":1196},{\"@type\":\"BreadcrumbList\",\"@id\":\"https:\/\/enoaudio.de\/fr\/produkt\/m3082bk-2sm3xm\/#breadcrumb\",\"itemListElement\":[{\"@type\":\"ListItem\",\"position\":1,\"name\":\"Startseite\",\"item\":\"https:\/\/enoaudio.de\/fr\/boutique\/\"},{\"@type\":\"ListItem\",\"position\":2,\"name\":\"Boutique\",\"item\":\"https:\/\/enoaudio.de\/fr\/boutique\/\"},{\"@type\":\"ListItem\",\"position\":3,\"name\":\"enoaudio Mogami 3082 C\u00e2ble de haut-parleur | Neutrik Gold XLR m\u00e2le &#8211; Speakon | HiFi\"}]},{\"@type\":\"WebSite\",\"@id\":\"https:\/\/enoaudio.de\/fr\/#website\",\"url\":\"https:\/\/enoaudio.de\/fr\/\",\"name\":\"enoaudio\",\"description\":\"HIgh Quality Cables for Professionals\",\"publisher\":{\"@id\":\"https:\/\/enoaudio.de\/fr\/#organization\"},\"potentialAction\":[{\"@type\":\"SearchAction\",\"target\":{\"@type\":\"EntryPoint\",\"urlTemplate\":\"https:\/\/enoaudio.de\/fr\/?s={search_term_string}\"},\"query-input\":{\"@type\":\"PropertyValueSpecification\",\"valueRequired\":true,\"valueName\":\"search_term_string\"}}],\"inLanguage\":\"fr-FR\"},{\"@type\":\"Organization\",\"@id\":\"https:\/\/enoaudio.de\/fr\/#organization\",\"name\":\"enoaudio\",\"url\":\"https:\/\/enoaudio.de\/fr\/\",\"logo\":{\"@type\":\"ImageObject\",\"inLanguage\":\"fr-FR\",\"@id\":\"https:\/\/enoaudio.de\/fr\/#\/schema\/logo\/image\/\",\"url\":\"https:\/\/enoaudio.de\/wordpress\/wp-content\/uploads\/2018\/02\/enoaudio_title.png\",\"contentUrl\":\"https:\/\/enoaudio.de\/wordpress\/wp-content\/uploads\/2018\/02\/enoaudio_title.png\",\"width\":1018,\"height\":168,\"caption\":\"enoaudio\"},\"image\":{\"@id\":\"https:\/\/enoaudio.de\/fr\/#\/schema\/logo\/image\/\"}}]}<\/script>\n<meta property=\"og:availability\" content=\"instock\" \/>\n<meta property=\"product:availability\" content=\"instock\" \/>\n<meta property=\"product:retailer_item_id\" content=\"M3082BK-2SM3XM\" \/>\n<meta property=\"product:condition\" content=\"new\" \/>\n<!-- \/ Yoast SEO plugin. -->","yoast_head_json":{"title":"enoaudio Mogami 3082 C\u00e2ble de haut-parleur | Neutrik Gold XLR m\u00e2le - Speakon | HiFi - enoaudio","robots":{"index":"index","follow":"follow","max-snippet":"max-snippet:-1","max-image-preview":"max-image-preview:large","max-video-preview":"max-video-preview:-1"},"canonical":"https:\/\/enoaudio.de\/fr\/produkt\/m3082bk-2sm3xm\/","og_locale":"fr_FR","og_type":"article","og_title":"enoaudio Mogami 3082 C\u00e2ble de haut-parleur | Neutrik Gold XLR m\u00e2le - Speakon | HiFi - enoaudio","og_description":"C\u00e2ble:  Connecteur A:\u00a0 Connecteur B:\u00a0","og_url":"https:\/\/enoaudio.de\/fr\/produkt\/m3082bk-2sm3xm\/","og_site_name":"enoaudio","article_modified_time":"2025-11-24T08:50:39+00:00","og_image":[{"width":2560,"height":1700,"url":"https:\/\/enoaudio.de\/wordpress\/wp-content\/uploads\/DSC_0051-scaled.jpg","type":"image\/jpeg"}],"twitter_card":"summary_large_image","twitter_misc":{"Availability":"In stock"},"schema":{"@context":"https:\/\/schema.org","@graph":[{"@type":"WebPage","@id":"https:\/\/enoaudio.de\/fr\/produkt\/m3082bk-2sm3xm\/","url":"https:\/\/enoaudio.de\/fr\/produkt\/m3082bk-2sm3xm\/","name":"enoaudio Mogami 3082 C\u00e2ble de haut-parleur | Neutrik Gold XLR m\u00e2le - Speakon | HiFi - enoaudio","isPartOf":{"@id":"https:\/\/enoaudio.de\/fr\/#website"},"primaryImageOfPage":{"@id":"https:\/\/enoaudio.de\/fr\/produkt\/m3082bk-2sm3xm\/#primaryimage"},"image":{"@id":"https:\/\/enoaudio.de\/fr\/produkt\/m3082bk-2sm3xm\/#primaryimage"},"thumbnailUrl":"https:\/\/enoaudio.de\/wp-content\/uploads\/M3082BK-2SM3XM_High-End-speaker-cable-min-1.png","datePublished":"2018-09-29T20:54:39+00:00","dateModified":"2025-11-24T08:50:39+00:00","breadcrumb":{"@id":"https:\/\/enoaudio.de\/fr\/produkt\/m3082bk-2sm3xm\/#breadcrumb"},"inLanguage":"fr-FR","potentialAction":[{"@type":"ReadAction","target":["https:\/\/enoaudio.de\/fr\/produkt\/m3082bk-2sm3xm\/"]}]},{"@type":"ImageObject","inLanguage":"fr-FR","@id":"https:\/\/enoaudio.de\/fr\/produkt\/m3082bk-2sm3xm\/#primaryimage","url":"https:\/\/enoaudio.de\/wp-content\/uploads\/M3082BK-2SM3XM_High-End-speaker-cable-min-1.png","contentUrl":"https:\/\/enoaudio.de\/wp-content\/uploads\/M3082BK-2SM3XM_High-End-speaker-cable-min-1.png","width":1800,"height":1196},{"@type":"BreadcrumbList","@id":"https:\/\/enoaudio.de\/fr\/produkt\/m3082bk-2sm3xm\/#breadcrumb","itemListElement":[{"@type":"ListItem","position":1,"name":"Startseite","item":"https:\/\/enoaudio.de\/fr\/boutique\/"},{"@type":"ListItem","position":2,"name":"Boutique","item":"https:\/\/enoaudio.de\/fr\/boutique\/"},{"@type":"ListItem","position":3,"name":"enoaudio Mogami 3082 C\u00e2ble de haut-parleur | Neutrik Gold XLR m\u00e2le &#8211; Speakon | HiFi"}]},{"@type":"WebSite","@id":"https:\/\/enoaudio.de\/fr\/#website","url":"https:\/\/enoaudio.de\/fr\/","name":"enoaudio","description":"HIgh Quality Cables for Professionals","publisher":{"@id":"https:\/\/enoaudio.de\/fr\/#organization"},"potentialAction":[{"@type":"SearchAction","target":{"@type":"EntryPoint","urlTemplate":"https:\/\/enoaudio.de\/fr\/?s={search_term_string}"},"query-input":{"@type":"PropertyValueSpecification","valueRequired":true,"valueName":"search_term_string"}}],"inLanguage":"fr-FR"},{"@type":"Organization","@id":"https:\/\/enoaudio.de\/fr\/#organization","name":"enoaudio","url":"https:\/\/enoaudio.de\/fr\/","logo":{"@type":"ImageObject","inLanguage":"fr-FR","@id":"https:\/\/enoaudio.de\/fr\/#\/schema\/logo\/image\/","url":"https:\/\/enoaudio.de\/wordpress\/wp-content\/uploads\/2018\/02\/enoaudio_title.png","contentUrl":"https:\/\/enoaudio.de\/wordpress\/wp-content\/uploads\/2018\/02\/enoaudio_title.png","width":1018,"height":168,"caption":"enoaudio"},"image":{"@id":"https:\/\/enoaudio.de\/fr\/#\/schema\/logo\/image\/"}}]},"og_availability":"instock","product_availability":"instock","product_retailer_item_id":"M3082BK-2SM3XM","product_condition":"new"},"_links":{"self":[{"href":"https:\/\/enoaudio.de\/fr\/wp-json\/wp\/v2\/product\/26300","targetHints":{"allow":["GET"]}}],"collection":[{"href":"https:\/\/enoaudio.de\/fr\/wp-json\/wp\/v2\/product"}],"about":[{"href":"https:\/\/enoaudio.de\/fr\/wp-json\/wp\/v2\/types\/product"}],"replies":[{"embeddable":true,"href":"https:\/\/enoaudio.de\/fr\/wp-json\/wp\/v2\/comments?post=26300"}],"wp:featuredmedia":[{"embeddable":true,"href":"https:\/\/enoaudio.de\/fr\/wp-json\/wp\/v2\/media\/324264"}],"wp:attachment":[{"href":"https:\/\/enoaudio.de\/fr\/wp-json\/wp\/v2\/media?parent=26300"}],"wp:term":[{"taxonomy":"product_brand","embeddable":true,"href":"https:\/\/enoaudio.de\/fr\/wp-json\/wp\/v2\/product_brand?post=26300"},{"taxonomy":"product_cat","embeddable":true,"href":"https:\/\/enoaudio.de\/fr\/wp-json\/wp\/v2\/product_cat?post=26300"},{"taxonomy":"product_tag","embeddable":true,"href":"https:\/\/enoaudio.de\/fr\/wp-json\/wp\/v2\/product_tag?post=26300"}],"curies":[{"name":"wp","href":"https:\/\/api.w.org\/{rel}","templated":true}]}}