{"id":296127,"date":"2024-05-23T13:03:00","date_gmt":"2024-05-16T09:33:09","guid":{"rendered":"https:\/\/enoaudio.de\/produkt\/bst-m2534bk-26m36f\/"},"modified":"2025-04-14T17:02:53","modified_gmt":"2025-04-14T15:02:53","slug":"bst-m2534bk-26m36f","status":"publish","type":"product","link":"https:\/\/enoaudio.de\/fr\/produkt\/bst-m2534bk-26m36f\/","title":{"rendered":"[B-Stock] enoaudio Mogami 2534 Quad C\u00e2ble Rallonge Professionnel asym\u00e9trique | Neutrik Gold 6,3mm TS &#8211; 6,3mm TS femelle | HiFi"},"content":{"rendered":"<h4>B-Stock : Les produits B-Stock ont \u00e9t\u00e9 test\u00e9s et sont enti\u00e8rement fonctionnels comme neufs. L'ext\u00e9rieur (gaine, prise) peut pr\u00e9senter de l\u00e9g\u00e8res rayures ou salissures. Le c\u00e2ble peut \u00e9galement avoir de petites particularit\u00e9s. Veuillez en \u00eatre conscient avant d'acheter.<\/h4>\n<p>Le c\u00e2ble haute d\u00e9finition Mogami 2534 Neglex Quad est fait en cuivre sans oxyg\u00e8ne (OFC).\nLa transmission du signal \u00e0 quatre c\u0153urs et le blindage en spirale extr\u00eamement serr\u00e9 emp\u00eachent efficacement les interf\u00e9rences \u00e9lectromagn\u00e9tiques. Le r\u00e9sultat est des enregistrements sans interf\u00e9rence et une plage dynamique \u00e9largi.\nCaract\u00e9ristiques: caract\u00e9ristiques sonores uniques et de  haut qualit\u00e9, flexibles, robustes, faciles \u00e0 installer.<\/p><span>Le c\u00e2ble est fabriqu\u00e9 au Japon par Mogami et assembl\u00e9 individuellement en Allemagne par enoaudio.<\/span> <span>Chaque c\u00e2ble est soumis \u00e0 des tests approfondis de qualit\u00e9 garantie.<\/span><span>enoaudio offre une garantie de 10 ans sur ces c\u00e2bles \u00e0 partir de la date d'achat.<\/span>\n","protected":false},"excerpt":{"rendered":"<p>C\u00e2ble: Mogami Neglex 2534Connecteur A:\u00a0Neutrik Gold 6,35mm TS (NP2 X-B)Connecteur B:\u00a0Neutrik 6,35mm TRS female (NJ3FC6-BAG)\n","protected":false},"featured_media":324455,"comment_status":"closed","ping_status":"closed","template":"","meta":{"_acf_changed":false},"product_brand":[],"product_cat":[864,485],"product_tag":[857,463,464],"class_list":{"0":"post-296127","1":"product","2":"type-product","3":"status-publish","4":"has-post-thumbnail","6":"product_cat-b-stock-fr","7":"product_cat-verlaengerungskabel-fr","8":"product_tag-b-stock-fr","9":"product_tag-mogami-fr","10":"product_tag-w2534-fr","11":"pa_length-0050m-fr","12":"pa_length-0100m-fr","13":"pa_length-0150m-fr","14":"pa_length-1000m-fr","15":"pa_length-0200m-fr","16":"pa_length-0300m-fr","17":"pa_length-0500m-fr","18":"pa_length-0700m-fr","20":"first","21":"instock","22":"sale","23":"taxable","24":"shipping-taxable","25":"purchasable","26":"product-type-variable"},"acf":[],"yoast_head":"<!-- This site is optimized with the Yoast SEO plugin v27.1.1 - https:\/\/yoast.com\/product\/yoast-seo-wordpress\/ -->\n<title>[B-Stock] enoaudio Mogami 2534 Quad C\u00e2ble Rallonge Professionnel asym\u00e9trique | Neutrik Gold 6,3mm TS - 6,3mm TS femelle | HiFi - enoaudio<\/title>\n<meta name=\"robots\" content=\"index, follow, max-snippet:-1, max-image-preview:large, max-video-preview:-1\" \/>\n<link rel=\"canonical\" href=\"https:\/\/enoaudio.de\/fr\/produkt\/bst-m2534bk-26m36f\/\" \/>\n<meta property=\"og:locale\" content=\"fr_FR\" \/>\n<meta property=\"og:type\" content=\"article\" \/>\n<meta property=\"og:title\" content=\"[B-Stock] enoaudio Mogami 2534 Quad C\u00e2ble Rallonge Professionnel asym\u00e9trique | Neutrik Gold 6,3mm TS - 6,3mm TS femelle | HiFi - enoaudio\" \/>\n<meta property=\"og:description\" content=\"C\u00e2ble: Connecteur A:\u00a0Connecteur B:\u00a0\" \/>\n<meta property=\"og:url\" content=\"https:\/\/enoaudio.de\/fr\/produkt\/bst-m2534bk-26m36f\/\" \/>\n<meta property=\"og:site_name\" content=\"enoaudio\" \/>\n<meta property=\"article:modified_time\" content=\"2025-04-14T15:02:53+00:00\" \/>\n<meta property=\"og:image\" content=\"https:\/\/enoaudio.de\/wordpress\/wp-content\/uploads\/DSC_0833e-scaled.webp\" \/>\n\t<meta property=\"og:image:width\" content=\"2560\" \/>\n\t<meta property=\"og:image:height\" content=\"1700\" \/>\n\t<meta property=\"og:image:type\" content=\"image\/webp\" \/>\n<meta name=\"twitter:card\" content=\"summary_large_image\" \/>\n<meta name=\"twitter:label1\" content=\"Availability\" \/>\n\t<meta name=\"twitter:data1\" content=\"In stock\" \/>\n<script type=\"application\/ld+json\" class=\"yoast-schema-graph\">{\"@context\":\"https:\/\/schema.org\",\"@graph\":[{\"@type\":\"WebPage\",\"@id\":\"https:\/\/enoaudio.de\/fr\/produkt\/bst-m2534bk-26m36f\/\",\"url\":\"https:\/\/enoaudio.de\/fr\/produkt\/bst-m2534bk-26m36f\/\",\"name\":\"[B-Stock] enoaudio Mogami 2534 Quad C\u00e2ble Rallonge Professionnel asym\u00e9trique | Neutrik Gold 6,3mm TS - 6,3mm TS femelle | HiFi - enoaudio\",\"isPartOf\":{\"@id\":\"https:\/\/enoaudio.de\/fr\/#website\"},\"primaryImageOfPage\":{\"@id\":\"https:\/\/enoaudio.de\/fr\/produkt\/bst-m2534bk-26m36f\/#primaryimage\"},\"image\":{\"@id\":\"https:\/\/enoaudio.de\/fr\/produkt\/bst-m2534bk-26m36f\/#primaryimage\"},\"thumbnailUrl\":\"https:\/\/enoaudio.de\/wp-content\/uploads\/M2534BK-26M36F_Extension-Cable-Balanced-Unbalanced-min-1.png\",\"datePublished\":\"2024-05-16T09:33:09+00:00\",\"dateModified\":\"2025-04-14T15:02:53+00:00\",\"breadcrumb\":{\"@id\":\"https:\/\/enoaudio.de\/fr\/produkt\/bst-m2534bk-26m36f\/#breadcrumb\"},\"inLanguage\":\"fr-FR\",\"potentialAction\":[{\"@type\":\"ReadAction\",\"target\":[\"https:\/\/enoaudio.de\/fr\/produkt\/bst-m2534bk-26m36f\/\"]}]},{\"@type\":\"ImageObject\",\"inLanguage\":\"fr-FR\",\"@id\":\"https:\/\/enoaudio.de\/fr\/produkt\/bst-m2534bk-26m36f\/#primaryimage\",\"url\":\"https:\/\/enoaudio.de\/wp-content\/uploads\/M2534BK-26M36F_Extension-Cable-Balanced-Unbalanced-min-1.png\",\"contentUrl\":\"https:\/\/enoaudio.de\/wp-content\/uploads\/M2534BK-26M36F_Extension-Cable-Balanced-Unbalanced-min-1.png\",\"width\":1800,\"height\":1196},{\"@type\":\"BreadcrumbList\",\"@id\":\"https:\/\/enoaudio.de\/fr\/produkt\/bst-m2534bk-26m36f\/#breadcrumb\",\"itemListElement\":[{\"@type\":\"ListItem\",\"position\":1,\"name\":\"Startseite\",\"item\":\"https:\/\/enoaudio.de\/fr\/boutique\/\"},{\"@type\":\"ListItem\",\"position\":2,\"name\":\"Boutique\",\"item\":\"https:\/\/enoaudio.de\/fr\/boutique\/\"},{\"@type\":\"ListItem\",\"position\":3,\"name\":\"[B-Stock] enoaudio Mogami 2534 Quad C\u00e2ble Rallonge Professionnel asym\u00e9trique | Neutrik Gold 6,3mm TS &#8211; 6,3mm TS femelle | HiFi\"}]},{\"@type\":\"WebSite\",\"@id\":\"https:\/\/enoaudio.de\/fr\/#website\",\"url\":\"https:\/\/enoaudio.de\/fr\/\",\"name\":\"enoaudio\",\"description\":\"HIgh Quality Cables for Professionals\",\"publisher\":{\"@id\":\"https:\/\/enoaudio.de\/fr\/#organization\"},\"potentialAction\":[{\"@type\":\"SearchAction\",\"target\":{\"@type\":\"EntryPoint\",\"urlTemplate\":\"https:\/\/enoaudio.de\/fr\/?s={search_term_string}\"},\"query-input\":{\"@type\":\"PropertyValueSpecification\",\"valueRequired\":true,\"valueName\":\"search_term_string\"}}],\"inLanguage\":\"fr-FR\"},{\"@type\":\"Organization\",\"@id\":\"https:\/\/enoaudio.de\/fr\/#organization\",\"name\":\"enoaudio\",\"url\":\"https:\/\/enoaudio.de\/fr\/\",\"logo\":{\"@type\":\"ImageObject\",\"inLanguage\":\"fr-FR\",\"@id\":\"https:\/\/enoaudio.de\/fr\/#\/schema\/logo\/image\/\",\"url\":\"https:\/\/enoaudio.de\/wordpress\/wp-content\/uploads\/2018\/02\/enoaudio_title.png\",\"contentUrl\":\"https:\/\/enoaudio.de\/wordpress\/wp-content\/uploads\/2018\/02\/enoaudio_title.png\",\"width\":1018,\"height\":168,\"caption\":\"enoaudio\"},\"image\":{\"@id\":\"https:\/\/enoaudio.de\/fr\/#\/schema\/logo\/image\/\"}}]}<\/script>\n<meta property=\"og:availability\" content=\"instock\" \/>\n<meta property=\"product:availability\" content=\"instock\" \/>\n<meta property=\"product:retailer_item_id\" content=\"BST-M2534BK-26M36F\" \/>\n<meta property=\"product:condition\" content=\"new\" \/>\n<!-- \/ Yoast SEO plugin. -->","yoast_head_json":{"title":"[B-Stock] enoaudio Mogami 2534 Quad C\u00e2ble Rallonge Professionnel asym\u00e9trique | Neutrik Gold 6,3mm TS - 6,3mm TS femelle | HiFi - enoaudio","robots":{"index":"index","follow":"follow","max-snippet":"max-snippet:-1","max-image-preview":"max-image-preview:large","max-video-preview":"max-video-preview:-1"},"canonical":"https:\/\/enoaudio.de\/fr\/produkt\/bst-m2534bk-26m36f\/","og_locale":"fr_FR","og_type":"article","og_title":"[B-Stock] enoaudio Mogami 2534 Quad C\u00e2ble Rallonge Professionnel asym\u00e9trique | Neutrik Gold 6,3mm TS - 6,3mm TS femelle | HiFi - enoaudio","og_description":"C\u00e2ble: Connecteur A:\u00a0Connecteur B:\u00a0","og_url":"https:\/\/enoaudio.de\/fr\/produkt\/bst-m2534bk-26m36f\/","og_site_name":"enoaudio","article_modified_time":"2025-04-14T15:02:53+00:00","og_image":[{"width":2560,"height":1700,"url":"https:\/\/enoaudio.de\/wordpress\/wp-content\/uploads\/DSC_0833e-scaled.webp","type":"image\/webp"}],"twitter_card":"summary_large_image","twitter_misc":{"Availability":"In stock"},"schema":{"@context":"https:\/\/schema.org","@graph":[{"@type":"WebPage","@id":"https:\/\/enoaudio.de\/fr\/produkt\/bst-m2534bk-26m36f\/","url":"https:\/\/enoaudio.de\/fr\/produkt\/bst-m2534bk-26m36f\/","name":"[B-Stock] enoaudio Mogami 2534 Quad C\u00e2ble Rallonge Professionnel asym\u00e9trique | Neutrik Gold 6,3mm TS - 6,3mm TS femelle | HiFi - enoaudio","isPartOf":{"@id":"https:\/\/enoaudio.de\/fr\/#website"},"primaryImageOfPage":{"@id":"https:\/\/enoaudio.de\/fr\/produkt\/bst-m2534bk-26m36f\/#primaryimage"},"image":{"@id":"https:\/\/enoaudio.de\/fr\/produkt\/bst-m2534bk-26m36f\/#primaryimage"},"thumbnailUrl":"https:\/\/enoaudio.de\/wp-content\/uploads\/M2534BK-26M36F_Extension-Cable-Balanced-Unbalanced-min-1.png","datePublished":"2024-05-16T09:33:09+00:00","dateModified":"2025-04-14T15:02:53+00:00","breadcrumb":{"@id":"https:\/\/enoaudio.de\/fr\/produkt\/bst-m2534bk-26m36f\/#breadcrumb"},"inLanguage":"fr-FR","potentialAction":[{"@type":"ReadAction","target":["https:\/\/enoaudio.de\/fr\/produkt\/bst-m2534bk-26m36f\/"]}]},{"@type":"ImageObject","inLanguage":"fr-FR","@id":"https:\/\/enoaudio.de\/fr\/produkt\/bst-m2534bk-26m36f\/#primaryimage","url":"https:\/\/enoaudio.de\/wp-content\/uploads\/M2534BK-26M36F_Extension-Cable-Balanced-Unbalanced-min-1.png","contentUrl":"https:\/\/enoaudio.de\/wp-content\/uploads\/M2534BK-26M36F_Extension-Cable-Balanced-Unbalanced-min-1.png","width":1800,"height":1196},{"@type":"BreadcrumbList","@id":"https:\/\/enoaudio.de\/fr\/produkt\/bst-m2534bk-26m36f\/#breadcrumb","itemListElement":[{"@type":"ListItem","position":1,"name":"Startseite","item":"https:\/\/enoaudio.de\/fr\/boutique\/"},{"@type":"ListItem","position":2,"name":"Boutique","item":"https:\/\/enoaudio.de\/fr\/boutique\/"},{"@type":"ListItem","position":3,"name":"[B-Stock] enoaudio Mogami 2534 Quad C\u00e2ble Rallonge Professionnel asym\u00e9trique | Neutrik Gold 6,3mm TS &#8211; 6,3mm TS femelle | HiFi"}]},{"@type":"WebSite","@id":"https:\/\/enoaudio.de\/fr\/#website","url":"https:\/\/enoaudio.de\/fr\/","name":"enoaudio","description":"HIgh Quality Cables for Professionals","publisher":{"@id":"https:\/\/enoaudio.de\/fr\/#organization"},"potentialAction":[{"@type":"SearchAction","target":{"@type":"EntryPoint","urlTemplate":"https:\/\/enoaudio.de\/fr\/?s={search_term_string}"},"query-input":{"@type":"PropertyValueSpecification","valueRequired":true,"valueName":"search_term_string"}}],"inLanguage":"fr-FR"},{"@type":"Organization","@id":"https:\/\/enoaudio.de\/fr\/#organization","name":"enoaudio","url":"https:\/\/enoaudio.de\/fr\/","logo":{"@type":"ImageObject","inLanguage":"fr-FR","@id":"https:\/\/enoaudio.de\/fr\/#\/schema\/logo\/image\/","url":"https:\/\/enoaudio.de\/wordpress\/wp-content\/uploads\/2018\/02\/enoaudio_title.png","contentUrl":"https:\/\/enoaudio.de\/wordpress\/wp-content\/uploads\/2018\/02\/enoaudio_title.png","width":1018,"height":168,"caption":"enoaudio"},"image":{"@id":"https:\/\/enoaudio.de\/fr\/#\/schema\/logo\/image\/"}}]},"og_availability":"instock","product_availability":"instock","product_retailer_item_id":"BST-M2534BK-26M36F","product_condition":"new"},"_links":{"self":[{"href":"https:\/\/enoaudio.de\/fr\/wp-json\/wp\/v2\/product\/296127","targetHints":{"allow":["GET"]}}],"collection":[{"href":"https:\/\/enoaudio.de\/fr\/wp-json\/wp\/v2\/product"}],"about":[{"href":"https:\/\/enoaudio.de\/fr\/wp-json\/wp\/v2\/types\/product"}],"replies":[{"embeddable":true,"href":"https:\/\/enoaudio.de\/fr\/wp-json\/wp\/v2\/comments?post=296127"}],"wp:featuredmedia":[{"embeddable":true,"href":"https:\/\/enoaudio.de\/fr\/wp-json\/wp\/v2\/media\/324455"}],"wp:attachment":[{"href":"https:\/\/enoaudio.de\/fr\/wp-json\/wp\/v2\/media?parent=296127"}],"wp:term":[{"taxonomy":"product_brand","embeddable":true,"href":"https:\/\/enoaudio.de\/fr\/wp-json\/wp\/v2\/product_brand?post=296127"},{"taxonomy":"product_cat","embeddable":true,"href":"https:\/\/enoaudio.de\/fr\/wp-json\/wp\/v2\/product_cat?post=296127"},{"taxonomy":"product_tag","embeddable":true,"href":"https:\/\/enoaudio.de\/fr\/wp-json\/wp\/v2\/product_tag?post=296127"}],"curies":[{"name":"wp","href":"https:\/\/api.w.org\/{rel}","templated":true}]}}