{"id":296675,"date":"2024-05-23T13:00:36","date_gmt":"2024-05-16T09:45:54","guid":{"rendered":"https:\/\/enoaudio.de\/produkt\/bst-m2948bk-5mm\/"},"modified":"2025-02-11T17:03:20","modified_gmt":"2025-02-11T16:03:20","slug":"bst-m2948bk-5mm","status":"publish","type":"product","link":"https:\/\/enoaudio.de\/fr\/produkt\/bst-m2948bk-5mm\/","title":{"rendered":"[B-Stock] enoaudio Mogami 2948 C\u00e2ble MIDI Professionnel | Neutrik Gold 5 Pin DIN | HiFi"},"content":{"rendered":"<h4>B-Stock : Les produits B-Stock ont \u00e9t\u00e9 test\u00e9s et sont enti\u00e8rement fonctionnels comme neufs. L'ext\u00e9rieur (gaine, prise) peut pr\u00e9senter de l\u00e9g\u00e8res rayures ou salissures. Le c\u00e2ble peut \u00e9galement avoir de petites particularit\u00e9s. Veuillez en \u00eatre conscient avant d'acheter.<\/h4>\n<p>Ceci est notre fait sur mesure c\u00e2ble MIDI haut de gamme. Le c\u00e2ble est compos\u00e9 de connecteurs DIN 5 broches de Neutrik et d'un c\u00e2ble Mogami 2948. Les connecteurs Neutrik sont parmi les meilleurs connecteurs de tous les temps. Le fil Mogami est le meilleur fil utilis\u00e9 dans les meilleurs studios, r\u00e9put\u00e9 pour sa qualit\u00e9 et sa durabilit\u00e9. Le c\u00e2ble Mogami 2948 est un c\u00e2ble tr\u00e8s flexible, durable et l\u00e9ger. Il s'agit d'un c\u00e2ble blind\u00e9 avec 4 conducteurs et nous connectons les 5 broches, contrairement \u00e0 certains c\u00e2bles MIDI moins chers.<\/p><span>Le c\u00e2ble est fabriqu\u00e9 au Japon par Mogami et assembl\u00e9 individuellement en Allemagne par enoaudio.<\/span> <span>Chaque c\u00e2ble est soumis \u00e0 des tests approfondis de qualit\u00e9 garantie.<\/span><span>enoaudio offre une garantie de 10 ans sur ces c\u00e2bles \u00e0 partir de la date d'achat.<\/span>\n","protected":false},"excerpt":{"rendered":"<p>C\u00e2ble: Mogami 2948Connecteur A:\u00a0Neutrik Rean Gold MIDI (NYS 322 G)Connecteur B:\u00a0Neutrik Rean Gold MIDI (NYS 322 G)\n","protected":false},"featured_media":324546,"comment_status":"closed","ping_status":"closed","template":"","meta":{"_acf_changed":false},"product_brand":[],"product_cat":[864,603],"product_tag":[857,463,604],"class_list":{"0":"post-296675","1":"product","2":"type-product","3":"status-publish","4":"has-post-thumbnail","6":"product_cat-b-stock-fr","7":"product_cat-midi-kabel-fr","8":"product_tag-b-stock-fr","9":"product_tag-mogami-fr","10":"product_tag-w2948-fr","11":"pa_length-0050m-fr","12":"pa_length-0100m-fr","13":"pa_length-0150m-fr","14":"pa_length-1000m-fr","15":"pa_length-0200m-fr","16":"pa_length-0300m-fr","17":"pa_length-0500m-fr","18":"pa_length-0700m-fr","20":"first","21":"instock","22":"sale","23":"taxable","24":"shipping-taxable","25":"purchasable","26":"product-type-variable"},"acf":[],"yoast_head":"<!-- This site is optimized with the Yoast SEO plugin v27.1.1 - https:\/\/yoast.com\/product\/yoast-seo-wordpress\/ -->\n<title>[B-Stock] enoaudio Mogami 2948 C\u00e2ble MIDI Professionnel | Neutrik Gold 5 Pin DIN | HiFi - enoaudio<\/title>\n<meta name=\"robots\" content=\"index, follow, max-snippet:-1, max-image-preview:large, max-video-preview:-1\" \/>\n<link rel=\"canonical\" href=\"https:\/\/enoaudio.de\/fr\/produkt\/bst-m2948bk-5mm\/\" \/>\n<meta property=\"og:locale\" content=\"fr_FR\" \/>\n<meta property=\"og:type\" content=\"article\" \/>\n<meta property=\"og:title\" content=\"[B-Stock] enoaudio Mogami 2948 C\u00e2ble MIDI Professionnel | Neutrik Gold 5 Pin DIN | HiFi - enoaudio\" \/>\n<meta property=\"og:description\" content=\"C\u00e2ble: Connecteur A:\u00a0Connecteur B:\u00a0\" \/>\n<meta property=\"og:url\" content=\"https:\/\/enoaudio.de\/fr\/produkt\/bst-m2948bk-5mm\/\" \/>\n<meta property=\"og:site_name\" content=\"enoaudio\" \/>\n<meta property=\"article:modified_time\" content=\"2025-02-11T16:03:20+00:00\" \/>\n<meta property=\"og:image\" content=\"https:\/\/enoaudio.de\/wordpress\/wp-content\/uploads\/M2948BK-5MM_MIDI-Cable-min-1.png\" \/>\n\t<meta property=\"og:image:width\" content=\"1800\" \/>\n\t<meta property=\"og:image:height\" content=\"1196\" \/>\n\t<meta property=\"og:image:type\" content=\"image\/png\" \/>\n<meta name=\"twitter:card\" content=\"summary_large_image\" \/>\n<meta name=\"twitter:label1\" content=\"Availability\" \/>\n\t<meta name=\"twitter:data1\" content=\"In stock\" \/>\n<script type=\"application\/ld+json\" class=\"yoast-schema-graph\">{\"@context\":\"https:\/\/schema.org\",\"@graph\":[{\"@type\":\"WebPage\",\"@id\":\"https:\/\/enoaudio.de\/fr\/produkt\/bst-m2948bk-5mm\/\",\"url\":\"https:\/\/enoaudio.de\/fr\/produkt\/bst-m2948bk-5mm\/\",\"name\":\"[B-Stock] enoaudio Mogami 2948 C\u00e2ble MIDI Professionnel | Neutrik Gold 5 Pin DIN | HiFi - enoaudio\",\"isPartOf\":{\"@id\":\"https:\/\/enoaudio.de\/fr\/#website\"},\"primaryImageOfPage\":{\"@id\":\"https:\/\/enoaudio.de\/fr\/produkt\/bst-m2948bk-5mm\/#primaryimage\"},\"image\":{\"@id\":\"https:\/\/enoaudio.de\/fr\/produkt\/bst-m2948bk-5mm\/#primaryimage\"},\"thumbnailUrl\":\"https:\/\/enoaudio.de\/wp-content\/uploads\/M2948BK-5MM_MIDI-Cable-min-1.png\",\"datePublished\":\"2024-05-16T09:45:54+00:00\",\"dateModified\":\"2025-02-11T16:03:20+00:00\",\"breadcrumb\":{\"@id\":\"https:\/\/enoaudio.de\/fr\/produkt\/bst-m2948bk-5mm\/#breadcrumb\"},\"inLanguage\":\"fr-FR\",\"potentialAction\":[{\"@type\":\"ReadAction\",\"target\":[\"https:\/\/enoaudio.de\/fr\/produkt\/bst-m2948bk-5mm\/\"]}]},{\"@type\":\"ImageObject\",\"inLanguage\":\"fr-FR\",\"@id\":\"https:\/\/enoaudio.de\/fr\/produkt\/bst-m2948bk-5mm\/#primaryimage\",\"url\":\"https:\/\/enoaudio.de\/wp-content\/uploads\/M2948BK-5MM_MIDI-Cable-min-1.png\",\"contentUrl\":\"https:\/\/enoaudio.de\/wp-content\/uploads\/M2948BK-5MM_MIDI-Cable-min-1.png\",\"width\":1800,\"height\":1196},{\"@type\":\"BreadcrumbList\",\"@id\":\"https:\/\/enoaudio.de\/fr\/produkt\/bst-m2948bk-5mm\/#breadcrumb\",\"itemListElement\":[{\"@type\":\"ListItem\",\"position\":1,\"name\":\"Startseite\",\"item\":\"https:\/\/enoaudio.de\/fr\/boutique\/\"},{\"@type\":\"ListItem\",\"position\":2,\"name\":\"Boutique\",\"item\":\"https:\/\/enoaudio.de\/fr\/boutique\/\"},{\"@type\":\"ListItem\",\"position\":3,\"name\":\"[B-Stock] enoaudio Mogami 2948 C\u00e2ble MIDI Professionnel | Neutrik Gold 5 Pin DIN | HiFi\"}]},{\"@type\":\"WebSite\",\"@id\":\"https:\/\/enoaudio.de\/fr\/#website\",\"url\":\"https:\/\/enoaudio.de\/fr\/\",\"name\":\"enoaudio\",\"description\":\"HIgh Quality Cables for Professionals\",\"publisher\":{\"@id\":\"https:\/\/enoaudio.de\/fr\/#organization\"},\"potentialAction\":[{\"@type\":\"SearchAction\",\"target\":{\"@type\":\"EntryPoint\",\"urlTemplate\":\"https:\/\/enoaudio.de\/fr\/?s={search_term_string}\"},\"query-input\":{\"@type\":\"PropertyValueSpecification\",\"valueRequired\":true,\"valueName\":\"search_term_string\"}}],\"inLanguage\":\"fr-FR\"},{\"@type\":\"Organization\",\"@id\":\"https:\/\/enoaudio.de\/fr\/#organization\",\"name\":\"enoaudio\",\"url\":\"https:\/\/enoaudio.de\/fr\/\",\"logo\":{\"@type\":\"ImageObject\",\"inLanguage\":\"fr-FR\",\"@id\":\"https:\/\/enoaudio.de\/fr\/#\/schema\/logo\/image\/\",\"url\":\"https:\/\/enoaudio.de\/wordpress\/wp-content\/uploads\/2018\/02\/enoaudio_title.png\",\"contentUrl\":\"https:\/\/enoaudio.de\/wordpress\/wp-content\/uploads\/2018\/02\/enoaudio_title.png\",\"width\":1018,\"height\":168,\"caption\":\"enoaudio\"},\"image\":{\"@id\":\"https:\/\/enoaudio.de\/fr\/#\/schema\/logo\/image\/\"}}]}<\/script>\n<meta property=\"og:availability\" content=\"instock\" \/>\n<meta property=\"product:availability\" content=\"instock\" \/>\n<meta property=\"product:retailer_item_id\" content=\"BST-M2948BK-5MM\" \/>\n<meta property=\"product:condition\" content=\"new\" \/>\n<!-- \/ Yoast SEO plugin. -->","yoast_head_json":{"title":"[B-Stock] enoaudio Mogami 2948 C\u00e2ble MIDI Professionnel | Neutrik Gold 5 Pin DIN | HiFi - enoaudio","robots":{"index":"index","follow":"follow","max-snippet":"max-snippet:-1","max-image-preview":"max-image-preview:large","max-video-preview":"max-video-preview:-1"},"canonical":"https:\/\/enoaudio.de\/fr\/produkt\/bst-m2948bk-5mm\/","og_locale":"fr_FR","og_type":"article","og_title":"[B-Stock] enoaudio Mogami 2948 C\u00e2ble MIDI Professionnel | Neutrik Gold 5 Pin DIN | HiFi - enoaudio","og_description":"C\u00e2ble: Connecteur A:\u00a0Connecteur B:\u00a0","og_url":"https:\/\/enoaudio.de\/fr\/produkt\/bst-m2948bk-5mm\/","og_site_name":"enoaudio","article_modified_time":"2025-02-11T16:03:20+00:00","og_image":[{"width":1800,"height":1196,"url":"https:\/\/enoaudio.de\/wordpress\/wp-content\/uploads\/M2948BK-5MM_MIDI-Cable-min-1.png","type":"image\/png"}],"twitter_card":"summary_large_image","twitter_misc":{"Availability":"In stock"},"schema":{"@context":"https:\/\/schema.org","@graph":[{"@type":"WebPage","@id":"https:\/\/enoaudio.de\/fr\/produkt\/bst-m2948bk-5mm\/","url":"https:\/\/enoaudio.de\/fr\/produkt\/bst-m2948bk-5mm\/","name":"[B-Stock] enoaudio Mogami 2948 C\u00e2ble MIDI Professionnel | Neutrik Gold 5 Pin DIN | HiFi - enoaudio","isPartOf":{"@id":"https:\/\/enoaudio.de\/fr\/#website"},"primaryImageOfPage":{"@id":"https:\/\/enoaudio.de\/fr\/produkt\/bst-m2948bk-5mm\/#primaryimage"},"image":{"@id":"https:\/\/enoaudio.de\/fr\/produkt\/bst-m2948bk-5mm\/#primaryimage"},"thumbnailUrl":"https:\/\/enoaudio.de\/wp-content\/uploads\/M2948BK-5MM_MIDI-Cable-min-1.png","datePublished":"2024-05-16T09:45:54+00:00","dateModified":"2025-02-11T16:03:20+00:00","breadcrumb":{"@id":"https:\/\/enoaudio.de\/fr\/produkt\/bst-m2948bk-5mm\/#breadcrumb"},"inLanguage":"fr-FR","potentialAction":[{"@type":"ReadAction","target":["https:\/\/enoaudio.de\/fr\/produkt\/bst-m2948bk-5mm\/"]}]},{"@type":"ImageObject","inLanguage":"fr-FR","@id":"https:\/\/enoaudio.de\/fr\/produkt\/bst-m2948bk-5mm\/#primaryimage","url":"https:\/\/enoaudio.de\/wp-content\/uploads\/M2948BK-5MM_MIDI-Cable-min-1.png","contentUrl":"https:\/\/enoaudio.de\/wp-content\/uploads\/M2948BK-5MM_MIDI-Cable-min-1.png","width":1800,"height":1196},{"@type":"BreadcrumbList","@id":"https:\/\/enoaudio.de\/fr\/produkt\/bst-m2948bk-5mm\/#breadcrumb","itemListElement":[{"@type":"ListItem","position":1,"name":"Startseite","item":"https:\/\/enoaudio.de\/fr\/boutique\/"},{"@type":"ListItem","position":2,"name":"Boutique","item":"https:\/\/enoaudio.de\/fr\/boutique\/"},{"@type":"ListItem","position":3,"name":"[B-Stock] enoaudio Mogami 2948 C\u00e2ble MIDI Professionnel | Neutrik Gold 5 Pin DIN | HiFi"}]},{"@type":"WebSite","@id":"https:\/\/enoaudio.de\/fr\/#website","url":"https:\/\/enoaudio.de\/fr\/","name":"enoaudio","description":"HIgh Quality Cables for Professionals","publisher":{"@id":"https:\/\/enoaudio.de\/fr\/#organization"},"potentialAction":[{"@type":"SearchAction","target":{"@type":"EntryPoint","urlTemplate":"https:\/\/enoaudio.de\/fr\/?s={search_term_string}"},"query-input":{"@type":"PropertyValueSpecification","valueRequired":true,"valueName":"search_term_string"}}],"inLanguage":"fr-FR"},{"@type":"Organization","@id":"https:\/\/enoaudio.de\/fr\/#organization","name":"enoaudio","url":"https:\/\/enoaudio.de\/fr\/","logo":{"@type":"ImageObject","inLanguage":"fr-FR","@id":"https:\/\/enoaudio.de\/fr\/#\/schema\/logo\/image\/","url":"https:\/\/enoaudio.de\/wordpress\/wp-content\/uploads\/2018\/02\/enoaudio_title.png","contentUrl":"https:\/\/enoaudio.de\/wordpress\/wp-content\/uploads\/2018\/02\/enoaudio_title.png","width":1018,"height":168,"caption":"enoaudio"},"image":{"@id":"https:\/\/enoaudio.de\/fr\/#\/schema\/logo\/image\/"}}]},"og_availability":"instock","product_availability":"instock","product_retailer_item_id":"BST-M2948BK-5MM","product_condition":"new"},"_links":{"self":[{"href":"https:\/\/enoaudio.de\/fr\/wp-json\/wp\/v2\/product\/296675","targetHints":{"allow":["GET"]}}],"collection":[{"href":"https:\/\/enoaudio.de\/fr\/wp-json\/wp\/v2\/product"}],"about":[{"href":"https:\/\/enoaudio.de\/fr\/wp-json\/wp\/v2\/types\/product"}],"replies":[{"embeddable":true,"href":"https:\/\/enoaudio.de\/fr\/wp-json\/wp\/v2\/comments?post=296675"}],"wp:featuredmedia":[{"embeddable":true,"href":"https:\/\/enoaudio.de\/fr\/wp-json\/wp\/v2\/media\/324546"}],"wp:attachment":[{"href":"https:\/\/enoaudio.de\/fr\/wp-json\/wp\/v2\/media?parent=296675"}],"wp:term":[{"taxonomy":"product_brand","embeddable":true,"href":"https:\/\/enoaudio.de\/fr\/wp-json\/wp\/v2\/product_brand?post=296675"},{"taxonomy":"product_cat","embeddable":true,"href":"https:\/\/enoaudio.de\/fr\/wp-json\/wp\/v2\/product_cat?post=296675"},{"taxonomy":"product_tag","embeddable":true,"href":"https:\/\/enoaudio.de\/fr\/wp-json\/wp\/v2\/product_tag?post=296675"}],"curies":[{"name":"wp","href":"https:\/\/api.w.org\/{rel}","templated":true}]}}