{"id":296790,"date":"2024-05-23T13:19:36","date_gmt":"2024-05-16T09:48:22","guid":{"rendered":"https:\/\/enoaudio.de\/produkt\/bst-m3106bk-36m2rm-y\/"},"modified":"2026-04-13T19:35:40","modified_gmt":"2026-04-13T17:35:40","slug":"bst-m3106bk-36m2rm-y","status":"publish","type":"product","link":"https:\/\/enoaudio.de\/fr\/produkt\/bst-m3106bk-36m2rm-y\/","title":{"rendered":"[B-Stock] enoaudio Mogami 3106 microphone st\u00e9r\u00e9o C\u00e2ble Y Audio Professionnel | Neutrik Gold 6,3mm TRS &#8211; Neutrik RCA (L,R) | HiFi"},"content":{"rendered":"<h4>B-Stock : Les produits B-Stock ont \u00e9t\u00e9 test\u00e9s et sont enti\u00e8rement fonctionnels comme neufs. L'ext\u00e9rieur (gaine, prise) peut pr\u00e9senter de l\u00e9g\u00e8res rayures ou salissures. Le c\u00e2ble peut \u00e9galement avoir de petites particularit\u00e9s. Veuillez en \u00eatre conscient avant d'acheter.<\/h4>\nLe 3106 est la variante st\u00e9r\u00e9o du tr\u00e8s populaire c\u00e2ble de microphone 2549. Il offre des sp\u00e9cifications professionnelles et une excellente qualit\u00e9 sonore pour de nombreuses applications o\u00f9 des signaux st\u00e9r\u00e9o doivent \u00eatre transmis - en studio et sur sc\u00e8ne. Le faible bruit de fond et la faible capacit\u00e9 du c\u00e2ble garantissent une transparence et une richesse de d\u00e9tails sans faille dans le signal audio transmis. Pour faciliter la distinction entre les deux canaux, ils sont marqu\u00e9s diff\u00e9remment tout au long. Le 3106 est \u00e9galement recommand\u00e9 pour les longs c\u00e2bles.\n<span>Le c\u00e2ble est fabriqu\u00e9 au Japon par Mogami et assembl\u00e9 individuellement en Allemagne par enoaudio.<\/span> <br \/>\n<span>Chaque c\u00e2ble est soumis \u00e0 des tests approfondis de qualit\u00e9 garantie.<\/span><span>enoaudio offre une garantie de 10 ans sur ces c\u00e2bles \u00e0 partir de la date d'achat.<\/span>\n","protected":false},"excerpt":{"rendered":"<p>C\u00e2ble: Mogami Neglex 3106\nConnecteur A:\u00a0Neutrik Gold 6,35mm TRS (NP3 X-B)\nConnecteur B:\u00a0Neutrik Rean Gold RCA (NYS 373)\n","protected":false},"featured_media":324394,"comment_status":"closed","ping_status":"closed","template":"","meta":{"_acf_changed":false},"product_brand":[],"product_cat":[864,536],"product_tag":[857,463],"class_list":{"0":"post-296790","1":"product","2":"type-product","3":"status-publish","4":"has-post-thumbnail","6":"product_cat-b-stock-fr","7":"product_cat-y-kabel-fr","8":"product_tag-b-stock-fr","9":"product_tag-mogami-fr","10":"pa_length-0050m-fr","11":"pa_length-0100m-fr","12":"pa_length-0150m-fr","13":"pa_length-1000m-fr","14":"pa_length-0200m-fr","15":"pa_length-0300m-fr","16":"pa_length-0500m-fr","17":"pa_length-0700m-fr","19":"first","20":"outofstock","21":"sale","22":"taxable","23":"shipping-taxable","24":"purchasable","25":"product-type-variable"},"acf":[],"yoast_head":"<!-- This site is optimized with the Yoast SEO plugin v27.1.1 - https:\/\/yoast.com\/product\/yoast-seo-wordpress\/ -->\n<title>[B-Stock] enoaudio Mogami 3106 microphone st\u00e9r\u00e9o C\u00e2ble Y Audio Professionnel | Neutrik Gold 6,3mm TRS - Neutrik RCA (L,R) | HiFi - enoaudio<\/title>\n<meta name=\"robots\" content=\"index, follow, max-snippet:-1, max-image-preview:large, max-video-preview:-1\" \/>\n<link rel=\"canonical\" href=\"https:\/\/enoaudio.de\/fr\/produkt\/bst-m3106bk-36m2rm-y\/\" \/>\n<meta property=\"og:locale\" content=\"fr_FR\" \/>\n<meta property=\"og:type\" content=\"article\" \/>\n<meta property=\"og:title\" content=\"[B-Stock] enoaudio Mogami 3106 microphone st\u00e9r\u00e9o C\u00e2ble Y Audio Professionnel | Neutrik Gold 6,3mm TRS - Neutrik RCA (L,R) | HiFi - enoaudio\" \/>\n<meta property=\"og:description\" content=\"C\u00e2ble: Connecteur A:\u00a0 Connecteur B:\u00a0\" \/>\n<meta property=\"og:url\" content=\"https:\/\/enoaudio.de\/fr\/produkt\/bst-m3106bk-36m2rm-y\/\" \/>\n<meta property=\"og:site_name\" content=\"enoaudio\" \/>\n<meta property=\"article:modified_time\" content=\"2026-04-13T17:35:40+00:00\" \/>\n<meta property=\"og:image\" content=\"https:\/\/enoaudio.de\/wordpress\/wp-content\/uploads\/DSC05247-scaled.jpg\" \/>\n\t<meta property=\"og:image:width\" content=\"2560\" \/>\n\t<meta property=\"og:image:height\" content=\"1707\" \/>\n\t<meta property=\"og:image:type\" content=\"image\/jpeg\" \/>\n<meta name=\"twitter:card\" content=\"summary_large_image\" \/>\n<meta name=\"twitter:label1\" content=\"Availability\" \/>\n\t<meta name=\"twitter:data1\" content=\"Out of stock\" \/>\n<script type=\"application\/ld+json\" class=\"yoast-schema-graph\">{\"@context\":\"https:\/\/schema.org\",\"@graph\":[{\"@type\":\"WebPage\",\"@id\":\"https:\/\/enoaudio.de\/fr\/produkt\/bst-m3106bk-36m2rm-y\/\",\"url\":\"https:\/\/enoaudio.de\/fr\/produkt\/bst-m3106bk-36m2rm-y\/\",\"name\":\"[B-Stock] enoaudio Mogami 3106 microphone st\u00e9r\u00e9o C\u00e2ble Y Audio Professionnel | Neutrik Gold 6,3mm TRS - Neutrik RCA (L,R) | HiFi - enoaudio\",\"isPartOf\":{\"@id\":\"https:\/\/enoaudio.de\/fr\/#website\"},\"primaryImageOfPage\":{\"@id\":\"https:\/\/enoaudio.de\/fr\/produkt\/bst-m3106bk-36m2rm-y\/#primaryimage\"},\"image\":{\"@id\":\"https:\/\/enoaudio.de\/fr\/produkt\/bst-m3106bk-36m2rm-y\/#primaryimage\"},\"thumbnailUrl\":\"https:\/\/enoaudio.de\/wp-content\/uploads\/m3106bk-36m2rm-y_y-audio-cable-1-1.png\",\"datePublished\":\"2024-05-16T09:48:22+00:00\",\"dateModified\":\"2026-04-13T17:35:40+00:00\",\"breadcrumb\":{\"@id\":\"https:\/\/enoaudio.de\/fr\/produkt\/bst-m3106bk-36m2rm-y\/#breadcrumb\"},\"inLanguage\":\"fr-FR\",\"potentialAction\":[{\"@type\":\"ReadAction\",\"target\":[\"https:\/\/enoaudio.de\/fr\/produkt\/bst-m3106bk-36m2rm-y\/\"]}]},{\"@type\":\"ImageObject\",\"inLanguage\":\"fr-FR\",\"@id\":\"https:\/\/enoaudio.de\/fr\/produkt\/bst-m3106bk-36m2rm-y\/#primaryimage\",\"url\":\"https:\/\/enoaudio.de\/wp-content\/uploads\/m3106bk-36m2rm-y_y-audio-cable-1-1.png\",\"contentUrl\":\"https:\/\/enoaudio.de\/wp-content\/uploads\/m3106bk-36m2rm-y_y-audio-cable-1-1.png\",\"width\":2560,\"height\":1707},{\"@type\":\"BreadcrumbList\",\"@id\":\"https:\/\/enoaudio.de\/fr\/produkt\/bst-m3106bk-36m2rm-y\/#breadcrumb\",\"itemListElement\":[{\"@type\":\"ListItem\",\"position\":1,\"name\":\"Startseite\",\"item\":\"https:\/\/enoaudio.de\/fr\/boutique\/\"},{\"@type\":\"ListItem\",\"position\":2,\"name\":\"Boutique\",\"item\":\"https:\/\/enoaudio.de\/fr\/boutique\/\"},{\"@type\":\"ListItem\",\"position\":3,\"name\":\"[B-Stock] enoaudio Mogami 3106 microphone st\u00e9r\u00e9o C\u00e2ble Y Audio Professionnel | Neutrik Gold 6,3mm TRS &#8211; Neutrik RCA (L,R) | HiFi\"}]},{\"@type\":\"WebSite\",\"@id\":\"https:\/\/enoaudio.de\/fr\/#website\",\"url\":\"https:\/\/enoaudio.de\/fr\/\",\"name\":\"enoaudio\",\"description\":\"HIgh Quality Cables for Professionals\",\"publisher\":{\"@id\":\"https:\/\/enoaudio.de\/fr\/#organization\"},\"potentialAction\":[{\"@type\":\"SearchAction\",\"target\":{\"@type\":\"EntryPoint\",\"urlTemplate\":\"https:\/\/enoaudio.de\/fr\/?s={search_term_string}\"},\"query-input\":{\"@type\":\"PropertyValueSpecification\",\"valueRequired\":true,\"valueName\":\"search_term_string\"}}],\"inLanguage\":\"fr-FR\"},{\"@type\":\"Organization\",\"@id\":\"https:\/\/enoaudio.de\/fr\/#organization\",\"name\":\"enoaudio\",\"url\":\"https:\/\/enoaudio.de\/fr\/\",\"logo\":{\"@type\":\"ImageObject\",\"inLanguage\":\"fr-FR\",\"@id\":\"https:\/\/enoaudio.de\/fr\/#\/schema\/logo\/image\/\",\"url\":\"https:\/\/enoaudio.de\/wordpress\/wp-content\/uploads\/2018\/02\/enoaudio_title.png\",\"contentUrl\":\"https:\/\/enoaudio.de\/wordpress\/wp-content\/uploads\/2018\/02\/enoaudio_title.png\",\"width\":1018,\"height\":168,\"caption\":\"enoaudio\"},\"image\":{\"@id\":\"https:\/\/enoaudio.de\/fr\/#\/schema\/logo\/image\/\"}}]}<\/script>\n<meta property=\"og:availability\" content=\"out of stock\" \/>\n<meta property=\"product:availability\" content=\"out of stock\" \/>\n<meta property=\"product:retailer_item_id\" content=\"BST-M3106BK-36M2RM-Y\" \/>\n<meta property=\"product:condition\" content=\"new\" \/>\n<!-- \/ Yoast SEO plugin. -->","yoast_head_json":{"title":"[B-Stock] enoaudio Mogami 3106 microphone st\u00e9r\u00e9o C\u00e2ble Y Audio Professionnel | Neutrik Gold 6,3mm TRS - Neutrik RCA (L,R) | HiFi - enoaudio","robots":{"index":"index","follow":"follow","max-snippet":"max-snippet:-1","max-image-preview":"max-image-preview:large","max-video-preview":"max-video-preview:-1"},"canonical":"https:\/\/enoaudio.de\/fr\/produkt\/bst-m3106bk-36m2rm-y\/","og_locale":"fr_FR","og_type":"article","og_title":"[B-Stock] enoaudio Mogami 3106 microphone st\u00e9r\u00e9o C\u00e2ble Y Audio Professionnel | Neutrik Gold 6,3mm TRS - Neutrik RCA (L,R) | HiFi - enoaudio","og_description":"C\u00e2ble: Connecteur A:\u00a0 Connecteur B:\u00a0","og_url":"https:\/\/enoaudio.de\/fr\/produkt\/bst-m3106bk-36m2rm-y\/","og_site_name":"enoaudio","article_modified_time":"2026-04-13T17:35:40+00:00","og_image":[{"width":2560,"height":1707,"url":"https:\/\/enoaudio.de\/wordpress\/wp-content\/uploads\/DSC05247-scaled.jpg","type":"image\/jpeg"}],"twitter_card":"summary_large_image","twitter_misc":{"Availability":"Out of stock"},"schema":{"@context":"https:\/\/schema.org","@graph":[{"@type":"WebPage","@id":"https:\/\/enoaudio.de\/fr\/produkt\/bst-m3106bk-36m2rm-y\/","url":"https:\/\/enoaudio.de\/fr\/produkt\/bst-m3106bk-36m2rm-y\/","name":"[B-Stock] enoaudio Mogami 3106 microphone st\u00e9r\u00e9o C\u00e2ble Y Audio Professionnel | Neutrik Gold 6,3mm TRS - Neutrik RCA (L,R) | HiFi - enoaudio","isPartOf":{"@id":"https:\/\/enoaudio.de\/fr\/#website"},"primaryImageOfPage":{"@id":"https:\/\/enoaudio.de\/fr\/produkt\/bst-m3106bk-36m2rm-y\/#primaryimage"},"image":{"@id":"https:\/\/enoaudio.de\/fr\/produkt\/bst-m3106bk-36m2rm-y\/#primaryimage"},"thumbnailUrl":"https:\/\/enoaudio.de\/wp-content\/uploads\/m3106bk-36m2rm-y_y-audio-cable-1-1.png","datePublished":"2024-05-16T09:48:22+00:00","dateModified":"2026-04-13T17:35:40+00:00","breadcrumb":{"@id":"https:\/\/enoaudio.de\/fr\/produkt\/bst-m3106bk-36m2rm-y\/#breadcrumb"},"inLanguage":"fr-FR","potentialAction":[{"@type":"ReadAction","target":["https:\/\/enoaudio.de\/fr\/produkt\/bst-m3106bk-36m2rm-y\/"]}]},{"@type":"ImageObject","inLanguage":"fr-FR","@id":"https:\/\/enoaudio.de\/fr\/produkt\/bst-m3106bk-36m2rm-y\/#primaryimage","url":"https:\/\/enoaudio.de\/wp-content\/uploads\/m3106bk-36m2rm-y_y-audio-cable-1-1.png","contentUrl":"https:\/\/enoaudio.de\/wp-content\/uploads\/m3106bk-36m2rm-y_y-audio-cable-1-1.png","width":2560,"height":1707},{"@type":"BreadcrumbList","@id":"https:\/\/enoaudio.de\/fr\/produkt\/bst-m3106bk-36m2rm-y\/#breadcrumb","itemListElement":[{"@type":"ListItem","position":1,"name":"Startseite","item":"https:\/\/enoaudio.de\/fr\/boutique\/"},{"@type":"ListItem","position":2,"name":"Boutique","item":"https:\/\/enoaudio.de\/fr\/boutique\/"},{"@type":"ListItem","position":3,"name":"[B-Stock] enoaudio Mogami 3106 microphone st\u00e9r\u00e9o C\u00e2ble Y Audio Professionnel | Neutrik Gold 6,3mm TRS &#8211; Neutrik RCA (L,R) | HiFi"}]},{"@type":"WebSite","@id":"https:\/\/enoaudio.de\/fr\/#website","url":"https:\/\/enoaudio.de\/fr\/","name":"enoaudio","description":"HIgh Quality Cables for Professionals","publisher":{"@id":"https:\/\/enoaudio.de\/fr\/#organization"},"potentialAction":[{"@type":"SearchAction","target":{"@type":"EntryPoint","urlTemplate":"https:\/\/enoaudio.de\/fr\/?s={search_term_string}"},"query-input":{"@type":"PropertyValueSpecification","valueRequired":true,"valueName":"search_term_string"}}],"inLanguage":"fr-FR"},{"@type":"Organization","@id":"https:\/\/enoaudio.de\/fr\/#organization","name":"enoaudio","url":"https:\/\/enoaudio.de\/fr\/","logo":{"@type":"ImageObject","inLanguage":"fr-FR","@id":"https:\/\/enoaudio.de\/fr\/#\/schema\/logo\/image\/","url":"https:\/\/enoaudio.de\/wordpress\/wp-content\/uploads\/2018\/02\/enoaudio_title.png","contentUrl":"https:\/\/enoaudio.de\/wordpress\/wp-content\/uploads\/2018\/02\/enoaudio_title.png","width":1018,"height":168,"caption":"enoaudio"},"image":{"@id":"https:\/\/enoaudio.de\/fr\/#\/schema\/logo\/image\/"}}]},"og_availability":"out of stock","product_availability":"out of stock","product_retailer_item_id":"BST-M3106BK-36M2RM-Y","product_condition":"new"},"_links":{"self":[{"href":"https:\/\/enoaudio.de\/fr\/wp-json\/wp\/v2\/product\/296790","targetHints":{"allow":["GET"]}}],"collection":[{"href":"https:\/\/enoaudio.de\/fr\/wp-json\/wp\/v2\/product"}],"about":[{"href":"https:\/\/enoaudio.de\/fr\/wp-json\/wp\/v2\/types\/product"}],"replies":[{"embeddable":true,"href":"https:\/\/enoaudio.de\/fr\/wp-json\/wp\/v2\/comments?post=296790"}],"wp:featuredmedia":[{"embeddable":true,"href":"https:\/\/enoaudio.de\/fr\/wp-json\/wp\/v2\/media\/324394"}],"wp:attachment":[{"href":"https:\/\/enoaudio.de\/fr\/wp-json\/wp\/v2\/media?parent=296790"}],"wp:term":[{"taxonomy":"product_brand","embeddable":true,"href":"https:\/\/enoaudio.de\/fr\/wp-json\/wp\/v2\/product_brand?post=296790"},{"taxonomy":"product_cat","embeddable":true,"href":"https:\/\/enoaudio.de\/fr\/wp-json\/wp\/v2\/product_cat?post=296790"},{"taxonomy":"product_tag","embeddable":true,"href":"https:\/\/enoaudio.de\/fr\/wp-json\/wp\/v2\/product_tag?post=296790"}],"curies":[{"name":"wp","href":"https:\/\/api.w.org\/{rel}","templated":true}]}}