{"id":296833,"date":"2024-05-23T13:00:36","date_gmt":"2024-05-16T09:49:14","guid":{"rendered":"https:\/\/enoaudio.de\/produkt\/bst-m3162bk-25dm3xmf\/"},"modified":"2026-04-16T19:48:59","modified_gmt":"2026-04-16T17:48:59","slug":"bst-m3162bk-25dm3xmf","status":"publish","type":"product","link":"https:\/\/enoaudio.de\/fr\/produkt\/bst-m3162bk-25dm3xmf\/","title":{"rendered":"[B-Stock] enoaudio Mogami 3162 8 Multipaire C\u00e2ble Num\u00e9rique AES\/EBU 110 Ohm studio Breakout | Gold D-Sub 25 &#8211; Neutrik XLR | HiFi"},"content":{"rendered":"<h4>B-Stock : Les produits B-Stock ont \u00e9t\u00e9 test\u00e9s et sont enti\u00e8rement fonctionnels comme neufs. L'ext\u00e9rieur (gaine, prise) peut pr\u00e9senter de l\u00e9g\u00e8res rayures ou salissures. Le c\u00e2ble peut \u00e9galement avoir de petites particularit\u00e9s. Veuillez en \u00eatre conscient avant d'acheter.<\/h4>\n<p>Le c\u00e2ble multic\u0153ur \u00e0 huit canaux Mogami 3162 est optimis\u00e9 pour la transmission de signaux audio num\u00e9riques conform\u00e9ment aux normes AES \/ EBU. L'imp\u00e9dance de 110 ohms est garantie avec une tol\u00e9rance de seulement +\/- 10%. Une faible r\u00e9sistance capacitive, l'utilisation de mat\u00e9riaux s\u00e9lectionn\u00e9s tels que le polypropyl\u00e8ne cellulaire CPP, et un conducteur de terre suppl\u00e9mentaire combinent d'excellentes propri\u00e9t\u00e9s \u00e9lectriques avec un c\u00e2ble simple et facile \u00e0 utiliser.<\/p><span>Le c\u00e2ble est fabriqu\u00e9 au Japon par Mogami et assembl\u00e9 individuellement en Allemagne par enoaudio.<\/span> <span>Chaque c\u00e2ble est soumis \u00e0 des tests approfondis de qualit\u00e9 garantie.<\/span><span>enoaudio offre une garantie de 10 ans sur ces c\u00e2bles \u00e0 partir de la date d'achat.<\/span>\n<p><strong>F\u00fcr Tascam\u00a0pinout:\u00a0<\/strong>Avid Digidesign \/ Universal Audio \/ RME<br \/>\r\n<strong>F\u00fcr Yamaha\u00a0pinout:\u00a0<\/strong>Apogee \/ Mackie \/ Lynx \/ SSL<\/p>\n","protected":false},"excerpt":{"rendered":"<p>C\u00e2ble: Mogami 3162Connecteur A:\u00a0Conec Gold D-SUB Full-MetalConnecteur B:\u00a0Neutrik Gold XLR female (NC3 FXX-B) \/ XLR male (NC3 MXX-B)\n","protected":false},"featured_media":323989,"comment_status":"closed","ping_status":"closed","template":"","meta":{"_acf_changed":false},"product_brand":[],"product_cat":[864],"product_tag":[857,463,620],"class_list":{"0":"post-296833","1":"product","2":"type-product","3":"status-publish","4":"has-post-thumbnail","6":"product_cat-b-stock-fr","7":"product_tag-b-stock-fr","8":"product_tag-mogami-fr","9":"product_tag-w3162-fr","10":"pa_length-0050m-fr","11":"pa_length-0100m-fr","12":"pa_length-0150m-fr","13":"pa_length-1000m-fr","14":"pa_length-0200m-fr","15":"pa_length-0300m-fr","16":"pa_length-0500m-fr","17":"pa_length-0700m-fr","19":"first","20":"outofstock","21":"sale","22":"taxable","23":"shipping-taxable","24":"purchasable","25":"product-type-variable"},"acf":[],"yoast_head":"<!-- This site is optimized with the Yoast SEO plugin v27.1.1 - https:\/\/yoast.com\/product\/yoast-seo-wordpress\/ -->\n<title>[B-Stock] enoaudio Mogami 3162 8 Multipaire C\u00e2ble Num\u00e9rique AES\/EBU 110 Ohm studio Breakout | Gold D-Sub 25 - Neutrik XLR | HiFi - enoaudio<\/title>\n<meta name=\"robots\" content=\"index, follow, max-snippet:-1, max-image-preview:large, max-video-preview:-1\" \/>\n<link rel=\"canonical\" href=\"https:\/\/enoaudio.de\/fr\/produkt\/bst-m3162bk-25dm3xmf\/\" \/>\n<meta property=\"og:locale\" content=\"fr_FR\" \/>\n<meta property=\"og:type\" content=\"article\" \/>\n<meta property=\"og:title\" content=\"[B-Stock] enoaudio Mogami 3162 8 Multipaire C\u00e2ble Num\u00e9rique AES\/EBU 110 Ohm studio Breakout | Gold D-Sub 25 - Neutrik XLR | HiFi - enoaudio\" \/>\n<meta property=\"og:description\" content=\"C\u00e2ble: Connecteur A:\u00a0Connecteur B:\u00a0\" \/>\n<meta property=\"og:url\" content=\"https:\/\/enoaudio.de\/fr\/produkt\/bst-m3162bk-25dm3xmf\/\" \/>\n<meta property=\"og:site_name\" content=\"enoaudio\" \/>\n<meta property=\"article:modified_time\" content=\"2026-04-16T17:48:59+00:00\" \/>\n<meta property=\"og:image\" content=\"https:\/\/enoaudio.de\/wordpress\/wp-content\/uploads\/DSC_0028e-1-scaled.webp\" \/>\n\t<meta property=\"og:image:width\" content=\"2560\" \/>\n\t<meta property=\"og:image:height\" content=\"1700\" \/>\n\t<meta property=\"og:image:type\" content=\"image\/webp\" \/>\n<meta name=\"twitter:card\" content=\"summary_large_image\" \/>\n<meta name=\"twitter:label1\" content=\"Availability\" \/>\n\t<meta name=\"twitter:data1\" content=\"Out of stock\" \/>\n<script type=\"application\/ld+json\" class=\"yoast-schema-graph\">{\"@context\":\"https:\/\/schema.org\",\"@graph\":[{\"@type\":\"WebPage\",\"@id\":\"https:\/\/enoaudio.de\/fr\/produkt\/bst-m3162bk-25dm3xmf\/\",\"url\":\"https:\/\/enoaudio.de\/fr\/produkt\/bst-m3162bk-25dm3xmf\/\",\"name\":\"[B-Stock] enoaudio Mogami 3162 8 Multipaire C\u00e2ble Num\u00e9rique AES\/EBU 110 Ohm studio Breakout | Gold D-Sub 25 - Neutrik XLR | HiFi - enoaudio\",\"isPartOf\":{\"@id\":\"https:\/\/enoaudio.de\/fr\/#website\"},\"primaryImageOfPage\":{\"@id\":\"https:\/\/enoaudio.de\/fr\/produkt\/bst-m3162bk-25dm3xmf\/#primaryimage\"},\"image\":{\"@id\":\"https:\/\/enoaudio.de\/fr\/produkt\/bst-m3162bk-25dm3xmf\/#primaryimage\"},\"thumbnailUrl\":\"https:\/\/enoaudio.de\/wp-content\/uploads\/M3162BK-25DM3XMF_Digital-8-Multicore-Snake-Cable-AES_EBU-110-Ohm-1.png\",\"datePublished\":\"2024-05-16T09:49:14+00:00\",\"dateModified\":\"2026-04-16T17:48:59+00:00\",\"breadcrumb\":{\"@id\":\"https:\/\/enoaudio.de\/fr\/produkt\/bst-m3162bk-25dm3xmf\/#breadcrumb\"},\"inLanguage\":\"fr-FR\",\"potentialAction\":[{\"@type\":\"ReadAction\",\"target\":[\"https:\/\/enoaudio.de\/fr\/produkt\/bst-m3162bk-25dm3xmf\/\"]}]},{\"@type\":\"ImageObject\",\"inLanguage\":\"fr-FR\",\"@id\":\"https:\/\/enoaudio.de\/fr\/produkt\/bst-m3162bk-25dm3xmf\/#primaryimage\",\"url\":\"https:\/\/enoaudio.de\/wp-content\/uploads\/M3162BK-25DM3XMF_Digital-8-Multicore-Snake-Cable-AES_EBU-110-Ohm-1.png\",\"contentUrl\":\"https:\/\/enoaudio.de\/wp-content\/uploads\/M3162BK-25DM3XMF_Digital-8-Multicore-Snake-Cable-AES_EBU-110-Ohm-1.png\",\"width\":1800,\"height\":1196},{\"@type\":\"BreadcrumbList\",\"@id\":\"https:\/\/enoaudio.de\/fr\/produkt\/bst-m3162bk-25dm3xmf\/#breadcrumb\",\"itemListElement\":[{\"@type\":\"ListItem\",\"position\":1,\"name\":\"Startseite\",\"item\":\"https:\/\/enoaudio.de\/fr\/boutique\/\"},{\"@type\":\"ListItem\",\"position\":2,\"name\":\"Boutique\",\"item\":\"https:\/\/enoaudio.de\/fr\/boutique\/\"},{\"@type\":\"ListItem\",\"position\":3,\"name\":\"[B-Stock] enoaudio Mogami 3162 8 Multipaire C\u00e2ble Num\u00e9rique AES\/EBU 110 Ohm studio Breakout | Gold D-Sub 25 &#8211; Neutrik XLR | HiFi\"}]},{\"@type\":\"WebSite\",\"@id\":\"https:\/\/enoaudio.de\/fr\/#website\",\"url\":\"https:\/\/enoaudio.de\/fr\/\",\"name\":\"enoaudio\",\"description\":\"HIgh Quality Cables for Professionals\",\"publisher\":{\"@id\":\"https:\/\/enoaudio.de\/fr\/#organization\"},\"potentialAction\":[{\"@type\":\"SearchAction\",\"target\":{\"@type\":\"EntryPoint\",\"urlTemplate\":\"https:\/\/enoaudio.de\/fr\/?s={search_term_string}\"},\"query-input\":{\"@type\":\"PropertyValueSpecification\",\"valueRequired\":true,\"valueName\":\"search_term_string\"}}],\"inLanguage\":\"fr-FR\"},{\"@type\":\"Organization\",\"@id\":\"https:\/\/enoaudio.de\/fr\/#organization\",\"name\":\"enoaudio\",\"url\":\"https:\/\/enoaudio.de\/fr\/\",\"logo\":{\"@type\":\"ImageObject\",\"inLanguage\":\"fr-FR\",\"@id\":\"https:\/\/enoaudio.de\/fr\/#\/schema\/logo\/image\/\",\"url\":\"https:\/\/enoaudio.de\/wordpress\/wp-content\/uploads\/2018\/02\/enoaudio_title.png\",\"contentUrl\":\"https:\/\/enoaudio.de\/wordpress\/wp-content\/uploads\/2018\/02\/enoaudio_title.png\",\"width\":1018,\"height\":168,\"caption\":\"enoaudio\"},\"image\":{\"@id\":\"https:\/\/enoaudio.de\/fr\/#\/schema\/logo\/image\/\"}}]}<\/script>\n<meta property=\"og:availability\" content=\"out of stock\" \/>\n<meta property=\"product:availability\" content=\"out of stock\" \/>\n<meta property=\"product:retailer_item_id\" content=\"BST-M3162BK-25DM3XMF\" \/>\n<meta property=\"product:condition\" content=\"new\" \/>\n<!-- \/ Yoast SEO plugin. -->","yoast_head_json":{"title":"[B-Stock] enoaudio Mogami 3162 8 Multipaire C\u00e2ble Num\u00e9rique AES\/EBU 110 Ohm studio Breakout | Gold D-Sub 25 - Neutrik XLR | HiFi - enoaudio","robots":{"index":"index","follow":"follow","max-snippet":"max-snippet:-1","max-image-preview":"max-image-preview:large","max-video-preview":"max-video-preview:-1"},"canonical":"https:\/\/enoaudio.de\/fr\/produkt\/bst-m3162bk-25dm3xmf\/","og_locale":"fr_FR","og_type":"article","og_title":"[B-Stock] enoaudio Mogami 3162 8 Multipaire C\u00e2ble Num\u00e9rique AES\/EBU 110 Ohm studio Breakout | Gold D-Sub 25 - Neutrik XLR | HiFi - enoaudio","og_description":"C\u00e2ble: Connecteur A:\u00a0Connecteur B:\u00a0","og_url":"https:\/\/enoaudio.de\/fr\/produkt\/bst-m3162bk-25dm3xmf\/","og_site_name":"enoaudio","article_modified_time":"2026-04-16T17:48:59+00:00","og_image":[{"width":2560,"height":1700,"url":"https:\/\/enoaudio.de\/wordpress\/wp-content\/uploads\/DSC_0028e-1-scaled.webp","type":"image\/webp"}],"twitter_card":"summary_large_image","twitter_misc":{"Availability":"Out of stock"},"schema":{"@context":"https:\/\/schema.org","@graph":[{"@type":"WebPage","@id":"https:\/\/enoaudio.de\/fr\/produkt\/bst-m3162bk-25dm3xmf\/","url":"https:\/\/enoaudio.de\/fr\/produkt\/bst-m3162bk-25dm3xmf\/","name":"[B-Stock] enoaudio Mogami 3162 8 Multipaire C\u00e2ble Num\u00e9rique AES\/EBU 110 Ohm studio Breakout | Gold D-Sub 25 - Neutrik XLR | HiFi - enoaudio","isPartOf":{"@id":"https:\/\/enoaudio.de\/fr\/#website"},"primaryImageOfPage":{"@id":"https:\/\/enoaudio.de\/fr\/produkt\/bst-m3162bk-25dm3xmf\/#primaryimage"},"image":{"@id":"https:\/\/enoaudio.de\/fr\/produkt\/bst-m3162bk-25dm3xmf\/#primaryimage"},"thumbnailUrl":"https:\/\/enoaudio.de\/wp-content\/uploads\/M3162BK-25DM3XMF_Digital-8-Multicore-Snake-Cable-AES_EBU-110-Ohm-1.png","datePublished":"2024-05-16T09:49:14+00:00","dateModified":"2026-04-16T17:48:59+00:00","breadcrumb":{"@id":"https:\/\/enoaudio.de\/fr\/produkt\/bst-m3162bk-25dm3xmf\/#breadcrumb"},"inLanguage":"fr-FR","potentialAction":[{"@type":"ReadAction","target":["https:\/\/enoaudio.de\/fr\/produkt\/bst-m3162bk-25dm3xmf\/"]}]},{"@type":"ImageObject","inLanguage":"fr-FR","@id":"https:\/\/enoaudio.de\/fr\/produkt\/bst-m3162bk-25dm3xmf\/#primaryimage","url":"https:\/\/enoaudio.de\/wp-content\/uploads\/M3162BK-25DM3XMF_Digital-8-Multicore-Snake-Cable-AES_EBU-110-Ohm-1.png","contentUrl":"https:\/\/enoaudio.de\/wp-content\/uploads\/M3162BK-25DM3XMF_Digital-8-Multicore-Snake-Cable-AES_EBU-110-Ohm-1.png","width":1800,"height":1196},{"@type":"BreadcrumbList","@id":"https:\/\/enoaudio.de\/fr\/produkt\/bst-m3162bk-25dm3xmf\/#breadcrumb","itemListElement":[{"@type":"ListItem","position":1,"name":"Startseite","item":"https:\/\/enoaudio.de\/fr\/boutique\/"},{"@type":"ListItem","position":2,"name":"Boutique","item":"https:\/\/enoaudio.de\/fr\/boutique\/"},{"@type":"ListItem","position":3,"name":"[B-Stock] enoaudio Mogami 3162 8 Multipaire C\u00e2ble Num\u00e9rique AES\/EBU 110 Ohm studio Breakout | Gold D-Sub 25 &#8211; Neutrik XLR | HiFi"}]},{"@type":"WebSite","@id":"https:\/\/enoaudio.de\/fr\/#website","url":"https:\/\/enoaudio.de\/fr\/","name":"enoaudio","description":"HIgh Quality Cables for Professionals","publisher":{"@id":"https:\/\/enoaudio.de\/fr\/#organization"},"potentialAction":[{"@type":"SearchAction","target":{"@type":"EntryPoint","urlTemplate":"https:\/\/enoaudio.de\/fr\/?s={search_term_string}"},"query-input":{"@type":"PropertyValueSpecification","valueRequired":true,"valueName":"search_term_string"}}],"inLanguage":"fr-FR"},{"@type":"Organization","@id":"https:\/\/enoaudio.de\/fr\/#organization","name":"enoaudio","url":"https:\/\/enoaudio.de\/fr\/","logo":{"@type":"ImageObject","inLanguage":"fr-FR","@id":"https:\/\/enoaudio.de\/fr\/#\/schema\/logo\/image\/","url":"https:\/\/enoaudio.de\/wordpress\/wp-content\/uploads\/2018\/02\/enoaudio_title.png","contentUrl":"https:\/\/enoaudio.de\/wordpress\/wp-content\/uploads\/2018\/02\/enoaudio_title.png","width":1018,"height":168,"caption":"enoaudio"},"image":{"@id":"https:\/\/enoaudio.de\/fr\/#\/schema\/logo\/image\/"}}]},"og_availability":"out of stock","product_availability":"out of stock","product_retailer_item_id":"BST-M3162BK-25DM3XMF","product_condition":"new"},"_links":{"self":[{"href":"https:\/\/enoaudio.de\/fr\/wp-json\/wp\/v2\/product\/296833","targetHints":{"allow":["GET"]}}],"collection":[{"href":"https:\/\/enoaudio.de\/fr\/wp-json\/wp\/v2\/product"}],"about":[{"href":"https:\/\/enoaudio.de\/fr\/wp-json\/wp\/v2\/types\/product"}],"replies":[{"embeddable":true,"href":"https:\/\/enoaudio.de\/fr\/wp-json\/wp\/v2\/comments?post=296833"}],"wp:featuredmedia":[{"embeddable":true,"href":"https:\/\/enoaudio.de\/fr\/wp-json\/wp\/v2\/media\/323989"}],"wp:attachment":[{"href":"https:\/\/enoaudio.de\/fr\/wp-json\/wp\/v2\/media?parent=296833"}],"wp:term":[{"taxonomy":"product_brand","embeddable":true,"href":"https:\/\/enoaudio.de\/fr\/wp-json\/wp\/v2\/product_brand?post=296833"},{"taxonomy":"product_cat","embeddable":true,"href":"https:\/\/enoaudio.de\/fr\/wp-json\/wp\/v2\/product_cat?post=296833"},{"taxonomy":"product_tag","embeddable":true,"href":"https:\/\/enoaudio.de\/fr\/wp-json\/wp\/v2\/product_tag?post=296833"}],"curies":[{"name":"wp","href":"https:\/\/api.w.org\/{rel}","templated":true}]}}