{"id":336294,"date":"2025-09-04T15:16:52","date_gmt":"2025-09-04T13:16:52","guid":{"rendered":"https:\/\/enoaudio.de\/produkt\/enoaudio-mogami-2893-quad-cable-bantam-patch-neutrik-gold-44mm-tt-neutrik-gold-63mm-trs-hifi\/"},"modified":"2025-11-04T11:06:23","modified_gmt":"2025-11-04T10:06:23","slug":"m2893bk-3tm36m","status":"publish","type":"product","link":"https:\/\/enoaudio.de\/fr\/produkt\/m2893bk-3tm36m\/","title":{"rendered":"enoaudio Mogami 2893 Quad C\u00e2ble Bantam Patch | Neutrik Gold 4,4mm TT &#8211; Neutrik Gold 6,3mm TRS | HiFi"},"content":{"rendered":"<p>Le c\u00e2ble Mogami 2893 Neglex Miniature Quad transf\u00e8re les signaux sym\u00e9triques \u00e0 l'aide de quatre conducteurs sans oxyg\u00e8ne, emp\u00eachant efficacement les interf\u00e9rences \u00e9lectromagn\u00e9tiques. Par rapport \u00e0 d'autres c\u00e2bles sym\u00e9triques, les interf\u00e9rences externes sont r\u00e9duites jusqu'\u00e0 15 dB. La faible capacit\u00e9 du c\u00e2ble garantit une v\u00e9ritable transparence et une richesse de d\u00e9tails.<\/p>\n<span>Le c\u00e2ble est fabriqu\u00e9 au Japon par Mogami et assembl\u00e9 individuellement en Allemagne par enoaudio.<\/span>\n<span>Chaque c\u00e2ble est soumis \u00e0 des tests approfondis de qualit\u00e9 garantie.<\/span><span>enoaudio offre une garantie de 10 ans sur ces c\u00e2bles \u00e0 partir de la date d'achat.<\/span>\n","protected":false},"excerpt":{"rendered":"<p>Kabel: Mogami Neglex 2893\nStecker A:\u00a0Neutrik Gold 4,4mm TT (NP3TT-P-AU-B)\nStecker B:\u00a0Neutrik Gold 6,35mm TRS (NP3 X-B)\n","protected":false},"featured_media":308001,"comment_status":"closed","ping_status":"closed","template":"","meta":{"_acf_changed":false},"product_brand":[],"product_cat":[876,914],"product_tag":[463,553],"class_list":{"0":"post-336294","1":"product","2":"type-product","3":"status-publish","4":"has-post-thumbnail","6":"product_cat-cable-de-couleur","7":"product_cat-bantam-patchkabel-fr","8":"product_tag-mogami-fr","9":"product_tag-w2893-fr","10":"pa_length-0050m-fr","11":"pa_length-0100m-fr","12":"pa_length-0150m-fr","13":"pa_length-1000m-fr","14":"pa_length-0200m-fr","15":"pa_length-0300m-fr","16":"pa_length-0500m-fr","17":"pa_length-0700m-fr","19":"first","20":"instock","21":"taxable","22":"shipping-taxable","23":"purchasable","24":"product-type-variable"},"supplier_id":null,"supplier_sku":"","barcode":null,"atum_controlled":true,"out_stock_date":null,"out_stock_threshold":null,"inheritable":true,"inbound_stock":0,"stock_on_hold":0,"sold_today":0,"sales_last_days":0,"reserved_stock":0,"customer_returns":0,"warehouse_damage":0,"lost_in_post":0,"other_logs":0,"out_stock_days":null,"lost_sales":0,"has_location":false,"update_date":"2026-04-09T05:51:48","atum_locations":[],"atum_stock_status":"instock","restock_status":false,"low_stock_amount":"","sales_update_date":"2026-04-09T05:51:48","calc_backorders":null,"linked_bom":[],"sync_purchase_price":false,"bom_sellable":null,"minimum_threshold":null,"available_to_purchase":null,"selling_priority":null,"calculated_stock":null,"is_bom":false,"acf":[],"yoast_head":"<!-- This site is optimized with the Yoast SEO plugin v27.1.1 - https:\/\/yoast.com\/product\/yoast-seo-wordpress\/ -->\n<title>enoaudio Mogami 2893 Quad C\u00e2ble Bantam Patch | Neutrik Gold 4,4mm TT - Neutrik Gold 6,3mm TRS | HiFi - enoaudio<\/title>\n<meta name=\"robots\" content=\"index, follow, max-snippet:-1, max-image-preview:large, max-video-preview:-1\" \/>\n<link rel=\"canonical\" href=\"https:\/\/enoaudio.de\/fr\/produkt\/m2893bk-3tm36m\/\" \/>\n<meta property=\"og:locale\" content=\"fr_FR\" \/>\n<meta property=\"og:type\" content=\"article\" \/>\n<meta property=\"og:title\" content=\"enoaudio Mogami 2893 Quad C\u00e2ble Bantam Patch | Neutrik Gold 4,4mm TT - Neutrik Gold 6,3mm TRS | HiFi - enoaudio\" \/>\n<meta property=\"og:description\" content=\"Kabel:  Stecker A:\u00a0 Stecker B:\u00a0\" \/>\n<meta property=\"og:url\" content=\"https:\/\/enoaudio.de\/fr\/produkt\/m2893bk-3tm36m\/\" \/>\n<meta property=\"og:site_name\" content=\"enoaudio\" \/>\n<meta property=\"article:modified_time\" content=\"2025-11-04T10:06:23+00:00\" \/>\n<meta property=\"og:image\" content=\"https:\/\/enoaudio.de\/wp-content\/uploads\/M2893BK-3TM36M-min.png\" \/>\n\t<meta property=\"og:image:width\" content=\"1800\" \/>\n\t<meta property=\"og:image:height\" content=\"1200\" \/>\n\t<meta property=\"og:image:type\" content=\"image\/png\" \/>\n<meta name=\"twitter:card\" content=\"summary_large_image\" \/>\n<meta name=\"twitter:label1\" content=\"Availability\" \/>\n\t<meta name=\"twitter:data1\" content=\"In stock\" \/>\n<script type=\"application\/ld+json\" class=\"yoast-schema-graph\">{\"@context\":\"https:\/\/schema.org\",\"@graph\":[{\"@type\":\"WebPage\",\"@id\":\"https:\/\/enoaudio.de\/fr\/produkt\/m2893bk-3tm36m\/\",\"url\":\"https:\/\/enoaudio.de\/fr\/produkt\/m2893bk-3tm36m\/\",\"name\":\"enoaudio Mogami 2893 Quad C\u00e2ble Bantam Patch | Neutrik Gold 4,4mm TT - Neutrik Gold 6,3mm TRS | HiFi - enoaudio\",\"isPartOf\":{\"@id\":\"https:\/\/enoaudio.de\/fr\/#website\"},\"primaryImageOfPage\":{\"@id\":\"https:\/\/enoaudio.de\/fr\/produkt\/m2893bk-3tm36m\/#primaryimage\"},\"image\":{\"@id\":\"https:\/\/enoaudio.de\/fr\/produkt\/m2893bk-3tm36m\/#primaryimage\"},\"thumbnailUrl\":\"https:\/\/enoaudio.de\/wp-content\/uploads\/M2893BK-3TM36M-min.png\",\"datePublished\":\"2025-09-04T13:16:52+00:00\",\"dateModified\":\"2025-11-04T10:06:23+00:00\",\"breadcrumb\":{\"@id\":\"https:\/\/enoaudio.de\/fr\/produkt\/m2893bk-3tm36m\/#breadcrumb\"},\"inLanguage\":\"fr-FR\",\"potentialAction\":[{\"@type\":\"ReadAction\",\"target\":[\"https:\/\/enoaudio.de\/fr\/produkt\/m2893bk-3tm36m\/\"]}]},{\"@type\":\"ImageObject\",\"inLanguage\":\"fr-FR\",\"@id\":\"https:\/\/enoaudio.de\/fr\/produkt\/m2893bk-3tm36m\/#primaryimage\",\"url\":\"https:\/\/enoaudio.de\/wp-content\/uploads\/M2893BK-3TM36M-min.png\",\"contentUrl\":\"https:\/\/enoaudio.de\/wp-content\/uploads\/M2893BK-3TM36M-min.png\",\"width\":1800,\"height\":1200},{\"@type\":\"BreadcrumbList\",\"@id\":\"https:\/\/enoaudio.de\/fr\/produkt\/m2893bk-3tm36m\/#breadcrumb\",\"itemListElement\":[{\"@type\":\"ListItem\",\"position\":1,\"name\":\"Startseite\",\"item\":\"https:\/\/enoaudio.de\/fr\/boutique\/\"},{\"@type\":\"ListItem\",\"position\":2,\"name\":\"Boutique\",\"item\":\"https:\/\/enoaudio.de\/fr\/boutique\/\"},{\"@type\":\"ListItem\",\"position\":3,\"name\":\"enoaudio Mogami 2893 Quad C\u00e2ble Bantam Patch | Neutrik Gold 4,4mm TT &#8211; Neutrik Gold 6,3mm TRS | HiFi\"}]},{\"@type\":\"WebSite\",\"@id\":\"https:\/\/enoaudio.de\/fr\/#website\",\"url\":\"https:\/\/enoaudio.de\/fr\/\",\"name\":\"enoaudio\",\"description\":\"HIgh Quality Cables for Professionals\",\"publisher\":{\"@id\":\"https:\/\/enoaudio.de\/fr\/#organization\"},\"potentialAction\":[{\"@type\":\"SearchAction\",\"target\":{\"@type\":\"EntryPoint\",\"urlTemplate\":\"https:\/\/enoaudio.de\/fr\/?s={search_term_string}\"},\"query-input\":{\"@type\":\"PropertyValueSpecification\",\"valueRequired\":true,\"valueName\":\"search_term_string\"}}],\"inLanguage\":\"fr-FR\"},{\"@type\":\"Organization\",\"@id\":\"https:\/\/enoaudio.de\/fr\/#organization\",\"name\":\"enoaudio\",\"url\":\"https:\/\/enoaudio.de\/fr\/\",\"logo\":{\"@type\":\"ImageObject\",\"inLanguage\":\"fr-FR\",\"@id\":\"https:\/\/enoaudio.de\/fr\/#\/schema\/logo\/image\/\",\"url\":\"https:\/\/enoaudio.de\/wordpress\/wp-content\/uploads\/2018\/02\/enoaudio_title.png\",\"contentUrl\":\"https:\/\/enoaudio.de\/wordpress\/wp-content\/uploads\/2018\/02\/enoaudio_title.png\",\"width\":1018,\"height\":168,\"caption\":\"enoaudio\"},\"image\":{\"@id\":\"https:\/\/enoaudio.de\/fr\/#\/schema\/logo\/image\/\"}}]}<\/script>\n<meta property=\"og:availability\" content=\"instock\" \/>\n<meta property=\"product:availability\" content=\"instock\" \/>\n<meta property=\"product:retailer_item_id\" content=\"M2893BK-3TM36M\" \/>\n<meta property=\"product:condition\" content=\"new\" \/>\n<!-- \/ Yoast SEO plugin. -->","yoast_head_json":{"title":"enoaudio Mogami 2893 Quad C\u00e2ble Bantam Patch | Neutrik Gold 4,4mm TT - Neutrik Gold 6,3mm TRS | HiFi - enoaudio","robots":{"index":"index","follow":"follow","max-snippet":"max-snippet:-1","max-image-preview":"max-image-preview:large","max-video-preview":"max-video-preview:-1"},"canonical":"https:\/\/enoaudio.de\/fr\/produkt\/m2893bk-3tm36m\/","og_locale":"fr_FR","og_type":"article","og_title":"enoaudio Mogami 2893 Quad C\u00e2ble Bantam Patch | Neutrik Gold 4,4mm TT - Neutrik Gold 6,3mm TRS | HiFi - enoaudio","og_description":"Kabel:  Stecker A:\u00a0 Stecker B:\u00a0","og_url":"https:\/\/enoaudio.de\/fr\/produkt\/m2893bk-3tm36m\/","og_site_name":"enoaudio","article_modified_time":"2025-11-04T10:06:23+00:00","og_image":[{"width":1800,"height":1200,"url":"https:\/\/enoaudio.de\/wp-content\/uploads\/M2893BK-3TM36M-min.png","type":"image\/png"}],"twitter_card":"summary_large_image","twitter_misc":{"Availability":"In stock"},"schema":{"@context":"https:\/\/schema.org","@graph":[{"@type":"WebPage","@id":"https:\/\/enoaudio.de\/fr\/produkt\/m2893bk-3tm36m\/","url":"https:\/\/enoaudio.de\/fr\/produkt\/m2893bk-3tm36m\/","name":"enoaudio Mogami 2893 Quad C\u00e2ble Bantam Patch | Neutrik Gold 4,4mm TT - Neutrik Gold 6,3mm TRS | HiFi - enoaudio","isPartOf":{"@id":"https:\/\/enoaudio.de\/fr\/#website"},"primaryImageOfPage":{"@id":"https:\/\/enoaudio.de\/fr\/produkt\/m2893bk-3tm36m\/#primaryimage"},"image":{"@id":"https:\/\/enoaudio.de\/fr\/produkt\/m2893bk-3tm36m\/#primaryimage"},"thumbnailUrl":"https:\/\/enoaudio.de\/wp-content\/uploads\/M2893BK-3TM36M-min.png","datePublished":"2025-09-04T13:16:52+00:00","dateModified":"2025-11-04T10:06:23+00:00","breadcrumb":{"@id":"https:\/\/enoaudio.de\/fr\/produkt\/m2893bk-3tm36m\/#breadcrumb"},"inLanguage":"fr-FR","potentialAction":[{"@type":"ReadAction","target":["https:\/\/enoaudio.de\/fr\/produkt\/m2893bk-3tm36m\/"]}]},{"@type":"ImageObject","inLanguage":"fr-FR","@id":"https:\/\/enoaudio.de\/fr\/produkt\/m2893bk-3tm36m\/#primaryimage","url":"https:\/\/enoaudio.de\/wp-content\/uploads\/M2893BK-3TM36M-min.png","contentUrl":"https:\/\/enoaudio.de\/wp-content\/uploads\/M2893BK-3TM36M-min.png","width":1800,"height":1200},{"@type":"BreadcrumbList","@id":"https:\/\/enoaudio.de\/fr\/produkt\/m2893bk-3tm36m\/#breadcrumb","itemListElement":[{"@type":"ListItem","position":1,"name":"Startseite","item":"https:\/\/enoaudio.de\/fr\/boutique\/"},{"@type":"ListItem","position":2,"name":"Boutique","item":"https:\/\/enoaudio.de\/fr\/boutique\/"},{"@type":"ListItem","position":3,"name":"enoaudio Mogami 2893 Quad C\u00e2ble Bantam Patch | Neutrik Gold 4,4mm TT &#8211; Neutrik Gold 6,3mm TRS | HiFi"}]},{"@type":"WebSite","@id":"https:\/\/enoaudio.de\/fr\/#website","url":"https:\/\/enoaudio.de\/fr\/","name":"enoaudio","description":"HIgh Quality Cables for Professionals","publisher":{"@id":"https:\/\/enoaudio.de\/fr\/#organization"},"potentialAction":[{"@type":"SearchAction","target":{"@type":"EntryPoint","urlTemplate":"https:\/\/enoaudio.de\/fr\/?s={search_term_string}"},"query-input":{"@type":"PropertyValueSpecification","valueRequired":true,"valueName":"search_term_string"}}],"inLanguage":"fr-FR"},{"@type":"Organization","@id":"https:\/\/enoaudio.de\/fr\/#organization","name":"enoaudio","url":"https:\/\/enoaudio.de\/fr\/","logo":{"@type":"ImageObject","inLanguage":"fr-FR","@id":"https:\/\/enoaudio.de\/fr\/#\/schema\/logo\/image\/","url":"https:\/\/enoaudio.de\/wordpress\/wp-content\/uploads\/2018\/02\/enoaudio_title.png","contentUrl":"https:\/\/enoaudio.de\/wordpress\/wp-content\/uploads\/2018\/02\/enoaudio_title.png","width":1018,"height":168,"caption":"enoaudio"},"image":{"@id":"https:\/\/enoaudio.de\/fr\/#\/schema\/logo\/image\/"}}]},"og_availability":"instock","product_availability":"instock","product_retailer_item_id":"M2893BK-3TM36M","product_condition":"new"},"_links":{"self":[{"href":"https:\/\/enoaudio.de\/fr\/wp-json\/wp\/v2\/product\/336294","targetHints":{"allow":["GET"]}}],"collection":[{"href":"https:\/\/enoaudio.de\/fr\/wp-json\/wp\/v2\/product"}],"about":[{"href":"https:\/\/enoaudio.de\/fr\/wp-json\/wp\/v2\/types\/product"}],"replies":[{"embeddable":true,"href":"https:\/\/enoaudio.de\/fr\/wp-json\/wp\/v2\/comments?post=336294"}],"wp:featuredmedia":[{"embeddable":true,"href":"https:\/\/enoaudio.de\/fr\/wp-json\/wp\/v2\/media\/308001"}],"wp:attachment":[{"href":"https:\/\/enoaudio.de\/fr\/wp-json\/wp\/v2\/media?parent=336294"}],"wp:term":[{"taxonomy":"product_brand","embeddable":true,"href":"https:\/\/enoaudio.de\/fr\/wp-json\/wp\/v2\/product_brand?post=336294"},{"taxonomy":"product_cat","embeddable":true,"href":"https:\/\/enoaudio.de\/fr\/wp-json\/wp\/v2\/product_cat?post=336294"},{"taxonomy":"product_tag","embeddable":true,"href":"https:\/\/enoaudio.de\/fr\/wp-json\/wp\/v2\/product_tag?post=336294"}],"curies":[{"name":"wp","href":"https:\/\/api.w.org\/{rel}","templated":true}]}}