{"id":336557,"date":"2025-09-04T15:37:42","date_gmt":"2025-09-04T13:37:42","guid":{"rendered":"https:\/\/enoaudio.de\/produkt\/m2893bk-23m2rm\/"},"modified":"2025-09-04T15:37:42","modified_gmt":"2025-09-04T13:37:42","slug":"m2893bk-23m2rm","status":"publish","type":"product","link":"https:\/\/enoaudio.de\/fr\/produkt\/m2893bk-23m2rm\/","title":{"rendered":"enoaudio Mogami 2893 High-Definition Eurorack Adapterkabel | Amphenol Gold 3,5mm TS &#8211; Neutrik Gold Cinch RCA | HiFi"},"content":{"rendered":"<p>Kabel: Mogami 2893<br>\r\n<br>\r\nDas Mogami 2893 Neglex Quad Miniatur-Mikrofonkabel ist Teil der Neglex-Serie von Mikrofonkabeln, die f\u00fcr professionelle Aufnahmestudios entwickelt wurden, in denen eine pr\u00e4zise Signal\u00fcbertragung f\u00fcr die Klangqualit\u00e4t von gr\u00f6\u00dfter Bedeutung ist.<br>\r\n<br>\r\nBasierend auf dem gleichen Konzept wie das ber\u00fchmte Mogami 2534, wurde es auf \u03c64,8 mm miniaturisiert, um in ein Bantam-Patchkabel zu passen, was es zu einem platzsparenden professionellen Kabel macht, ohne die hohe Klangqualit\u00e4t zu beeintr\u00e4chtigen.<br>\r\n<br>\r\nDer Leiter besteht aus OFC (sauerstofffreies, hochreines Kupfer) mit hoher Signalleitf\u00e4higkeit, der Isolator aus XLPE (vernetztes Polyethylen) mit sehr guten elektrischen Eigenschaften und die dichte Spiralabschirmung aus Kupferdraht - alles physikalisch durchdacht f\u00fcr eine hohe Klangqualit\u00e4t.<br>\r\nDie Quad-Struktur der Leiter sorgt f\u00fcr eine hochwertige Klang\u00fcbertragung und unterdr\u00fcckt elektromagnetische St\u00f6rungen, die durch Peripherieger\u00e4te verursacht werden.<br>\r\n<br>\r\nDies erm\u00f6glicht ein Mikrofonkabel von h\u00f6chster Klangqualit\u00e4t.<\/p>\n<span>Das Kabel wird in Japan von Mogami gefertigt und in Deutschland von enoaudio einzeln konfektioniert.<\/span>\n<span>Jedes Kabel wird f\u00fcr garantierte Qualit\u00e4t vor dem Versand ausf\u00fchrlichen Messungen und Tests unterzogen.<\/span><span>enoaudio gew\u00e4hrt auf diese Kabel ab Kaufdatum eine Garantie von 10 Jahren.<\/span>\n","protected":false},"excerpt":{"rendered":"<p>Kabel: Mogami Neglex 2893\nStecker A:\u00a0Amphenol Gold 3,5mm TS (KM2PB-AU)\nStecker B:\u00a0Neutrik Gold Cinch RCA\n","protected":false},"featured_media":307926,"comment_status":"closed","ping_status":"closed","template":"","meta":{"_acf_changed":false},"product_brand":[],"product_cat":[876,500,579,496],"product_tag":[463,553],"class_list":{"0":"post-336557","1":"product","2":"type-product","3":"status-publish","4":"has-post-thumbnail","6":"product_cat-cable-de-couleur","7":"product_cat-cinch-kabel-fr","8":"product_cat-miniklinke-kabel-fr","9":"product_cat-unsymmetrisches-kabel-fr","10":"product_tag-mogami-fr","11":"product_tag-w2893-fr","12":"pa_length-0050m-fr","13":"pa_length-0100m-fr","14":"pa_length-0150m-fr","15":"pa_length-1000m-fr","16":"pa_length-0200m-fr","17":"pa_length-0300m-fr","18":"pa_length-0500m-fr","19":"pa_length-0700m-fr","21":"first","22":"instock","23":"taxable","24":"shipping-taxable","25":"purchasable","26":"product-type-variable"},"acf":[],"yoast_head":"<!-- This site is optimized with the Yoast SEO plugin v27.1.1 - https:\/\/yoast.com\/product\/yoast-seo-wordpress\/ -->\n<title>enoaudio Mogami 2893 High-Definition Eurorack Adapterkabel | Amphenol Gold 3,5mm TS - Neutrik Gold Cinch RCA | HiFi - enoaudio<\/title>\n<meta name=\"robots\" content=\"index, follow, max-snippet:-1, max-image-preview:large, max-video-preview:-1\" \/>\n<link rel=\"canonical\" href=\"https:\/\/enoaudio.de\/fr\/produkt\/m2893bk-23m2rm\/\" \/>\n<meta property=\"og:locale\" content=\"fr_FR\" \/>\n<meta property=\"og:type\" content=\"article\" \/>\n<meta property=\"og:title\" content=\"enoaudio Mogami 2893 High-Definition Eurorack Adapterkabel | Amphenol Gold 3,5mm TS - Neutrik Gold Cinch RCA | HiFi - enoaudio\" \/>\n<meta property=\"og:description\" content=\"Kabel:  Stecker A:\u00a0 Stecker B:\u00a0\" \/>\n<meta property=\"og:url\" content=\"https:\/\/enoaudio.de\/fr\/produkt\/m2893bk-23m2rm\/\" \/>\n<meta property=\"og:site_name\" content=\"enoaudio\" \/>\n<meta name=\"twitter:card\" content=\"summary_large_image\" \/>\n<meta name=\"twitter:label1\" content=\"Availability\" \/>\n\t<meta name=\"twitter:data1\" content=\"In stock\" \/>\n<script type=\"application\/ld+json\" class=\"yoast-schema-graph\">{\"@context\":\"https:\/\/schema.org\",\"@graph\":[{\"@type\":\"WebPage\",\"@id\":\"https:\/\/enoaudio.de\/fr\/produkt\/m2893bk-23m2rm\/\",\"url\":\"https:\/\/enoaudio.de\/fr\/produkt\/m2893bk-23m2rm\/\",\"name\":\"enoaudio Mogami 2893 High-Definition Eurorack Adapterkabel | Amphenol Gold 3,5mm TS - Neutrik Gold Cinch RCA | HiFi - enoaudio\",\"isPartOf\":{\"@id\":\"https:\/\/enoaudio.de\/fr\/#website\"},\"primaryImageOfPage\":{\"@id\":\"https:\/\/enoaudio.de\/fr\/produkt\/m2893bk-23m2rm\/#primaryimage\"},\"image\":{\"@id\":\"https:\/\/enoaudio.de\/fr\/produkt\/m2893bk-23m2rm\/#primaryimage\"},\"thumbnailUrl\":\"https:\/\/enoaudio.de\/wp-content\/uploads\/M2893BK-23M2RM-min.png\",\"datePublished\":\"2025-09-04T13:37:42+00:00\",\"breadcrumb\":{\"@id\":\"https:\/\/enoaudio.de\/fr\/produkt\/m2893bk-23m2rm\/#breadcrumb\"},\"inLanguage\":\"fr-FR\",\"potentialAction\":[{\"@type\":\"ReadAction\",\"target\":[\"https:\/\/enoaudio.de\/fr\/produkt\/m2893bk-23m2rm\/\"]}]},{\"@type\":\"ImageObject\",\"inLanguage\":\"fr-FR\",\"@id\":\"https:\/\/enoaudio.de\/fr\/produkt\/m2893bk-23m2rm\/#primaryimage\",\"url\":\"https:\/\/enoaudio.de\/wp-content\/uploads\/M2893BK-23M2RM-min.png\",\"contentUrl\":\"https:\/\/enoaudio.de\/wp-content\/uploads\/M2893BK-23M2RM-min.png\",\"width\":1800,\"height\":1200},{\"@type\":\"BreadcrumbList\",\"@id\":\"https:\/\/enoaudio.de\/fr\/produkt\/m2893bk-23m2rm\/#breadcrumb\",\"itemListElement\":[{\"@type\":\"ListItem\",\"position\":1,\"name\":\"Startseite\",\"item\":\"https:\/\/enoaudio.de\/fr\/boutique\/\"},{\"@type\":\"ListItem\",\"position\":2,\"name\":\"Boutique\",\"item\":\"https:\/\/enoaudio.de\/fr\/boutique\/\"},{\"@type\":\"ListItem\",\"position\":3,\"name\":\"enoaudio Mogami 2893 High-Definition Eurorack Adapterkabel | Amphenol Gold 3,5mm TS &#8211; Neutrik Gold Cinch RCA | HiFi\"}]},{\"@type\":\"WebSite\",\"@id\":\"https:\/\/enoaudio.de\/fr\/#website\",\"url\":\"https:\/\/enoaudio.de\/fr\/\",\"name\":\"enoaudio\",\"description\":\"HIgh Quality Cables for Professionals\",\"publisher\":{\"@id\":\"https:\/\/enoaudio.de\/fr\/#organization\"},\"potentialAction\":[{\"@type\":\"SearchAction\",\"target\":{\"@type\":\"EntryPoint\",\"urlTemplate\":\"https:\/\/enoaudio.de\/fr\/?s={search_term_string}\"},\"query-input\":{\"@type\":\"PropertyValueSpecification\",\"valueRequired\":true,\"valueName\":\"search_term_string\"}}],\"inLanguage\":\"fr-FR\"},{\"@type\":\"Organization\",\"@id\":\"https:\/\/enoaudio.de\/fr\/#organization\",\"name\":\"enoaudio\",\"url\":\"https:\/\/enoaudio.de\/fr\/\",\"logo\":{\"@type\":\"ImageObject\",\"inLanguage\":\"fr-FR\",\"@id\":\"https:\/\/enoaudio.de\/fr\/#\/schema\/logo\/image\/\",\"url\":\"https:\/\/enoaudio.de\/wordpress\/wp-content\/uploads\/2018\/02\/enoaudio_title.png\",\"contentUrl\":\"https:\/\/enoaudio.de\/wordpress\/wp-content\/uploads\/2018\/02\/enoaudio_title.png\",\"width\":1018,\"height\":168,\"caption\":\"enoaudio\"},\"image\":{\"@id\":\"https:\/\/enoaudio.de\/fr\/#\/schema\/logo\/image\/\"}}]}<\/script>\n<meta property=\"og:availability\" content=\"instock\" \/>\n<meta property=\"product:availability\" content=\"instock\" \/>\n<meta property=\"product:retailer_item_id\" content=\"M2893BK-23M2RM\" \/>\n<meta property=\"product:condition\" content=\"new\" \/>\n<!-- \/ Yoast SEO plugin. -->","yoast_head_json":{"title":"enoaudio Mogami 2893 High-Definition Eurorack Adapterkabel | Amphenol Gold 3,5mm TS - Neutrik Gold Cinch RCA | HiFi - enoaudio","robots":{"index":"index","follow":"follow","max-snippet":"max-snippet:-1","max-image-preview":"max-image-preview:large","max-video-preview":"max-video-preview:-1"},"canonical":"https:\/\/enoaudio.de\/fr\/produkt\/m2893bk-23m2rm\/","og_locale":"fr_FR","og_type":"article","og_title":"enoaudio Mogami 2893 High-Definition Eurorack Adapterkabel | Amphenol Gold 3,5mm TS - Neutrik Gold Cinch RCA | HiFi - enoaudio","og_description":"Kabel:  Stecker A:\u00a0 Stecker B:\u00a0","og_url":"https:\/\/enoaudio.de\/fr\/produkt\/m2893bk-23m2rm\/","og_site_name":"enoaudio","twitter_card":"summary_large_image","twitter_misc":{"Availability":"In stock"},"schema":{"@context":"https:\/\/schema.org","@graph":[{"@type":"WebPage","@id":"https:\/\/enoaudio.de\/fr\/produkt\/m2893bk-23m2rm\/","url":"https:\/\/enoaudio.de\/fr\/produkt\/m2893bk-23m2rm\/","name":"enoaudio Mogami 2893 High-Definition Eurorack Adapterkabel | Amphenol Gold 3,5mm TS - Neutrik Gold Cinch RCA | HiFi - enoaudio","isPartOf":{"@id":"https:\/\/enoaudio.de\/fr\/#website"},"primaryImageOfPage":{"@id":"https:\/\/enoaudio.de\/fr\/produkt\/m2893bk-23m2rm\/#primaryimage"},"image":{"@id":"https:\/\/enoaudio.de\/fr\/produkt\/m2893bk-23m2rm\/#primaryimage"},"thumbnailUrl":"https:\/\/enoaudio.de\/wp-content\/uploads\/M2893BK-23M2RM-min.png","datePublished":"2025-09-04T13:37:42+00:00","breadcrumb":{"@id":"https:\/\/enoaudio.de\/fr\/produkt\/m2893bk-23m2rm\/#breadcrumb"},"inLanguage":"fr-FR","potentialAction":[{"@type":"ReadAction","target":["https:\/\/enoaudio.de\/fr\/produkt\/m2893bk-23m2rm\/"]}]},{"@type":"ImageObject","inLanguage":"fr-FR","@id":"https:\/\/enoaudio.de\/fr\/produkt\/m2893bk-23m2rm\/#primaryimage","url":"https:\/\/enoaudio.de\/wp-content\/uploads\/M2893BK-23M2RM-min.png","contentUrl":"https:\/\/enoaudio.de\/wp-content\/uploads\/M2893BK-23M2RM-min.png","width":1800,"height":1200},{"@type":"BreadcrumbList","@id":"https:\/\/enoaudio.de\/fr\/produkt\/m2893bk-23m2rm\/#breadcrumb","itemListElement":[{"@type":"ListItem","position":1,"name":"Startseite","item":"https:\/\/enoaudio.de\/fr\/boutique\/"},{"@type":"ListItem","position":2,"name":"Boutique","item":"https:\/\/enoaudio.de\/fr\/boutique\/"},{"@type":"ListItem","position":3,"name":"enoaudio Mogami 2893 High-Definition Eurorack Adapterkabel | Amphenol Gold 3,5mm TS &#8211; Neutrik Gold Cinch RCA | HiFi"}]},{"@type":"WebSite","@id":"https:\/\/enoaudio.de\/fr\/#website","url":"https:\/\/enoaudio.de\/fr\/","name":"enoaudio","description":"HIgh Quality Cables for Professionals","publisher":{"@id":"https:\/\/enoaudio.de\/fr\/#organization"},"potentialAction":[{"@type":"SearchAction","target":{"@type":"EntryPoint","urlTemplate":"https:\/\/enoaudio.de\/fr\/?s={search_term_string}"},"query-input":{"@type":"PropertyValueSpecification","valueRequired":true,"valueName":"search_term_string"}}],"inLanguage":"fr-FR"},{"@type":"Organization","@id":"https:\/\/enoaudio.de\/fr\/#organization","name":"enoaudio","url":"https:\/\/enoaudio.de\/fr\/","logo":{"@type":"ImageObject","inLanguage":"fr-FR","@id":"https:\/\/enoaudio.de\/fr\/#\/schema\/logo\/image\/","url":"https:\/\/enoaudio.de\/wordpress\/wp-content\/uploads\/2018\/02\/enoaudio_title.png","contentUrl":"https:\/\/enoaudio.de\/wordpress\/wp-content\/uploads\/2018\/02\/enoaudio_title.png","width":1018,"height":168,"caption":"enoaudio"},"image":{"@id":"https:\/\/enoaudio.de\/fr\/#\/schema\/logo\/image\/"}}]},"og_availability":"instock","product_availability":"instock","product_retailer_item_id":"M2893BK-23M2RM","product_condition":"new"},"_links":{"self":[{"href":"https:\/\/enoaudio.de\/fr\/wp-json\/wp\/v2\/product\/336557","targetHints":{"allow":["GET"]}}],"collection":[{"href":"https:\/\/enoaudio.de\/fr\/wp-json\/wp\/v2\/product"}],"about":[{"href":"https:\/\/enoaudio.de\/fr\/wp-json\/wp\/v2\/types\/product"}],"replies":[{"embeddable":true,"href":"https:\/\/enoaudio.de\/fr\/wp-json\/wp\/v2\/comments?post=336557"}],"wp:featuredmedia":[{"embeddable":true,"href":"https:\/\/enoaudio.de\/fr\/wp-json\/wp\/v2\/media\/307926"}],"wp:attachment":[{"href":"https:\/\/enoaudio.de\/fr\/wp-json\/wp\/v2\/media?parent=336557"}],"wp:term":[{"taxonomy":"product_brand","embeddable":true,"href":"https:\/\/enoaudio.de\/fr\/wp-json\/wp\/v2\/product_brand?post=336557"},{"taxonomy":"product_cat","embeddable":true,"href":"https:\/\/enoaudio.de\/fr\/wp-json\/wp\/v2\/product_cat?post=336557"},{"taxonomy":"product_tag","embeddable":true,"href":"https:\/\/enoaudio.de\/fr\/wp-json\/wp\/v2\/product_tag?post=336557"}],"curies":[{"name":"wp","href":"https:\/\/api.w.org\/{rel}","templated":true}]}}