{"id":337043,"date":"2025-09-11T10:25:06","date_gmt":"2025-09-11T08:25:06","guid":{"rendered":"https:\/\/enoaudio.de\/produkt\/m2534bk-36m3xlm\/"},"modified":"2025-11-07T13:26:22","modified_gmt":"2025-11-07T12:26:22","slug":"m2534bk-36m3xlm","status":"publish","type":"product","link":"https:\/\/enoaudio.de\/fr\/produkt\/m2534bk-36m3xlm\/","title":{"rendered":"C\u00e2ble de studio professionnel enoaudio Mogami 2534 Quad sym\u00e9trique | Neutrik plaqu\u00e9 or 6,35 mm TRS \u2013 Neutrik plaqu\u00e9 or XLR m\u00e2le 90\u00ba | Hi-Fi"},"content":{"rendered":"<p>Le c\u00e2ble haute d\u00e9finition Mogami 2534 Neglex Quad est fait en cuivre sans oxyg\u00e8ne (OFC).\nLa transmission du signal \u00e0 quatre c\u0153urs et le blindage en spirale extr\u00eamement serr\u00e9 emp\u00eachent efficacement les interf\u00e9rences \u00e9lectromagn\u00e9tiques. Le r\u00e9sultat est des enregistrements sans interf\u00e9rence et une plage dynamique \u00e9largi.\nCaract\u00e9ristiques: caract\u00e9ristiques sonores uniques et de  haut qualit\u00e9, flexibles, robustes, faciles \u00e0 installer.<\/p>\n<span>Le c\u00e2ble est fabriqu\u00e9 au Japon par Mogami et assembl\u00e9 individuellement en Allemagne par enoaudio.<\/span>\n<span>Chaque c\u00e2ble est soumis \u00e0 des tests approfondis de qualit\u00e9 garantie.<\/span><span>enoaudio offre une garantie de 10 ans sur ces c\u00e2bles \u00e0 partir de la date d'achat.<\/span>\n","protected":false},"excerpt":{"rendered":"<p>C\u00e2ble: Mogami Neglex 2534\nConnecteur A:\u00a0Neutrik Gold 6,35mm TRS (NP3 X-B)\nConnecteur B:\u00a0Neutrik Gold XLR male 90\u00ba (NC3 MXX-B)\n","protected":false},"featured_media":308530,"comment_status":"closed","ping_status":"closed","template":"","meta":{"_acf_changed":false},"product_brand":[],"product_cat":[876,491,462],"product_tag":[463,464],"class_list":{"0":"post-337043","1":"product","2":"type-product","3":"status-publish","4":"has-post-thumbnail","6":"product_cat-cable-de-couleur","7":"product_cat-symmetrisches-kabel-fr","8":"product_cat-trs-xlr-m-fr","9":"product_tag-mogami-fr","10":"product_tag-w2534-fr","11":"pa_length-0050m-fr","12":"pa_length-0100m-fr","13":"pa_length-0150m-fr","14":"pa_length-1000m-fr","15":"pa_length-0200m-fr","16":"pa_length-0300m-fr","17":"pa_length-0500m-fr","18":"pa_length-0700m-fr","20":"first","21":"instock","22":"taxable","23":"shipping-taxable","24":"purchasable","25":"product-type-variable","26":"has-default-attributes"},"acf":[],"yoast_head":"<!-- This site is optimized with the Yoast SEO plugin v27.1.1 - https:\/\/yoast.com\/product\/yoast-seo-wordpress\/ -->\n<title>C\u00e2ble de studio professionnel enoaudio Mogami 2534 Quad sym\u00e9trique | Neutrik plaqu\u00e9 or 6,35 mm TRS \u2013 Neutrik plaqu\u00e9 or XLR m\u00e2le 90\u00ba | Hi-Fi - enoaudio<\/title>\n<meta name=\"robots\" content=\"index, follow, max-snippet:-1, max-image-preview:large, max-video-preview:-1\" \/>\n<link rel=\"canonical\" href=\"https:\/\/enoaudio.de\/fr\/produkt\/m2534bk-36m3xlm\/\" \/>\n<meta property=\"og:locale\" content=\"fr_FR\" \/>\n<meta property=\"og:type\" content=\"article\" \/>\n<meta property=\"og:title\" content=\"C\u00e2ble de studio professionnel enoaudio Mogami 2534 Quad sym\u00e9trique | Neutrik plaqu\u00e9 or 6,35 mm TRS \u2013 Neutrik plaqu\u00e9 or XLR m\u00e2le 90\u00ba | Hi-Fi - enoaudio\" \/>\n<meta property=\"og:description\" content=\"C\u00e2ble:  Connecteur A:\u00a0 Connecteur B:\u00a0\" \/>\n<meta property=\"og:url\" content=\"https:\/\/enoaudio.de\/fr\/produkt\/m2534bk-36m3xlm\/\" \/>\n<meta property=\"og:site_name\" content=\"enoaudio\" \/>\n<meta property=\"article:modified_time\" content=\"2025-11-07T12:26:22+00:00\" \/>\n<meta property=\"og:image\" content=\"https:\/\/enoaudio.de\/wp-content\/uploads\/M2534BK-36M3XLM-min.png\" \/>\n\t<meta property=\"og:image:width\" content=\"1800\" \/>\n\t<meta property=\"og:image:height\" content=\"1250\" \/>\n\t<meta property=\"og:image:type\" content=\"image\/png\" \/>\n<meta name=\"twitter:card\" content=\"summary_large_image\" \/>\n<meta name=\"twitter:label1\" content=\"Availability\" \/>\n\t<meta name=\"twitter:data1\" content=\"In stock\" \/>\n<script type=\"application\/ld+json\" class=\"yoast-schema-graph\">{\"@context\":\"https:\/\/schema.org\",\"@graph\":[{\"@type\":\"WebPage\",\"@id\":\"https:\/\/enoaudio.de\/fr\/produkt\/m2534bk-36m3xlm\/\",\"url\":\"https:\/\/enoaudio.de\/fr\/produkt\/m2534bk-36m3xlm\/\",\"name\":\"C\u00e2ble de studio professionnel enoaudio Mogami 2534 Quad sym\u00e9trique | Neutrik plaqu\u00e9 or 6,35 mm TRS \u2013 Neutrik plaqu\u00e9 or XLR m\u00e2le 90\u00ba | Hi-Fi - enoaudio\",\"isPartOf\":{\"@id\":\"https:\/\/enoaudio.de\/fr\/#website\"},\"primaryImageOfPage\":{\"@id\":\"https:\/\/enoaudio.de\/fr\/produkt\/m2534bk-36m3xlm\/#primaryimage\"},\"image\":{\"@id\":\"https:\/\/enoaudio.de\/fr\/produkt\/m2534bk-36m3xlm\/#primaryimage\"},\"thumbnailUrl\":\"https:\/\/enoaudio.de\/wp-content\/uploads\/M2534BK-36M3XLM-min.png\",\"datePublished\":\"2025-09-11T08:25:06+00:00\",\"dateModified\":\"2025-11-07T12:26:22+00:00\",\"breadcrumb\":{\"@id\":\"https:\/\/enoaudio.de\/fr\/produkt\/m2534bk-36m3xlm\/#breadcrumb\"},\"inLanguage\":\"fr-FR\",\"potentialAction\":[{\"@type\":\"ReadAction\",\"target\":[\"https:\/\/enoaudio.de\/fr\/produkt\/m2534bk-36m3xlm\/\"]}]},{\"@type\":\"ImageObject\",\"inLanguage\":\"fr-FR\",\"@id\":\"https:\/\/enoaudio.de\/fr\/produkt\/m2534bk-36m3xlm\/#primaryimage\",\"url\":\"https:\/\/enoaudio.de\/wp-content\/uploads\/M2534BK-36M3XLM-min.png\",\"contentUrl\":\"https:\/\/enoaudio.de\/wp-content\/uploads\/M2534BK-36M3XLM-min.png\",\"width\":1800,\"height\":1250},{\"@type\":\"BreadcrumbList\",\"@id\":\"https:\/\/enoaudio.de\/fr\/produkt\/m2534bk-36m3xlm\/#breadcrumb\",\"itemListElement\":[{\"@type\":\"ListItem\",\"position\":1,\"name\":\"Startseite\",\"item\":\"https:\/\/enoaudio.de\/fr\/boutique\/\"},{\"@type\":\"ListItem\",\"position\":2,\"name\":\"Boutique\",\"item\":\"https:\/\/enoaudio.de\/fr\/boutique\/\"},{\"@type\":\"ListItem\",\"position\":3,\"name\":\"C\u00e2ble de studio professionnel enoaudio Mogami 2534 Quad sym\u00e9trique | Neutrik plaqu\u00e9 or 6,35 mm TRS \u2013 Neutrik plaqu\u00e9 or XLR m\u00e2le 90\u00ba | Hi-Fi\"}]},{\"@type\":\"WebSite\",\"@id\":\"https:\/\/enoaudio.de\/fr\/#website\",\"url\":\"https:\/\/enoaudio.de\/fr\/\",\"name\":\"enoaudio\",\"description\":\"HIgh Quality Cables for Professionals\",\"publisher\":{\"@id\":\"https:\/\/enoaudio.de\/fr\/#organization\"},\"potentialAction\":[{\"@type\":\"SearchAction\",\"target\":{\"@type\":\"EntryPoint\",\"urlTemplate\":\"https:\/\/enoaudio.de\/fr\/?s={search_term_string}\"},\"query-input\":{\"@type\":\"PropertyValueSpecification\",\"valueRequired\":true,\"valueName\":\"search_term_string\"}}],\"inLanguage\":\"fr-FR\"},{\"@type\":\"Organization\",\"@id\":\"https:\/\/enoaudio.de\/fr\/#organization\",\"name\":\"enoaudio\",\"url\":\"https:\/\/enoaudio.de\/fr\/\",\"logo\":{\"@type\":\"ImageObject\",\"inLanguage\":\"fr-FR\",\"@id\":\"https:\/\/enoaudio.de\/fr\/#\/schema\/logo\/image\/\",\"url\":\"https:\/\/enoaudio.de\/wordpress\/wp-content\/uploads\/2018\/02\/enoaudio_title.png\",\"contentUrl\":\"https:\/\/enoaudio.de\/wordpress\/wp-content\/uploads\/2018\/02\/enoaudio_title.png\",\"width\":1018,\"height\":168,\"caption\":\"enoaudio\"},\"image\":{\"@id\":\"https:\/\/enoaudio.de\/fr\/#\/schema\/logo\/image\/\"}}]}<\/script>\n<meta property=\"og:availability\" content=\"instock\" \/>\n<meta property=\"product:availability\" content=\"instock\" \/>\n<meta property=\"product:retailer_item_id\" content=\"M2534BK-36M3XLM\" \/>\n<meta property=\"product:condition\" content=\"new\" \/>\n<!-- \/ Yoast SEO plugin. -->","yoast_head_json":{"title":"C\u00e2ble de studio professionnel enoaudio Mogami 2534 Quad sym\u00e9trique | Neutrik plaqu\u00e9 or 6,35 mm TRS \u2013 Neutrik plaqu\u00e9 or XLR m\u00e2le 90\u00ba | Hi-Fi - enoaudio","robots":{"index":"index","follow":"follow","max-snippet":"max-snippet:-1","max-image-preview":"max-image-preview:large","max-video-preview":"max-video-preview:-1"},"canonical":"https:\/\/enoaudio.de\/fr\/produkt\/m2534bk-36m3xlm\/","og_locale":"fr_FR","og_type":"article","og_title":"C\u00e2ble de studio professionnel enoaudio Mogami 2534 Quad sym\u00e9trique | Neutrik plaqu\u00e9 or 6,35 mm TRS \u2013 Neutrik plaqu\u00e9 or XLR m\u00e2le 90\u00ba | Hi-Fi - enoaudio","og_description":"C\u00e2ble:  Connecteur A:\u00a0 Connecteur B:\u00a0","og_url":"https:\/\/enoaudio.de\/fr\/produkt\/m2534bk-36m3xlm\/","og_site_name":"enoaudio","article_modified_time":"2025-11-07T12:26:22+00:00","og_image":[{"width":1800,"height":1250,"url":"https:\/\/enoaudio.de\/wp-content\/uploads\/M2534BK-36M3XLM-min.png","type":"image\/png"}],"twitter_card":"summary_large_image","twitter_misc":{"Availability":"In stock"},"schema":{"@context":"https:\/\/schema.org","@graph":[{"@type":"WebPage","@id":"https:\/\/enoaudio.de\/fr\/produkt\/m2534bk-36m3xlm\/","url":"https:\/\/enoaudio.de\/fr\/produkt\/m2534bk-36m3xlm\/","name":"C\u00e2ble de studio professionnel enoaudio Mogami 2534 Quad sym\u00e9trique | Neutrik plaqu\u00e9 or 6,35 mm TRS \u2013 Neutrik plaqu\u00e9 or XLR m\u00e2le 90\u00ba | Hi-Fi - enoaudio","isPartOf":{"@id":"https:\/\/enoaudio.de\/fr\/#website"},"primaryImageOfPage":{"@id":"https:\/\/enoaudio.de\/fr\/produkt\/m2534bk-36m3xlm\/#primaryimage"},"image":{"@id":"https:\/\/enoaudio.de\/fr\/produkt\/m2534bk-36m3xlm\/#primaryimage"},"thumbnailUrl":"https:\/\/enoaudio.de\/wp-content\/uploads\/M2534BK-36M3XLM-min.png","datePublished":"2025-09-11T08:25:06+00:00","dateModified":"2025-11-07T12:26:22+00:00","breadcrumb":{"@id":"https:\/\/enoaudio.de\/fr\/produkt\/m2534bk-36m3xlm\/#breadcrumb"},"inLanguage":"fr-FR","potentialAction":[{"@type":"ReadAction","target":["https:\/\/enoaudio.de\/fr\/produkt\/m2534bk-36m3xlm\/"]}]},{"@type":"ImageObject","inLanguage":"fr-FR","@id":"https:\/\/enoaudio.de\/fr\/produkt\/m2534bk-36m3xlm\/#primaryimage","url":"https:\/\/enoaudio.de\/wp-content\/uploads\/M2534BK-36M3XLM-min.png","contentUrl":"https:\/\/enoaudio.de\/wp-content\/uploads\/M2534BK-36M3XLM-min.png","width":1800,"height":1250},{"@type":"BreadcrumbList","@id":"https:\/\/enoaudio.de\/fr\/produkt\/m2534bk-36m3xlm\/#breadcrumb","itemListElement":[{"@type":"ListItem","position":1,"name":"Startseite","item":"https:\/\/enoaudio.de\/fr\/boutique\/"},{"@type":"ListItem","position":2,"name":"Boutique","item":"https:\/\/enoaudio.de\/fr\/boutique\/"},{"@type":"ListItem","position":3,"name":"C\u00e2ble de studio professionnel enoaudio Mogami 2534 Quad sym\u00e9trique | Neutrik plaqu\u00e9 or 6,35 mm TRS \u2013 Neutrik plaqu\u00e9 or XLR m\u00e2le 90\u00ba | Hi-Fi"}]},{"@type":"WebSite","@id":"https:\/\/enoaudio.de\/fr\/#website","url":"https:\/\/enoaudio.de\/fr\/","name":"enoaudio","description":"HIgh Quality Cables for Professionals","publisher":{"@id":"https:\/\/enoaudio.de\/fr\/#organization"},"potentialAction":[{"@type":"SearchAction","target":{"@type":"EntryPoint","urlTemplate":"https:\/\/enoaudio.de\/fr\/?s={search_term_string}"},"query-input":{"@type":"PropertyValueSpecification","valueRequired":true,"valueName":"search_term_string"}}],"inLanguage":"fr-FR"},{"@type":"Organization","@id":"https:\/\/enoaudio.de\/fr\/#organization","name":"enoaudio","url":"https:\/\/enoaudio.de\/fr\/","logo":{"@type":"ImageObject","inLanguage":"fr-FR","@id":"https:\/\/enoaudio.de\/fr\/#\/schema\/logo\/image\/","url":"https:\/\/enoaudio.de\/wordpress\/wp-content\/uploads\/2018\/02\/enoaudio_title.png","contentUrl":"https:\/\/enoaudio.de\/wordpress\/wp-content\/uploads\/2018\/02\/enoaudio_title.png","width":1018,"height":168,"caption":"enoaudio"},"image":{"@id":"https:\/\/enoaudio.de\/fr\/#\/schema\/logo\/image\/"}}]},"og_availability":"instock","product_availability":"instock","product_retailer_item_id":"M2534BK-36M3XLM","product_condition":"new"},"_links":{"self":[{"href":"https:\/\/enoaudio.de\/fr\/wp-json\/wp\/v2\/product\/337043","targetHints":{"allow":["GET"]}}],"collection":[{"href":"https:\/\/enoaudio.de\/fr\/wp-json\/wp\/v2\/product"}],"about":[{"href":"https:\/\/enoaudio.de\/fr\/wp-json\/wp\/v2\/types\/product"}],"replies":[{"embeddable":true,"href":"https:\/\/enoaudio.de\/fr\/wp-json\/wp\/v2\/comments?post=337043"}],"wp:featuredmedia":[{"embeddable":true,"href":"https:\/\/enoaudio.de\/fr\/wp-json\/wp\/v2\/media\/308530"}],"wp:attachment":[{"href":"https:\/\/enoaudio.de\/fr\/wp-json\/wp\/v2\/media?parent=337043"}],"wp:term":[{"taxonomy":"product_brand","embeddable":true,"href":"https:\/\/enoaudio.de\/fr\/wp-json\/wp\/v2\/product_brand?post=337043"},{"taxonomy":"product_cat","embeddable":true,"href":"https:\/\/enoaudio.de\/fr\/wp-json\/wp\/v2\/product_cat?post=337043"},{"taxonomy":"product_tag","embeddable":true,"href":"https:\/\/enoaudio.de\/fr\/wp-json\/wp\/v2\/product_tag?post=337043"}],"curies":[{"name":"wp","href":"https:\/\/api.w.org\/{rel}","templated":true}]}}