{"id":6611,"date":"2018-03-02T23:37:42","date_gmt":"2018-03-02T22:37:42","guid":{"rendered":"https:\/\/enoaudio.de\/produkt\/m2964bl-2bm\/"},"modified":"2026-04-07T07:29:58","modified_gmt":"2026-04-07T05:29:58","slug":"m2964bl-2bm","status":"publish","type":"product","link":"https:\/\/enoaudio.de\/fr\/produkt\/m2964bl-2bm\/","title":{"rendered":"enoaudio Mogami 2964 C\u00e2ble Num\u00e9rique coaxial 75 Ohm Word Clock, WC, SDI, HDTV DH | Canare Gold BNC | HiFi"},"content":{"rendered":"<p>Le c\u00e2ble num\u00e9rique Mogami 2964 est extr\u00eamement flexible avec un diam\u00e8tre de seulement 4,8 mm. Les param\u00e8tres techniques sont adapt\u00e9s \u00e0 la transmission des signaux word clock haute fr\u00e9quence, MADI et vid\u00e9o. L'imp\u00e9dance de 75 ohms est accompli avec une tol\u00e9rance de seulement +\/- 10%, GARANTIE. Un double blindage en spirale prot\u00e8ge contre interf\u00e9rence.<\/p><span>Le c\u00e2ble est fabriqu\u00e9 au Japon par Mogami et assembl\u00e9 individuellement en Allemagne par enoaudio.<\/span> <span>Chaque c\u00e2ble est soumis \u00e0 des tests approfondis de qualit\u00e9 garantie.<\/span><span>enoaudio offre une garantie de 10 ans sur ces c\u00e2bles \u00e0 partir de la date d'achat.<\/span>\n","protected":false},"excerpt":{"rendered":"<p>C\u00e2ble: Mogami Neglex 2964\nConnecteur A:\u00a0Canare Gold BNC (BCP-A3F)\nConnecteur B:\u00a0Canare Gold BNC (BCP-A3F)\n","protected":false},"featured_media":324899,"comment_status":"open","ping_status":"closed","template":"","meta":{"_acf_changed":false},"product_brand":[],"product_cat":[510],"product_tag":[463,511],"class_list":{"0":"post-6611","1":"product","2":"type-product","3":"status-publish","4":"has-post-thumbnail","6":"product_cat-digital-kabel-fr","7":"product_tag-mogami-fr","8":"product_tag-w2964-fr","9":"pa_length-0050m-fr","10":"pa_length-0100m-fr","11":"pa_length-0150m-fr","12":"pa_length-1000m-fr","13":"pa_length-0200m-fr","14":"pa_length-0300m-fr","15":"pa_length-0500m-fr","16":"pa_length-0700m-fr","18":"first","19":"instock","20":"taxable","21":"shipping-taxable","22":"purchasable","23":"product-type-variable"},"acf":[],"yoast_head":"<!-- This site is optimized with the Yoast SEO plugin v27.1.1 - https:\/\/yoast.com\/product\/yoast-seo-wordpress\/ -->\n<title>enoaudio Mogami 2964 C\u00e2ble Num\u00e9rique coaxial 75 Ohm Word Clock, WC, SDI, HDTV DH | Canare Gold BNC | HiFi - enoaudio<\/title>\n<meta name=\"robots\" content=\"index, follow, max-snippet:-1, max-image-preview:large, max-video-preview:-1\" \/>\n<link rel=\"canonical\" href=\"https:\/\/enoaudio.de\/fr\/produkt\/m2964bl-2bm\/\" \/>\n<meta property=\"og:locale\" content=\"fr_FR\" \/>\n<meta property=\"og:type\" content=\"article\" \/>\n<meta property=\"og:title\" content=\"enoaudio Mogami 2964 C\u00e2ble Num\u00e9rique coaxial 75 Ohm Word Clock, WC, SDI, HDTV DH | Canare Gold BNC | HiFi - enoaudio\" \/>\n<meta property=\"og:description\" content=\"C\u00e2ble:  Connecteur A:\u00a0 Connecteur B:\u00a0\" \/>\n<meta property=\"og:url\" content=\"https:\/\/enoaudio.de\/fr\/produkt\/m2964bl-2bm\/\" \/>\n<meta property=\"og:site_name\" content=\"enoaudio\" \/>\n<meta property=\"article:modified_time\" content=\"2026-04-07T05:29:58+00:00\" \/>\n<meta property=\"og:image\" content=\"https:\/\/enoaudio.de\/wordpress\/wp-content\/uploads\/DSC_0799-scaled.jpg\" \/>\n\t<meta property=\"og:image:width\" content=\"2560\" \/>\n\t<meta property=\"og:image:height\" content=\"1700\" \/>\n\t<meta property=\"og:image:type\" content=\"image\/jpeg\" \/>\n<meta name=\"twitter:card\" content=\"summary_large_image\" \/>\n<meta name=\"twitter:label1\" content=\"Availability\" \/>\n\t<meta name=\"twitter:data1\" content=\"In stock\" \/>\n<script type=\"application\/ld+json\" class=\"yoast-schema-graph\">{\"@context\":\"https:\/\/schema.org\",\"@graph\":[{\"@type\":\"WebPage\",\"@id\":\"https:\/\/enoaudio.de\/fr\/produkt\/m2964bl-2bm\/\",\"url\":\"https:\/\/enoaudio.de\/fr\/produkt\/m2964bl-2bm\/\",\"name\":\"enoaudio Mogami 2964 C\u00e2ble Num\u00e9rique coaxial 75 Ohm Word Clock, WC, SDI, HDTV DH | Canare Gold BNC | HiFi - enoaudio\",\"isPartOf\":{\"@id\":\"https:\/\/enoaudio.de\/fr\/#website\"},\"primaryImageOfPage\":{\"@id\":\"https:\/\/enoaudio.de\/fr\/produkt\/m2964bl-2bm\/#primaryimage\"},\"image\":{\"@id\":\"https:\/\/enoaudio.de\/fr\/produkt\/m2964bl-2bm\/#primaryimage\"},\"thumbnailUrl\":\"https:\/\/enoaudio.de\/wp-content\/uploads\/M2964BL-2BM_Digital-Coaxial-Cable-75-Ohm-min-1.png\",\"datePublished\":\"2018-03-02T22:37:42+00:00\",\"dateModified\":\"2026-04-07T05:29:58+00:00\",\"breadcrumb\":{\"@id\":\"https:\/\/enoaudio.de\/fr\/produkt\/m2964bl-2bm\/#breadcrumb\"},\"inLanguage\":\"fr-FR\",\"potentialAction\":[{\"@type\":\"ReadAction\",\"target\":[\"https:\/\/enoaudio.de\/fr\/produkt\/m2964bl-2bm\/\"]}]},{\"@type\":\"ImageObject\",\"inLanguage\":\"fr-FR\",\"@id\":\"https:\/\/enoaudio.de\/fr\/produkt\/m2964bl-2bm\/#primaryimage\",\"url\":\"https:\/\/enoaudio.de\/wp-content\/uploads\/M2964BL-2BM_Digital-Coaxial-Cable-75-Ohm-min-1.png\",\"contentUrl\":\"https:\/\/enoaudio.de\/wp-content\/uploads\/M2964BL-2BM_Digital-Coaxial-Cable-75-Ohm-min-1.png\",\"width\":1800,\"height\":1196},{\"@type\":\"BreadcrumbList\",\"@id\":\"https:\/\/enoaudio.de\/fr\/produkt\/m2964bl-2bm\/#breadcrumb\",\"itemListElement\":[{\"@type\":\"ListItem\",\"position\":1,\"name\":\"Startseite\",\"item\":\"https:\/\/enoaudio.de\/fr\/boutique\/\"},{\"@type\":\"ListItem\",\"position\":2,\"name\":\"Boutique\",\"item\":\"https:\/\/enoaudio.de\/fr\/boutique\/\"},{\"@type\":\"ListItem\",\"position\":3,\"name\":\"enoaudio Mogami 2964 C\u00e2ble Num\u00e9rique coaxial 75 Ohm Word Clock, WC, SDI, HDTV DH | Canare Gold BNC | HiFi\"}]},{\"@type\":\"WebSite\",\"@id\":\"https:\/\/enoaudio.de\/fr\/#website\",\"url\":\"https:\/\/enoaudio.de\/fr\/\",\"name\":\"enoaudio\",\"description\":\"HIgh Quality Cables for Professionals\",\"publisher\":{\"@id\":\"https:\/\/enoaudio.de\/fr\/#organization\"},\"potentialAction\":[{\"@type\":\"SearchAction\",\"target\":{\"@type\":\"EntryPoint\",\"urlTemplate\":\"https:\/\/enoaudio.de\/fr\/?s={search_term_string}\"},\"query-input\":{\"@type\":\"PropertyValueSpecification\",\"valueRequired\":true,\"valueName\":\"search_term_string\"}}],\"inLanguage\":\"fr-FR\"},{\"@type\":\"Organization\",\"@id\":\"https:\/\/enoaudio.de\/fr\/#organization\",\"name\":\"enoaudio\",\"url\":\"https:\/\/enoaudio.de\/fr\/\",\"logo\":{\"@type\":\"ImageObject\",\"inLanguage\":\"fr-FR\",\"@id\":\"https:\/\/enoaudio.de\/fr\/#\/schema\/logo\/image\/\",\"url\":\"https:\/\/enoaudio.de\/wordpress\/wp-content\/uploads\/2018\/02\/enoaudio_title.png\",\"contentUrl\":\"https:\/\/enoaudio.de\/wordpress\/wp-content\/uploads\/2018\/02\/enoaudio_title.png\",\"width\":1018,\"height\":168,\"caption\":\"enoaudio\"},\"image\":{\"@id\":\"https:\/\/enoaudio.de\/fr\/#\/schema\/logo\/image\/\"}}]}<\/script>\n<meta property=\"og:availability\" content=\"instock\" \/>\n<meta property=\"product:availability\" content=\"instock\" \/>\n<meta property=\"product:retailer_item_id\" content=\"M2964BL-2BM\" \/>\n<meta property=\"product:condition\" content=\"new\" \/>\n<!-- \/ Yoast SEO plugin. -->","yoast_head_json":{"title":"enoaudio Mogami 2964 C\u00e2ble Num\u00e9rique coaxial 75 Ohm Word Clock, WC, SDI, HDTV DH | Canare Gold BNC | HiFi - enoaudio","robots":{"index":"index","follow":"follow","max-snippet":"max-snippet:-1","max-image-preview":"max-image-preview:large","max-video-preview":"max-video-preview:-1"},"canonical":"https:\/\/enoaudio.de\/fr\/produkt\/m2964bl-2bm\/","og_locale":"fr_FR","og_type":"article","og_title":"enoaudio Mogami 2964 C\u00e2ble Num\u00e9rique coaxial 75 Ohm Word Clock, WC, SDI, HDTV DH | Canare Gold BNC | HiFi - enoaudio","og_description":"C\u00e2ble:  Connecteur A:\u00a0 Connecteur B:\u00a0","og_url":"https:\/\/enoaudio.de\/fr\/produkt\/m2964bl-2bm\/","og_site_name":"enoaudio","article_modified_time":"2026-04-07T05:29:58+00:00","og_image":[{"width":2560,"height":1700,"url":"https:\/\/enoaudio.de\/wordpress\/wp-content\/uploads\/DSC_0799-scaled.jpg","type":"image\/jpeg"}],"twitter_card":"summary_large_image","twitter_misc":{"Availability":"In stock"},"schema":{"@context":"https:\/\/schema.org","@graph":[{"@type":"WebPage","@id":"https:\/\/enoaudio.de\/fr\/produkt\/m2964bl-2bm\/","url":"https:\/\/enoaudio.de\/fr\/produkt\/m2964bl-2bm\/","name":"enoaudio Mogami 2964 C\u00e2ble Num\u00e9rique coaxial 75 Ohm Word Clock, WC, SDI, HDTV DH | Canare Gold BNC | HiFi - enoaudio","isPartOf":{"@id":"https:\/\/enoaudio.de\/fr\/#website"},"primaryImageOfPage":{"@id":"https:\/\/enoaudio.de\/fr\/produkt\/m2964bl-2bm\/#primaryimage"},"image":{"@id":"https:\/\/enoaudio.de\/fr\/produkt\/m2964bl-2bm\/#primaryimage"},"thumbnailUrl":"https:\/\/enoaudio.de\/wp-content\/uploads\/M2964BL-2BM_Digital-Coaxial-Cable-75-Ohm-min-1.png","datePublished":"2018-03-02T22:37:42+00:00","dateModified":"2026-04-07T05:29:58+00:00","breadcrumb":{"@id":"https:\/\/enoaudio.de\/fr\/produkt\/m2964bl-2bm\/#breadcrumb"},"inLanguage":"fr-FR","potentialAction":[{"@type":"ReadAction","target":["https:\/\/enoaudio.de\/fr\/produkt\/m2964bl-2bm\/"]}]},{"@type":"ImageObject","inLanguage":"fr-FR","@id":"https:\/\/enoaudio.de\/fr\/produkt\/m2964bl-2bm\/#primaryimage","url":"https:\/\/enoaudio.de\/wp-content\/uploads\/M2964BL-2BM_Digital-Coaxial-Cable-75-Ohm-min-1.png","contentUrl":"https:\/\/enoaudio.de\/wp-content\/uploads\/M2964BL-2BM_Digital-Coaxial-Cable-75-Ohm-min-1.png","width":1800,"height":1196},{"@type":"BreadcrumbList","@id":"https:\/\/enoaudio.de\/fr\/produkt\/m2964bl-2bm\/#breadcrumb","itemListElement":[{"@type":"ListItem","position":1,"name":"Startseite","item":"https:\/\/enoaudio.de\/fr\/boutique\/"},{"@type":"ListItem","position":2,"name":"Boutique","item":"https:\/\/enoaudio.de\/fr\/boutique\/"},{"@type":"ListItem","position":3,"name":"enoaudio Mogami 2964 C\u00e2ble Num\u00e9rique coaxial 75 Ohm Word Clock, WC, SDI, HDTV DH | Canare Gold BNC | HiFi"}]},{"@type":"WebSite","@id":"https:\/\/enoaudio.de\/fr\/#website","url":"https:\/\/enoaudio.de\/fr\/","name":"enoaudio","description":"HIgh Quality Cables for Professionals","publisher":{"@id":"https:\/\/enoaudio.de\/fr\/#organization"},"potentialAction":[{"@type":"SearchAction","target":{"@type":"EntryPoint","urlTemplate":"https:\/\/enoaudio.de\/fr\/?s={search_term_string}"},"query-input":{"@type":"PropertyValueSpecification","valueRequired":true,"valueName":"search_term_string"}}],"inLanguage":"fr-FR"},{"@type":"Organization","@id":"https:\/\/enoaudio.de\/fr\/#organization","name":"enoaudio","url":"https:\/\/enoaudio.de\/fr\/","logo":{"@type":"ImageObject","inLanguage":"fr-FR","@id":"https:\/\/enoaudio.de\/fr\/#\/schema\/logo\/image\/","url":"https:\/\/enoaudio.de\/wordpress\/wp-content\/uploads\/2018\/02\/enoaudio_title.png","contentUrl":"https:\/\/enoaudio.de\/wordpress\/wp-content\/uploads\/2018\/02\/enoaudio_title.png","width":1018,"height":168,"caption":"enoaudio"},"image":{"@id":"https:\/\/enoaudio.de\/fr\/#\/schema\/logo\/image\/"}}]},"og_availability":"instock","product_availability":"instock","product_retailer_item_id":"M2964BL-2BM","product_condition":"new"},"_links":{"self":[{"href":"https:\/\/enoaudio.de\/fr\/wp-json\/wp\/v2\/product\/6611","targetHints":{"allow":["GET"]}}],"collection":[{"href":"https:\/\/enoaudio.de\/fr\/wp-json\/wp\/v2\/product"}],"about":[{"href":"https:\/\/enoaudio.de\/fr\/wp-json\/wp\/v2\/types\/product"}],"replies":[{"embeddable":true,"href":"https:\/\/enoaudio.de\/fr\/wp-json\/wp\/v2\/comments?post=6611"}],"wp:featuredmedia":[{"embeddable":true,"href":"https:\/\/enoaudio.de\/fr\/wp-json\/wp\/v2\/media\/324899"}],"wp:attachment":[{"href":"https:\/\/enoaudio.de\/fr\/wp-json\/wp\/v2\/media?parent=6611"}],"wp:term":[{"taxonomy":"product_brand","embeddable":true,"href":"https:\/\/enoaudio.de\/fr\/wp-json\/wp\/v2\/product_brand?post=6611"},{"taxonomy":"product_cat","embeddable":true,"href":"https:\/\/enoaudio.de\/fr\/wp-json\/wp\/v2\/product_cat?post=6611"},{"taxonomy":"product_tag","embeddable":true,"href":"https:\/\/enoaudio.de\/fr\/wp-json\/wp\/v2\/product_tag?post=6611"}],"curies":[{"name":"wp","href":"https:\/\/api.w.org\/{rel}","templated":true}]}}