{"id":6683,"date":"2018-03-02T23:24:31","date_gmt":"2018-03-02T22:24:31","guid":{"rendered":"https:\/\/enoaudio.de\/produkt\/m2524bk-26lm\/"},"modified":"2026-04-16T04:54:49","modified_gmt":"2026-04-16T02:54:49","slug":"m2524bk-26lm","status":"publish","type":"product","link":"https:\/\/enoaudio.de\/fr\/produkt\/m2524bk-26lm\/","title":{"rendered":"enoaudio Mogami 2524 C\u00e2ble Patch pour effets | Neutrik Gold 6,3mm jack TS mono coud\u00e9e | HiFi"},"content":{"rendered":"<p>Le c\u00e2ble d'instrument MOGAMI 2524 se caract\u00e9rise par une structure de conducteur interne compos\u00e9e de 50 fils individuels, ce qui garantit une flexibilit\u00e9 et une durabilit\u00e9 maximales. Le cuivre de haute puret\u00e9 (OFC) utilis\u00e9 garantit la plus haute fid\u00e9lit\u00e9 du signal. Un blindage en spirale extr\u00eamement dense et un blindage suppl\u00e9mentaire en PVC au carbone emp\u00eachent efficacement les interf\u00e9rences \u00e9lectromagn\u00e9tiques ainsi que les interf\u00e9rences m\u00e9caniques.<\/p><span>Le c\u00e2ble est fabriqu\u00e9 au Japon par Mogami et assembl\u00e9 individuellement en Allemagne par enoaudio.<\/span> <span>Chaque c\u00e2ble est soumis \u00e0 des tests approfondis de qualit\u00e9 garantie.<\/span><span>enoaudio offre une garantie de 10 ans sur ces c\u00e2bles \u00e0 partir de la date d'achat.<\/span>\n","protected":false},"excerpt":{"rendered":"<p>C\u00e2ble: Mogami Neglex 2524Connecteur A:\u00a0Neutrik Gold 6.3mm TS 90\u00ba (NP2 RX-B)Connecteur B:\u00a0Neutrik Gold 6.3mm TS 90\u00ba (NP2 RX-B)\n","protected":false},"featured_media":324934,"comment_status":"open","ping_status":"closed","template":"","meta":{"_acf_changed":false},"product_brand":[],"product_cat":[151],"product_tag":[234,222],"class_list":{"0":"post-6683","1":"product","2":"type-product","3":"status-publish","4":"has-post-thumbnail","6":"product_cat-instrument-patchkabel","7":"product_tag-mogami","8":"product_tag-w2524","9":"pa_length-025cm","10":"pa_length-045cm","11":"pa_length-070cm","13":"first","14":"outofstock","15":"taxable","16":"shipping-taxable","17":"purchasable","18":"product-type-variable"},"acf":[],"yoast_head":"<!-- This site is optimized with the Yoast SEO plugin v27.1.1 - https:\/\/yoast.com\/product\/yoast-seo-wordpress\/ -->\n<title>enoaudio Mogami 2524 C\u00e2ble Patch pour effets | Neutrik Gold 6,3mm jack TS mono coud\u00e9e | HiFi - enoaudio<\/title>\n<meta name=\"robots\" content=\"index, follow, max-snippet:-1, max-image-preview:large, max-video-preview:-1\" \/>\n<link rel=\"canonical\" href=\"https:\/\/enoaudio.de\/fr\/produkt\/m2524bk-26lm\/\" \/>\n<meta property=\"og:locale\" content=\"fr_FR\" \/>\n<meta property=\"og:type\" content=\"article\" \/>\n<meta property=\"og:title\" content=\"enoaudio Mogami 2524 C\u00e2ble Patch pour effets | Neutrik Gold 6,3mm jack TS mono coud\u00e9e | HiFi - enoaudio\" \/>\n<meta property=\"og:description\" content=\"C\u00e2ble: Connecteur A:\u00a0Connecteur B:\u00a0\" \/>\n<meta property=\"og:url\" content=\"https:\/\/enoaudio.de\/fr\/produkt\/m2524bk-26lm\/\" \/>\n<meta property=\"og:site_name\" content=\"enoaudio\" \/>\n<meta property=\"article:modified_time\" content=\"2026-04-16T02:54:49+00:00\" \/>\n<meta property=\"og:image\" content=\"https:\/\/enoaudio.de\/wordpress\/wp-content\/uploads\/DSC_0963-scaled.jpg\" \/>\n\t<meta property=\"og:image:width\" content=\"2560\" \/>\n\t<meta property=\"og:image:height\" content=\"1700\" \/>\n\t<meta property=\"og:image:type\" content=\"image\/jpeg\" \/>\n<meta name=\"twitter:card\" content=\"summary_large_image\" \/>\n<meta name=\"twitter:label1\" content=\"Availability\" \/>\n\t<meta name=\"twitter:data1\" content=\"Out of stock\" \/>\n<script type=\"application\/ld+json\" class=\"yoast-schema-graph\">{\"@context\":\"https:\/\/schema.org\",\"@graph\":[{\"@type\":\"WebPage\",\"@id\":\"https:\/\/enoaudio.de\/fr\/produkt\/m2524bk-26lm\/\",\"url\":\"https:\/\/enoaudio.de\/fr\/produkt\/m2524bk-26lm\/\",\"name\":\"enoaudio Mogami 2524 C\u00e2ble Patch pour effets | Neutrik Gold 6,3mm jack TS mono coud\u00e9e | HiFi - enoaudio\",\"isPartOf\":{\"@id\":\"https:\/\/enoaudio.de\/fr\/#website\"},\"primaryImageOfPage\":{\"@id\":\"https:\/\/enoaudio.de\/fr\/produkt\/m2524bk-26lm\/#primaryimage\"},\"image\":{\"@id\":\"https:\/\/enoaudio.de\/fr\/produkt\/m2524bk-26lm\/#primaryimage\"},\"thumbnailUrl\":\"https:\/\/enoaudio.de\/wp-content\/uploads\/M2524BK-26LM_Patch-Cable-1.png\",\"datePublished\":\"2018-03-02T22:24:31+00:00\",\"dateModified\":\"2026-04-16T02:54:49+00:00\",\"breadcrumb\":{\"@id\":\"https:\/\/enoaudio.de\/fr\/produkt\/m2524bk-26lm\/#breadcrumb\"},\"inLanguage\":\"fr-FR\",\"potentialAction\":[{\"@type\":\"ReadAction\",\"target\":[\"https:\/\/enoaudio.de\/fr\/produkt\/m2524bk-26lm\/\"]}]},{\"@type\":\"ImageObject\",\"inLanguage\":\"fr-FR\",\"@id\":\"https:\/\/enoaudio.de\/fr\/produkt\/m2524bk-26lm\/#primaryimage\",\"url\":\"https:\/\/enoaudio.de\/wp-content\/uploads\/M2524BK-26LM_Patch-Cable-1.png\",\"contentUrl\":\"https:\/\/enoaudio.de\/wp-content\/uploads\/M2524BK-26LM_Patch-Cable-1.png\",\"width\":1800,\"height\":1196},{\"@type\":\"BreadcrumbList\",\"@id\":\"https:\/\/enoaudio.de\/fr\/produkt\/m2524bk-26lm\/#breadcrumb\",\"itemListElement\":[{\"@type\":\"ListItem\",\"position\":1,\"name\":\"Startseite\",\"item\":\"https:\/\/enoaudio.de\/fr\/boutique\/\"},{\"@type\":\"ListItem\",\"position\":2,\"name\":\"Boutique\",\"item\":\"https:\/\/enoaudio.de\/fr\/boutique\/\"},{\"@type\":\"ListItem\",\"position\":3,\"name\":\"enoaudio Mogami 2524 C\u00e2ble Patch pour effets | Neutrik Gold 6,3mm jack TS mono coud\u00e9e | HiFi\"}]},{\"@type\":\"WebSite\",\"@id\":\"https:\/\/enoaudio.de\/fr\/#website\",\"url\":\"https:\/\/enoaudio.de\/fr\/\",\"name\":\"enoaudio\",\"description\":\"HIgh Quality Cables for Professionals\",\"publisher\":{\"@id\":\"https:\/\/enoaudio.de\/fr\/#organization\"},\"potentialAction\":[{\"@type\":\"SearchAction\",\"target\":{\"@type\":\"EntryPoint\",\"urlTemplate\":\"https:\/\/enoaudio.de\/fr\/?s={search_term_string}\"},\"query-input\":{\"@type\":\"PropertyValueSpecification\",\"valueRequired\":true,\"valueName\":\"search_term_string\"}}],\"inLanguage\":\"fr-FR\"},{\"@type\":\"Organization\",\"@id\":\"https:\/\/enoaudio.de\/fr\/#organization\",\"name\":\"enoaudio\",\"url\":\"https:\/\/enoaudio.de\/fr\/\",\"logo\":{\"@type\":\"ImageObject\",\"inLanguage\":\"fr-FR\",\"@id\":\"https:\/\/enoaudio.de\/fr\/#\/schema\/logo\/image\/\",\"url\":\"https:\/\/enoaudio.de\/wordpress\/wp-content\/uploads\/2018\/02\/enoaudio_title.png\",\"contentUrl\":\"https:\/\/enoaudio.de\/wordpress\/wp-content\/uploads\/2018\/02\/enoaudio_title.png\",\"width\":1018,\"height\":168,\"caption\":\"enoaudio\"},\"image\":{\"@id\":\"https:\/\/enoaudio.de\/fr\/#\/schema\/logo\/image\/\"}}]}<\/script>\n<meta property=\"og:availability\" content=\"out of stock\" \/>\n<meta property=\"product:availability\" content=\"out of stock\" \/>\n<meta property=\"product:retailer_item_id\" content=\"M2524BK-26LM\" \/>\n<meta property=\"product:condition\" content=\"new\" \/>\n<!-- \/ Yoast SEO plugin. -->","yoast_head_json":{"title":"enoaudio Mogami 2524 C\u00e2ble Patch pour effets | Neutrik Gold 6,3mm jack TS mono coud\u00e9e | HiFi - enoaudio","robots":{"index":"index","follow":"follow","max-snippet":"max-snippet:-1","max-image-preview":"max-image-preview:large","max-video-preview":"max-video-preview:-1"},"canonical":"https:\/\/enoaudio.de\/fr\/produkt\/m2524bk-26lm\/","og_locale":"fr_FR","og_type":"article","og_title":"enoaudio Mogami 2524 C\u00e2ble Patch pour effets | Neutrik Gold 6,3mm jack TS mono coud\u00e9e | HiFi - enoaudio","og_description":"C\u00e2ble: Connecteur A:\u00a0Connecteur B:\u00a0","og_url":"https:\/\/enoaudio.de\/fr\/produkt\/m2524bk-26lm\/","og_site_name":"enoaudio","article_modified_time":"2026-04-16T02:54:49+00:00","og_image":[{"width":2560,"height":1700,"url":"https:\/\/enoaudio.de\/wordpress\/wp-content\/uploads\/DSC_0963-scaled.jpg","type":"image\/jpeg"}],"twitter_card":"summary_large_image","twitter_misc":{"Availability":"Out of stock"},"schema":{"@context":"https:\/\/schema.org","@graph":[{"@type":"WebPage","@id":"https:\/\/enoaudio.de\/fr\/produkt\/m2524bk-26lm\/","url":"https:\/\/enoaudio.de\/fr\/produkt\/m2524bk-26lm\/","name":"enoaudio Mogami 2524 C\u00e2ble Patch pour effets | Neutrik Gold 6,3mm jack TS mono coud\u00e9e | HiFi - enoaudio","isPartOf":{"@id":"https:\/\/enoaudio.de\/fr\/#website"},"primaryImageOfPage":{"@id":"https:\/\/enoaudio.de\/fr\/produkt\/m2524bk-26lm\/#primaryimage"},"image":{"@id":"https:\/\/enoaudio.de\/fr\/produkt\/m2524bk-26lm\/#primaryimage"},"thumbnailUrl":"https:\/\/enoaudio.de\/wp-content\/uploads\/M2524BK-26LM_Patch-Cable-1.png","datePublished":"2018-03-02T22:24:31+00:00","dateModified":"2026-04-16T02:54:49+00:00","breadcrumb":{"@id":"https:\/\/enoaudio.de\/fr\/produkt\/m2524bk-26lm\/#breadcrumb"},"inLanguage":"fr-FR","potentialAction":[{"@type":"ReadAction","target":["https:\/\/enoaudio.de\/fr\/produkt\/m2524bk-26lm\/"]}]},{"@type":"ImageObject","inLanguage":"fr-FR","@id":"https:\/\/enoaudio.de\/fr\/produkt\/m2524bk-26lm\/#primaryimage","url":"https:\/\/enoaudio.de\/wp-content\/uploads\/M2524BK-26LM_Patch-Cable-1.png","contentUrl":"https:\/\/enoaudio.de\/wp-content\/uploads\/M2524BK-26LM_Patch-Cable-1.png","width":1800,"height":1196},{"@type":"BreadcrumbList","@id":"https:\/\/enoaudio.de\/fr\/produkt\/m2524bk-26lm\/#breadcrumb","itemListElement":[{"@type":"ListItem","position":1,"name":"Startseite","item":"https:\/\/enoaudio.de\/fr\/boutique\/"},{"@type":"ListItem","position":2,"name":"Boutique","item":"https:\/\/enoaudio.de\/fr\/boutique\/"},{"@type":"ListItem","position":3,"name":"enoaudio Mogami 2524 C\u00e2ble Patch pour effets | Neutrik Gold 6,3mm jack TS mono coud\u00e9e | HiFi"}]},{"@type":"WebSite","@id":"https:\/\/enoaudio.de\/fr\/#website","url":"https:\/\/enoaudio.de\/fr\/","name":"enoaudio","description":"HIgh Quality Cables for Professionals","publisher":{"@id":"https:\/\/enoaudio.de\/fr\/#organization"},"potentialAction":[{"@type":"SearchAction","target":{"@type":"EntryPoint","urlTemplate":"https:\/\/enoaudio.de\/fr\/?s={search_term_string}"},"query-input":{"@type":"PropertyValueSpecification","valueRequired":true,"valueName":"search_term_string"}}],"inLanguage":"fr-FR"},{"@type":"Organization","@id":"https:\/\/enoaudio.de\/fr\/#organization","name":"enoaudio","url":"https:\/\/enoaudio.de\/fr\/","logo":{"@type":"ImageObject","inLanguage":"fr-FR","@id":"https:\/\/enoaudio.de\/fr\/#\/schema\/logo\/image\/","url":"https:\/\/enoaudio.de\/wordpress\/wp-content\/uploads\/2018\/02\/enoaudio_title.png","contentUrl":"https:\/\/enoaudio.de\/wordpress\/wp-content\/uploads\/2018\/02\/enoaudio_title.png","width":1018,"height":168,"caption":"enoaudio"},"image":{"@id":"https:\/\/enoaudio.de\/fr\/#\/schema\/logo\/image\/"}}]},"og_availability":"out of stock","product_availability":"out of stock","product_retailer_item_id":"M2524BK-26LM","product_condition":"new"},"_links":{"self":[{"href":"https:\/\/enoaudio.de\/fr\/wp-json\/wp\/v2\/product\/6683","targetHints":{"allow":["GET"]}}],"collection":[{"href":"https:\/\/enoaudio.de\/fr\/wp-json\/wp\/v2\/product"}],"about":[{"href":"https:\/\/enoaudio.de\/fr\/wp-json\/wp\/v2\/types\/product"}],"replies":[{"embeddable":true,"href":"https:\/\/enoaudio.de\/fr\/wp-json\/wp\/v2\/comments?post=6683"}],"wp:featuredmedia":[{"embeddable":true,"href":"https:\/\/enoaudio.de\/fr\/wp-json\/wp\/v2\/media\/324934"}],"wp:attachment":[{"href":"https:\/\/enoaudio.de\/fr\/wp-json\/wp\/v2\/media?parent=6683"}],"wp:term":[{"taxonomy":"product_brand","embeddable":true,"href":"https:\/\/enoaudio.de\/fr\/wp-json\/wp\/v2\/product_brand?post=6683"},{"taxonomy":"product_cat","embeddable":true,"href":"https:\/\/enoaudio.de\/fr\/wp-json\/wp\/v2\/product_cat?post=6683"},{"taxonomy":"product_tag","embeddable":true,"href":"https:\/\/enoaudio.de\/fr\/wp-json\/wp\/v2\/product_tag?post=6683"}],"curies":[{"name":"wp","href":"https:\/\/api.w.org\/{rel}","templated":true}]}}