{"id":292903,"date":"2024-05-23T13:18:49","date_gmt":"2024-05-23T11:18:49","guid":{"rendered":"https:\/\/enoaudio.de\/produkt\/bst-m3103cr-1nm1ym-4\/"},"modified":"2026-04-14T19:38:24","modified_gmt":"2026-04-14T17:38:24","slug":"bst-m3103cr-1nm1ym-4","status":"publish","type":"product","link":"https:\/\/enoaudio.de\/it\/produkt\/bst-m3103cr-1nm1ym-4\/","title":{"rendered":"[B-Stock] enoaudio Mogami 3103 High Definition Bi-Wire-Lautsprecherkabel (4er-Set) | VIABLUE 24k Gold T8 Bananenstecker &#8211; T6S Kabelschuhe (Spades)"},"content":{"rendered":"<h4>B-Stock: B-Ware-Produkte wurden getestet und funktionieren einwandfrei, genau wie neue Produkte. Die \u00e4u\u00dferen Komponenten (Mantel, Stecker) k\u00f6nnen leichte Kratzer oder Verschmutzungen aufweisen, und das Kabel kann geringf\u00fcgige M\u00e4ngel haben. Bitte beachten Sie diese Bedingungen vor dem Kauf.<\/h4>\r\n\n<p>Kabel: Mogami 3103<br>\r\n<br>\r\nDas Mogami 3103 High Definition Studio-Lautsprecherkabel ist aus der Neglex-Serie, das f\u00fcr professionelle Aufnahmestudios entwickelt wurden, in denen eine pr\u00e4zise Signal\u00fcbertragung f\u00fcr die Klangqualit\u00e4t von gr\u00f6\u00dfter Bedeutung ist.<br>\r\n<br>\r\nDer Leiter besteht aus der ber\u00fchmten Neglex OFC (sauerstofffreies hochreines Kupfer) Litze mit einer Leitergr\u00f6\u00dfe von 12 AWG f\u00fcr eine hervorragende Signalleitf\u00e4higkeit, die das Signal vom Verst\u00e4rker in hoher Aufl\u00f6sung bewahrt.<br>\r\nDas extrem flexible Mantelmaterial aus mattem PVC verf\u00fcgt zudem \u00fcber ausreichende mechanische Festigkeit, um einer Vielzahl von professionellen Anwendungen standzuhalten.<\/p>\n<span>Das Kabel wird in Japan von Mogami gefertigt und in Deutschland von enoaudio einzeln konfektioniert.<\/span>\n<span>Jedes Kabel wird f\u00fcr garantierte Qualit\u00e4t vor dem Versand ausf\u00fchrlichen Messungen und Tests unterzogen.<\/span><span>enoaudio gew\u00e4hrt auf diese Kabel ab Kaufdatum eine Garantie von 10 Jahren.<\/span>\n","protected":false},"excerpt":{"rendered":"<p>Kabel: Mogami Neglex 3103\nStecker A:\u00a0VIABLUE T8 Banana plug 24k Gold\nStecker B:\u00a0VIABLUE T6S Spades plug 24k Gold\n","protected":false},"featured_media":324423,"comment_status":"closed","ping_status":"closed","template":"","meta":{"_acf_changed":false},"product_brand":[],"product_cat":[863,241],"product_tag":[855,301,956],"class_list":{"0":"post-292903","1":"product","2":"type-product","3":"status-publish","4":"has-post-thumbnail","6":"product_cat-b-stock-en","7":"product_cat-speaker-cables","8":"product_tag-b-stock-en","9":"product_tag-mogami-en","10":"product_tag-w3103-en","11":"pa_length-10-cm-en","12":"pa_length-15-cm-en","13":"pa_length-020cm-en","15":"first","16":"outofstock","17":"sale","18":"taxable","19":"shipping-taxable","20":"purchasable","21":"product-type-variable"},"acf":[],"yoast_head":"<!-- This site is optimized with the Yoast SEO plugin v27.1.1 - https:\/\/yoast.com\/product\/yoast-seo-wordpress\/ -->\n<title>[B-Stock] enoaudio Mogami 3103 High Definition Bi-Wire-Lautsprecherkabel (4er-Set) | VIABLUE 24k Gold T8 Bananenstecker - T6S Kabelschuhe (Spades) - enoaudio<\/title>\n<meta name=\"robots\" content=\"index, follow, max-snippet:-1, max-image-preview:large, max-video-preview:-1\" \/>\n<link rel=\"canonical\" href=\"https:\/\/enoaudio.de\/it\/produkt\/bst-m3103cr-1nm1ym-4\/\" \/>\n<meta property=\"og:locale\" content=\"it_IT\" \/>\n<meta property=\"og:type\" content=\"article\" \/>\n<meta property=\"og:title\" content=\"[B-Stock] enoaudio Mogami 3103 High Definition Bi-Wire-Lautsprecherkabel (4er-Set) | VIABLUE 24k Gold T8 Bananenstecker - T6S Kabelschuhe (Spades) - enoaudio\" \/>\n<meta property=\"og:description\" content=\"Kabel:  Stecker A:\u00a0 Stecker B:\u00a0\" \/>\n<meta property=\"og:url\" content=\"https:\/\/enoaudio.de\/it\/produkt\/bst-m3103cr-1nm1ym-4\/\" \/>\n<meta property=\"og:site_name\" content=\"enoaudio\" \/>\n<meta property=\"article:modified_time\" content=\"2026-04-14T17:38:24+00:00\" \/>\n<meta property=\"og:image\" content=\"https:\/\/enoaudio.de\/wp-content\/uploads\/m3103cr-1nm1ym-4-high-definition-bi-wire-lautsprecherkabel-1.jpg\" \/>\n\t<meta property=\"og:image:width\" content=\"2442\" \/>\n\t<meta property=\"og:image:height\" content=\"1628\" \/>\n\t<meta property=\"og:image:type\" content=\"image\/jpeg\" \/>\n<meta name=\"twitter:card\" content=\"summary_large_image\" \/>\n<meta name=\"twitter:label1\" content=\"Availability\" \/>\n\t<meta name=\"twitter:data1\" content=\"Out of stock\" \/>\n<script type=\"application\/ld+json\" class=\"yoast-schema-graph\">{\"@context\":\"https:\/\/schema.org\",\"@graph\":[{\"@type\":\"WebPage\",\"@id\":\"https:\/\/enoaudio.de\/it\/produkt\/bst-m3103cr-1nm1ym-4\/\",\"url\":\"https:\/\/enoaudio.de\/it\/produkt\/bst-m3103cr-1nm1ym-4\/\",\"name\":\"[B-Stock] enoaudio Mogami 3103 High Definition Bi-Wire-Lautsprecherkabel (4er-Set) | VIABLUE 24k Gold T8 Bananenstecker - T6S Kabelschuhe (Spades) - enoaudio\",\"isPartOf\":{\"@id\":\"https:\/\/enoaudio.de\/it\/#website\"},\"primaryImageOfPage\":{\"@id\":\"https:\/\/enoaudio.de\/it\/produkt\/bst-m3103cr-1nm1ym-4\/#primaryimage\"},\"image\":{\"@id\":\"https:\/\/enoaudio.de\/it\/produkt\/bst-m3103cr-1nm1ym-4\/#primaryimage\"},\"thumbnailUrl\":\"https:\/\/enoaudio.de\/wp-content\/uploads\/m3103cr-1nm1ym-4-high-definition-bi-wire-lautsprecherkabel-1.jpg\",\"datePublished\":\"2024-05-23T11:18:49+00:00\",\"dateModified\":\"2026-04-14T17:38:24+00:00\",\"breadcrumb\":{\"@id\":\"https:\/\/enoaudio.de\/it\/produkt\/bst-m3103cr-1nm1ym-4\/#breadcrumb\"},\"inLanguage\":\"it-IT\",\"potentialAction\":[{\"@type\":\"ReadAction\",\"target\":[\"https:\/\/enoaudio.de\/it\/produkt\/bst-m3103cr-1nm1ym-4\/\"]}]},{\"@type\":\"ImageObject\",\"inLanguage\":\"it-IT\",\"@id\":\"https:\/\/enoaudio.de\/it\/produkt\/bst-m3103cr-1nm1ym-4\/#primaryimage\",\"url\":\"https:\/\/enoaudio.de\/wp-content\/uploads\/m3103cr-1nm1ym-4-high-definition-bi-wire-lautsprecherkabel-1.jpg\",\"contentUrl\":\"https:\/\/enoaudio.de\/wp-content\/uploads\/m3103cr-1nm1ym-4-high-definition-bi-wire-lautsprecherkabel-1.jpg\",\"width\":2442,\"height\":1628,\"caption\":\"Mogami 3103 High Definition Bi-Wire-Lautsprecherkabel (4er-Set) | VIABLUE 24k Gold T6S Bananenstecker - Kabelschuhe (Spades)\"},{\"@type\":\"BreadcrumbList\",\"@id\":\"https:\/\/enoaudio.de\/it\/produkt\/bst-m3103cr-1nm1ym-4\/#breadcrumb\",\"itemListElement\":[{\"@type\":\"ListItem\",\"position\":1,\"name\":\"Startseite\",\"item\":\"https:\/\/enoaudio.de\/it\/negozio\/\"},{\"@type\":\"ListItem\",\"position\":2,\"name\":\"Negozio\",\"item\":\"https:\/\/enoaudio.de\/it\/negozio\/\"},{\"@type\":\"ListItem\",\"position\":3,\"name\":\"[B-Stock] enoaudio Mogami 3103 High Definition Bi-Wire-Lautsprecherkabel (4er-Set) | VIABLUE 24k Gold T8 Bananenstecker &#8211; T6S Kabelschuhe (Spades)\"}]},{\"@type\":\"WebSite\",\"@id\":\"https:\/\/enoaudio.de\/it\/#website\",\"url\":\"https:\/\/enoaudio.de\/it\/\",\"name\":\"enoaudio\",\"description\":\"HIgh Quality Cables for Professionals\",\"publisher\":{\"@id\":\"https:\/\/enoaudio.de\/it\/#organization\"},\"potentialAction\":[{\"@type\":\"SearchAction\",\"target\":{\"@type\":\"EntryPoint\",\"urlTemplate\":\"https:\/\/enoaudio.de\/it\/?s={search_term_string}\"},\"query-input\":{\"@type\":\"PropertyValueSpecification\",\"valueRequired\":true,\"valueName\":\"search_term_string\"}}],\"inLanguage\":\"it-IT\"},{\"@type\":\"Organization\",\"@id\":\"https:\/\/enoaudio.de\/it\/#organization\",\"name\":\"enoaudio\",\"url\":\"https:\/\/enoaudio.de\/it\/\",\"logo\":{\"@type\":\"ImageObject\",\"inLanguage\":\"it-IT\",\"@id\":\"https:\/\/enoaudio.de\/it\/#\/schema\/logo\/image\/\",\"url\":\"https:\/\/enoaudio.de\/wordpress\/wp-content\/uploads\/2018\/02\/enoaudio_title.png\",\"contentUrl\":\"https:\/\/enoaudio.de\/wordpress\/wp-content\/uploads\/2018\/02\/enoaudio_title.png\",\"width\":1018,\"height\":168,\"caption\":\"enoaudio\"},\"image\":{\"@id\":\"https:\/\/enoaudio.de\/it\/#\/schema\/logo\/image\/\"}}]}<\/script>\n<meta property=\"og:availability\" content=\"out of stock\" \/>\n<meta property=\"product:availability\" content=\"out of stock\" \/>\n<meta property=\"product:retailer_item_id\" content=\"BST-M3103CR-1NM1YM-4\" \/>\n<meta property=\"product:condition\" content=\"new\" \/>\n<!-- \/ Yoast SEO plugin. -->","yoast_head_json":{"title":"[B-Stock] enoaudio Mogami 3103 High Definition Bi-Wire-Lautsprecherkabel (4er-Set) | VIABLUE 24k Gold T8 Bananenstecker - T6S Kabelschuhe (Spades) - enoaudio","robots":{"index":"index","follow":"follow","max-snippet":"max-snippet:-1","max-image-preview":"max-image-preview:large","max-video-preview":"max-video-preview:-1"},"canonical":"https:\/\/enoaudio.de\/it\/produkt\/bst-m3103cr-1nm1ym-4\/","og_locale":"it_IT","og_type":"article","og_title":"[B-Stock] enoaudio Mogami 3103 High Definition Bi-Wire-Lautsprecherkabel (4er-Set) | VIABLUE 24k Gold T8 Bananenstecker - T6S Kabelschuhe (Spades) - enoaudio","og_description":"Kabel:  Stecker A:\u00a0 Stecker B:\u00a0","og_url":"https:\/\/enoaudio.de\/it\/produkt\/bst-m3103cr-1nm1ym-4\/","og_site_name":"enoaudio","article_modified_time":"2026-04-14T17:38:24+00:00","og_image":[{"width":2442,"height":1628,"url":"https:\/\/enoaudio.de\/wp-content\/uploads\/m3103cr-1nm1ym-4-high-definition-bi-wire-lautsprecherkabel-1.jpg","type":"image\/jpeg"}],"twitter_card":"summary_large_image","twitter_misc":{"Availability":"Out of stock"},"schema":{"@context":"https:\/\/schema.org","@graph":[{"@type":"WebPage","@id":"https:\/\/enoaudio.de\/it\/produkt\/bst-m3103cr-1nm1ym-4\/","url":"https:\/\/enoaudio.de\/it\/produkt\/bst-m3103cr-1nm1ym-4\/","name":"[B-Stock] enoaudio Mogami 3103 High Definition Bi-Wire-Lautsprecherkabel (4er-Set) | VIABLUE 24k Gold T8 Bananenstecker - T6S Kabelschuhe (Spades) - enoaudio","isPartOf":{"@id":"https:\/\/enoaudio.de\/it\/#website"},"primaryImageOfPage":{"@id":"https:\/\/enoaudio.de\/it\/produkt\/bst-m3103cr-1nm1ym-4\/#primaryimage"},"image":{"@id":"https:\/\/enoaudio.de\/it\/produkt\/bst-m3103cr-1nm1ym-4\/#primaryimage"},"thumbnailUrl":"https:\/\/enoaudio.de\/wp-content\/uploads\/m3103cr-1nm1ym-4-high-definition-bi-wire-lautsprecherkabel-1.jpg","datePublished":"2024-05-23T11:18:49+00:00","dateModified":"2026-04-14T17:38:24+00:00","breadcrumb":{"@id":"https:\/\/enoaudio.de\/it\/produkt\/bst-m3103cr-1nm1ym-4\/#breadcrumb"},"inLanguage":"it-IT","potentialAction":[{"@type":"ReadAction","target":["https:\/\/enoaudio.de\/it\/produkt\/bst-m3103cr-1nm1ym-4\/"]}]},{"@type":"ImageObject","inLanguage":"it-IT","@id":"https:\/\/enoaudio.de\/it\/produkt\/bst-m3103cr-1nm1ym-4\/#primaryimage","url":"https:\/\/enoaudio.de\/wp-content\/uploads\/m3103cr-1nm1ym-4-high-definition-bi-wire-lautsprecherkabel-1.jpg","contentUrl":"https:\/\/enoaudio.de\/wp-content\/uploads\/m3103cr-1nm1ym-4-high-definition-bi-wire-lautsprecherkabel-1.jpg","width":2442,"height":1628,"caption":"Mogami 3103 High Definition Bi-Wire-Lautsprecherkabel (4er-Set) | VIABLUE 24k Gold T6S Bananenstecker - Kabelschuhe (Spades)"},{"@type":"BreadcrumbList","@id":"https:\/\/enoaudio.de\/it\/produkt\/bst-m3103cr-1nm1ym-4\/#breadcrumb","itemListElement":[{"@type":"ListItem","position":1,"name":"Startseite","item":"https:\/\/enoaudio.de\/it\/negozio\/"},{"@type":"ListItem","position":2,"name":"Negozio","item":"https:\/\/enoaudio.de\/it\/negozio\/"},{"@type":"ListItem","position":3,"name":"[B-Stock] enoaudio Mogami 3103 High Definition Bi-Wire-Lautsprecherkabel (4er-Set) | VIABLUE 24k Gold T8 Bananenstecker &#8211; T6S Kabelschuhe (Spades)"}]},{"@type":"WebSite","@id":"https:\/\/enoaudio.de\/it\/#website","url":"https:\/\/enoaudio.de\/it\/","name":"enoaudio","description":"HIgh Quality Cables for Professionals","publisher":{"@id":"https:\/\/enoaudio.de\/it\/#organization"},"potentialAction":[{"@type":"SearchAction","target":{"@type":"EntryPoint","urlTemplate":"https:\/\/enoaudio.de\/it\/?s={search_term_string}"},"query-input":{"@type":"PropertyValueSpecification","valueRequired":true,"valueName":"search_term_string"}}],"inLanguage":"it-IT"},{"@type":"Organization","@id":"https:\/\/enoaudio.de\/it\/#organization","name":"enoaudio","url":"https:\/\/enoaudio.de\/it\/","logo":{"@type":"ImageObject","inLanguage":"it-IT","@id":"https:\/\/enoaudio.de\/it\/#\/schema\/logo\/image\/","url":"https:\/\/enoaudio.de\/wordpress\/wp-content\/uploads\/2018\/02\/enoaudio_title.png","contentUrl":"https:\/\/enoaudio.de\/wordpress\/wp-content\/uploads\/2018\/02\/enoaudio_title.png","width":1018,"height":168,"caption":"enoaudio"},"image":{"@id":"https:\/\/enoaudio.de\/it\/#\/schema\/logo\/image\/"}}]},"og_availability":"out of stock","product_availability":"out of stock","product_retailer_item_id":"BST-M3103CR-1NM1YM-4","product_condition":"new"},"_links":{"self":[{"href":"https:\/\/enoaudio.de\/it\/wp-json\/wp\/v2\/product\/292903","targetHints":{"allow":["GET"]}}],"collection":[{"href":"https:\/\/enoaudio.de\/it\/wp-json\/wp\/v2\/product"}],"about":[{"href":"https:\/\/enoaudio.de\/it\/wp-json\/wp\/v2\/types\/product"}],"replies":[{"embeddable":true,"href":"https:\/\/enoaudio.de\/it\/wp-json\/wp\/v2\/comments?post=292903"}],"wp:featuredmedia":[{"embeddable":true,"href":"https:\/\/enoaudio.de\/it\/wp-json\/wp\/v2\/media\/324423"}],"wp:attachment":[{"href":"https:\/\/enoaudio.de\/it\/wp-json\/wp\/v2\/media?parent=292903"}],"wp:term":[{"taxonomy":"product_brand","embeddable":true,"href":"https:\/\/enoaudio.de\/it\/wp-json\/wp\/v2\/product_brand?post=292903"},{"taxonomy":"product_cat","embeddable":true,"href":"https:\/\/enoaudio.de\/it\/wp-json\/wp\/v2\/product_cat?post=292903"},{"taxonomy":"product_tag","embeddable":true,"href":"https:\/\/enoaudio.de\/it\/wp-json\/wp\/v2\/product_tag?post=292903"}],"curies":[{"name":"wp","href":"https:\/\/api.w.org\/{rel}","templated":true}]}}