{"id":295302,"date":"2024-05-23T13:03:00","date_gmt":"2024-05-16T10:36:28","guid":{"rendered":"https:\/\/enoaudio.de\/produkt\/bst-m2534bk-26m36f\/"},"modified":"2025-04-14T17:02:57","modified_gmt":"2025-04-14T15:02:57","slug":"bst-m2534bk-26m36f","status":"publish","type":"product","link":"https:\/\/enoaudio.de\/it\/produkt\/bst-m2534bk-26m36f\/","title":{"rendered":"[B-Stock] enoaudio Mogami 2534 Quad Cavo prolunga professionale sbilanciato | Neutrik Gold 6,3mm TS &#8211; 6,3mm TS femmina | HiFi"},"content":{"rendered":"<h4>B-Stock: I prodotti B-Stock sono stati testati e sono completamente funzionali come nuovi. L'esterno (rivestimento, spina) pu\u00f2 presentare piccoli graffi o sporco. Anche il cavo pu\u00f2 avere piccole imperfezioni. Si prega di esserne consapevoli prima dell'acquisto.<\/h4>\n<p>Il cavo Mogami 2534 Neglex Quad di alta definizione \u00e8 fatto di rame privo di ossigeno (OFC). La trasmissione del segnale a 4Core e l\u2019estrema stretta schermatura a spirale neutralizzano efficacemente le interferenze ambientali.\nParagonato a cavi di simile struttura, questo riduce i rumori esterni di ulteriori 15 dB. Il risultato sono registrazioni prive d\u2019interferenze e un ampia gamma dinamica utilizzabile. La bassa capacit\u00e0 del cavo garantisce nitidezza e ricchezza nei dettagli del segnale audio. Caratteristiche: qualit\u00e0 audio uniche, flessibilit\u00e0, resistenza, facile da installare.<\/p><span>Il cavo \u00e8 prodotto in Giappone da Mogami e assemblato individualmente in Germania da enoaudio.<\/span> <span>Ogni cavo \u00e8 sottoposto a numerosi test prima della consegna per garantire la qualit\u00e0 del prodotto.<\/span><span>enoaudio offre una garanzia di 10 anni su questi cavi dalla data di acquisto.<\/span>\n\n","protected":false},"excerpt":{"rendered":"<p>Cavo: Mogami Neglex 2534Connettore A:\u00a0Neutrik Gold 6,35mm TS (NP2 X-B)Connettore B:\u00a0Neutrik 6,35mm TRS female (NJ3FC6-BAG)\n","protected":false},"featured_media":324456,"comment_status":"closed","ping_status":"closed","template":"","meta":{"_acf_changed":false},"product_brand":[],"product_cat":[865,486],"product_tag":[858,441,442],"class_list":{"0":"post-295302","1":"product","2":"type-product","3":"status-publish","4":"has-post-thumbnail","6":"product_cat-b-stock-it","7":"product_cat-verlaengerungskabel-fr-it","8":"product_tag-b-stock-it","9":"product_tag-mogami-it","10":"product_tag-w2534-it","11":"pa_length-0050m-it","12":"pa_length-0100m-it","13":"pa_length-0150m-it","14":"pa_length-1000m-it","15":"pa_length-0200m-it","16":"pa_length-0300m-it","17":"pa_length-0500m-it","18":"pa_length-0700m-it","20":"first","21":"instock","22":"sale","23":"taxable","24":"shipping-taxable","25":"purchasable","26":"product-type-variable"},"acf":[],"yoast_head":"<!-- This site is optimized with the Yoast SEO plugin v27.1.1 - https:\/\/yoast.com\/product\/yoast-seo-wordpress\/ -->\n<title>[B-Stock] enoaudio Mogami 2534 Quad Cavo prolunga professionale sbilanciato | Neutrik Gold 6,3mm TS - 6,3mm TS femmina | HiFi - enoaudio<\/title>\n<meta name=\"robots\" content=\"index, follow, max-snippet:-1, max-image-preview:large, max-video-preview:-1\" \/>\n<link rel=\"canonical\" href=\"https:\/\/enoaudio.de\/it\/produkt\/bst-m2534bk-26m36f\/\" \/>\n<meta property=\"og:locale\" content=\"it_IT\" \/>\n<meta property=\"og:type\" content=\"article\" \/>\n<meta property=\"og:title\" content=\"[B-Stock] enoaudio Mogami 2534 Quad Cavo prolunga professionale sbilanciato | Neutrik Gold 6,3mm TS - 6,3mm TS femmina | HiFi - enoaudio\" \/>\n<meta property=\"og:description\" content=\"Cavo: Connettore A:\u00a0Connettore B:\u00a0\" \/>\n<meta property=\"og:url\" content=\"https:\/\/enoaudio.de\/it\/produkt\/bst-m2534bk-26m36f\/\" \/>\n<meta property=\"og:site_name\" content=\"enoaudio\" \/>\n<meta property=\"article:modified_time\" content=\"2025-04-14T15:02:57+00:00\" \/>\n<meta property=\"og:image\" content=\"https:\/\/enoaudio.de\/wordpress\/wp-content\/uploads\/DSC_0833e-scaled.webp\" \/>\n\t<meta property=\"og:image:width\" content=\"2560\" \/>\n\t<meta property=\"og:image:height\" content=\"1700\" \/>\n\t<meta property=\"og:image:type\" content=\"image\/webp\" \/>\n<meta name=\"twitter:card\" content=\"summary_large_image\" \/>\n<meta name=\"twitter:label1\" content=\"Availability\" \/>\n\t<meta name=\"twitter:data1\" content=\"In stock\" \/>\n<script type=\"application\/ld+json\" class=\"yoast-schema-graph\">{\"@context\":\"https:\/\/schema.org\",\"@graph\":[{\"@type\":\"WebPage\",\"@id\":\"https:\/\/enoaudio.de\/it\/produkt\/bst-m2534bk-26m36f\/\",\"url\":\"https:\/\/enoaudio.de\/it\/produkt\/bst-m2534bk-26m36f\/\",\"name\":\"[B-Stock] enoaudio Mogami 2534 Quad Cavo prolunga professionale sbilanciato | Neutrik Gold 6,3mm TS - 6,3mm TS femmina | HiFi - enoaudio\",\"isPartOf\":{\"@id\":\"https:\/\/enoaudio.de\/it\/#website\"},\"primaryImageOfPage\":{\"@id\":\"https:\/\/enoaudio.de\/it\/produkt\/bst-m2534bk-26m36f\/#primaryimage\"},\"image\":{\"@id\":\"https:\/\/enoaudio.de\/it\/produkt\/bst-m2534bk-26m36f\/#primaryimage\"},\"thumbnailUrl\":\"https:\/\/enoaudio.de\/wp-content\/uploads\/M2534BK-26M36F_Extension-Cable-Balanced-Unbalanced-min-1.png\",\"datePublished\":\"2024-05-16T10:36:28+00:00\",\"dateModified\":\"2025-04-14T15:02:57+00:00\",\"breadcrumb\":{\"@id\":\"https:\/\/enoaudio.de\/it\/produkt\/bst-m2534bk-26m36f\/#breadcrumb\"},\"inLanguage\":\"it-IT\",\"potentialAction\":[{\"@type\":\"ReadAction\",\"target\":[\"https:\/\/enoaudio.de\/it\/produkt\/bst-m2534bk-26m36f\/\"]}]},{\"@type\":\"ImageObject\",\"inLanguage\":\"it-IT\",\"@id\":\"https:\/\/enoaudio.de\/it\/produkt\/bst-m2534bk-26m36f\/#primaryimage\",\"url\":\"https:\/\/enoaudio.de\/wp-content\/uploads\/M2534BK-26M36F_Extension-Cable-Balanced-Unbalanced-min-1.png\",\"contentUrl\":\"https:\/\/enoaudio.de\/wp-content\/uploads\/M2534BK-26M36F_Extension-Cable-Balanced-Unbalanced-min-1.png\",\"width\":1800,\"height\":1196},{\"@type\":\"BreadcrumbList\",\"@id\":\"https:\/\/enoaudio.de\/it\/produkt\/bst-m2534bk-26m36f\/#breadcrumb\",\"itemListElement\":[{\"@type\":\"ListItem\",\"position\":1,\"name\":\"Startseite\",\"item\":\"https:\/\/enoaudio.de\/it\/negozio\/\"},{\"@type\":\"ListItem\",\"position\":2,\"name\":\"Negozio\",\"item\":\"https:\/\/enoaudio.de\/it\/negozio\/\"},{\"@type\":\"ListItem\",\"position\":3,\"name\":\"[B-Stock] enoaudio Mogami 2534 Quad Cavo prolunga professionale sbilanciato | Neutrik Gold 6,3mm TS &#8211; 6,3mm TS femmina | HiFi\"}]},{\"@type\":\"WebSite\",\"@id\":\"https:\/\/enoaudio.de\/it\/#website\",\"url\":\"https:\/\/enoaudio.de\/it\/\",\"name\":\"enoaudio\",\"description\":\"HIgh Quality Cables for Professionals\",\"publisher\":{\"@id\":\"https:\/\/enoaudio.de\/it\/#organization\"},\"potentialAction\":[{\"@type\":\"SearchAction\",\"target\":{\"@type\":\"EntryPoint\",\"urlTemplate\":\"https:\/\/enoaudio.de\/it\/?s={search_term_string}\"},\"query-input\":{\"@type\":\"PropertyValueSpecification\",\"valueRequired\":true,\"valueName\":\"search_term_string\"}}],\"inLanguage\":\"it-IT\"},{\"@type\":\"Organization\",\"@id\":\"https:\/\/enoaudio.de\/it\/#organization\",\"name\":\"enoaudio\",\"url\":\"https:\/\/enoaudio.de\/it\/\",\"logo\":{\"@type\":\"ImageObject\",\"inLanguage\":\"it-IT\",\"@id\":\"https:\/\/enoaudio.de\/it\/#\/schema\/logo\/image\/\",\"url\":\"https:\/\/enoaudio.de\/wordpress\/wp-content\/uploads\/2018\/02\/enoaudio_title.png\",\"contentUrl\":\"https:\/\/enoaudio.de\/wordpress\/wp-content\/uploads\/2018\/02\/enoaudio_title.png\",\"width\":1018,\"height\":168,\"caption\":\"enoaudio\"},\"image\":{\"@id\":\"https:\/\/enoaudio.de\/it\/#\/schema\/logo\/image\/\"}}]}<\/script>\n<meta property=\"og:availability\" content=\"instock\" \/>\n<meta property=\"product:availability\" content=\"instock\" \/>\n<meta property=\"product:retailer_item_id\" content=\"BST-M2534BK-26M36F\" \/>\n<meta property=\"product:condition\" content=\"new\" \/>\n<!-- \/ Yoast SEO plugin. -->","yoast_head_json":{"title":"[B-Stock] enoaudio Mogami 2534 Quad Cavo prolunga professionale sbilanciato | Neutrik Gold 6,3mm TS - 6,3mm TS femmina | HiFi - enoaudio","robots":{"index":"index","follow":"follow","max-snippet":"max-snippet:-1","max-image-preview":"max-image-preview:large","max-video-preview":"max-video-preview:-1"},"canonical":"https:\/\/enoaudio.de\/it\/produkt\/bst-m2534bk-26m36f\/","og_locale":"it_IT","og_type":"article","og_title":"[B-Stock] enoaudio Mogami 2534 Quad Cavo prolunga professionale sbilanciato | Neutrik Gold 6,3mm TS - 6,3mm TS femmina | HiFi - enoaudio","og_description":"Cavo: Connettore A:\u00a0Connettore B:\u00a0","og_url":"https:\/\/enoaudio.de\/it\/produkt\/bst-m2534bk-26m36f\/","og_site_name":"enoaudio","article_modified_time":"2025-04-14T15:02:57+00:00","og_image":[{"width":2560,"height":1700,"url":"https:\/\/enoaudio.de\/wordpress\/wp-content\/uploads\/DSC_0833e-scaled.webp","type":"image\/webp"}],"twitter_card":"summary_large_image","twitter_misc":{"Availability":"In stock"},"schema":{"@context":"https:\/\/schema.org","@graph":[{"@type":"WebPage","@id":"https:\/\/enoaudio.de\/it\/produkt\/bst-m2534bk-26m36f\/","url":"https:\/\/enoaudio.de\/it\/produkt\/bst-m2534bk-26m36f\/","name":"[B-Stock] enoaudio Mogami 2534 Quad Cavo prolunga professionale sbilanciato | Neutrik Gold 6,3mm TS - 6,3mm TS femmina | HiFi - enoaudio","isPartOf":{"@id":"https:\/\/enoaudio.de\/it\/#website"},"primaryImageOfPage":{"@id":"https:\/\/enoaudio.de\/it\/produkt\/bst-m2534bk-26m36f\/#primaryimage"},"image":{"@id":"https:\/\/enoaudio.de\/it\/produkt\/bst-m2534bk-26m36f\/#primaryimage"},"thumbnailUrl":"https:\/\/enoaudio.de\/wp-content\/uploads\/M2534BK-26M36F_Extension-Cable-Balanced-Unbalanced-min-1.png","datePublished":"2024-05-16T10:36:28+00:00","dateModified":"2025-04-14T15:02:57+00:00","breadcrumb":{"@id":"https:\/\/enoaudio.de\/it\/produkt\/bst-m2534bk-26m36f\/#breadcrumb"},"inLanguage":"it-IT","potentialAction":[{"@type":"ReadAction","target":["https:\/\/enoaudio.de\/it\/produkt\/bst-m2534bk-26m36f\/"]}]},{"@type":"ImageObject","inLanguage":"it-IT","@id":"https:\/\/enoaudio.de\/it\/produkt\/bst-m2534bk-26m36f\/#primaryimage","url":"https:\/\/enoaudio.de\/wp-content\/uploads\/M2534BK-26M36F_Extension-Cable-Balanced-Unbalanced-min-1.png","contentUrl":"https:\/\/enoaudio.de\/wp-content\/uploads\/M2534BK-26M36F_Extension-Cable-Balanced-Unbalanced-min-1.png","width":1800,"height":1196},{"@type":"BreadcrumbList","@id":"https:\/\/enoaudio.de\/it\/produkt\/bst-m2534bk-26m36f\/#breadcrumb","itemListElement":[{"@type":"ListItem","position":1,"name":"Startseite","item":"https:\/\/enoaudio.de\/it\/negozio\/"},{"@type":"ListItem","position":2,"name":"Negozio","item":"https:\/\/enoaudio.de\/it\/negozio\/"},{"@type":"ListItem","position":3,"name":"[B-Stock] enoaudio Mogami 2534 Quad Cavo prolunga professionale sbilanciato | Neutrik Gold 6,3mm TS &#8211; 6,3mm TS femmina | HiFi"}]},{"@type":"WebSite","@id":"https:\/\/enoaudio.de\/it\/#website","url":"https:\/\/enoaudio.de\/it\/","name":"enoaudio","description":"HIgh Quality Cables for Professionals","publisher":{"@id":"https:\/\/enoaudio.de\/it\/#organization"},"potentialAction":[{"@type":"SearchAction","target":{"@type":"EntryPoint","urlTemplate":"https:\/\/enoaudio.de\/it\/?s={search_term_string}"},"query-input":{"@type":"PropertyValueSpecification","valueRequired":true,"valueName":"search_term_string"}}],"inLanguage":"it-IT"},{"@type":"Organization","@id":"https:\/\/enoaudio.de\/it\/#organization","name":"enoaudio","url":"https:\/\/enoaudio.de\/it\/","logo":{"@type":"ImageObject","inLanguage":"it-IT","@id":"https:\/\/enoaudio.de\/it\/#\/schema\/logo\/image\/","url":"https:\/\/enoaudio.de\/wordpress\/wp-content\/uploads\/2018\/02\/enoaudio_title.png","contentUrl":"https:\/\/enoaudio.de\/wordpress\/wp-content\/uploads\/2018\/02\/enoaudio_title.png","width":1018,"height":168,"caption":"enoaudio"},"image":{"@id":"https:\/\/enoaudio.de\/it\/#\/schema\/logo\/image\/"}}]},"og_availability":"instock","product_availability":"instock","product_retailer_item_id":"BST-M2534BK-26M36F","product_condition":"new"},"_links":{"self":[{"href":"https:\/\/enoaudio.de\/it\/wp-json\/wp\/v2\/product\/295302","targetHints":{"allow":["GET"]}}],"collection":[{"href":"https:\/\/enoaudio.de\/it\/wp-json\/wp\/v2\/product"}],"about":[{"href":"https:\/\/enoaudio.de\/it\/wp-json\/wp\/v2\/types\/product"}],"replies":[{"embeddable":true,"href":"https:\/\/enoaudio.de\/it\/wp-json\/wp\/v2\/comments?post=295302"}],"wp:featuredmedia":[{"embeddable":true,"href":"https:\/\/enoaudio.de\/it\/wp-json\/wp\/v2\/media\/324456"}],"wp:attachment":[{"href":"https:\/\/enoaudio.de\/it\/wp-json\/wp\/v2\/media?parent=295302"}],"wp:term":[{"taxonomy":"product_brand","embeddable":true,"href":"https:\/\/enoaudio.de\/it\/wp-json\/wp\/v2\/product_brand?post=295302"},{"taxonomy":"product_cat","embeddable":true,"href":"https:\/\/enoaudio.de\/it\/wp-json\/wp\/v2\/product_cat?post=295302"},{"taxonomy":"product_tag","embeddable":true,"href":"https:\/\/enoaudio.de\/it\/wp-json\/wp\/v2\/product_tag?post=295302"}],"curies":[{"name":"wp","href":"https:\/\/api.w.org\/{rel}","templated":true}]}}