{"id":337449,"date":"2025-09-09T13:27:19","date_gmt":"2025-09-09T11:27:19","guid":{"rendered":"https:\/\/enoaudio.de\/produkt\/m2534bk-3xf3xlm\/"},"modified":"2025-11-04T11:58:53","modified_gmt":"2025-11-04T10:58:53","slug":"m2534bk-3xf3xlm","status":"publish","type":"product","link":"https:\/\/enoaudio.de\/it\/produkt\/m2534bk-3xf3xlm\/","title":{"rendered":"enoaudio Mogami 2534 Quad Professionel Studio Kabel Symmetrische | Neutrik Gold XLR female &#8211; Neutrik Gold XLR male 90\u00ba | HiFi"},"content":{"rendered":"<p>Kabel: Mogami 2534<br>\r\n<br>\r\nDas Mogami 2534 ist ein Mikrofonkabel der Neglex-Serie, das f\u00fcr professionelle Aufnahmestudios entwickelt wurde, in denen eine pr\u00e4zise Signal\u00fcbertragung f\u00fcr die Klangqualit\u00e4t von gr\u00f6\u00dfter Bedeutung ist.<br>\r\n<br>\r\nDer Leiter besteht aus OFC (sauerstofffreies, hochreines Kupfer) mit hoher Signalleitf\u00e4higkeit, der Isolator aus XLPE (vernetztes Polyethylen) mit sehr guten elektrischen Eigenschaften und die dichte Spiralabschirmung aus Kupferdraht - alles physikalisch durchdacht f\u00fcr eine hohe Klangqualit\u00e4t.<br>\r\nDie Quad-Struktur der Leiter sorgt f\u00fcr eine hochwertige Klang\u00fcbertragung und unterdr\u00fcckt elektromagnetische St\u00f6rungen, die durch Peripherieger\u00e4te verursacht werden.<br>\r\n<br>\r\nDies erm\u00f6glicht ein Mikrofonkabel von h\u00f6chster Klangqualit\u00e4t.<\/p>\n<span>Das Kabel wird in Japan von Mogami gefertigt und in Deutschland von enoaudio einzeln konfektioniert.<\/span>\n<span>Jedes Kabel wird f\u00fcr garantierte Qualit\u00e4t vor dem Versand ausf\u00fchrlichen Messungen und Tests unterzogen.<\/span><span>enoaudio gew\u00e4hrt auf diese Kabel ab Kaufdatum eine Garantie von 10 Jahren.<\/span>\n","protected":false},"excerpt":{"rendered":"<p>Kabel: Mogami Neglex 2534\nStecker A:\u00a0Neutrik Gold XLR female (NC3 FXX-B)\nStecker B:\u00a0Neutrik Gold XLR male 90\u00ba (NC3 MXX-B)\n","protected":false},"featured_media":308731,"comment_status":"closed","ping_status":"closed","template":"","meta":{"_acf_changed":false},"product_brand":[],"product_cat":[877,975,492],"product_tag":[441,442],"class_list":{"0":"post-337449","1":"product","2":"type-product","3":"status-publish","4":"has-post-thumbnail","6":"product_cat-cavo-colorato","7":"product_cat-xlr-f-xlr-m-it","8":"product_cat-symmetrisches-kabel-it","9":"product_tag-mogami-it","10":"product_tag-w2534-it","11":"pa_length-0050m-it","12":"pa_length-0100m-it","13":"pa_length-0150m-it","14":"pa_length-1000m-it","15":"pa_length-0200m-it","16":"pa_length-0300m-it","17":"pa_length-0500m-it","18":"pa_length-0700m-it","20":"first","21":"instock","22":"taxable","23":"shipping-taxable","24":"purchasable","25":"product-type-variable","26":"has-default-attributes"},"supplier_id":null,"supplier_sku":"","barcode":null,"atum_controlled":true,"out_stock_date":null,"out_stock_threshold":null,"inheritable":true,"inbound_stock":0,"stock_on_hold":0,"sold_today":0,"sales_last_days":2,"reserved_stock":0,"customer_returns":0,"warehouse_damage":0,"lost_in_post":0,"other_logs":0,"out_stock_days":null,"lost_sales":0,"has_location":false,"update_date":"2026-03-02T13:22:07","atum_locations":[],"atum_stock_status":"instock","restock_status":false,"low_stock_amount":"","sales_update_date":"2026-02-23T09:14:41","calc_backorders":null,"linked_bom":[],"sync_purchase_price":false,"bom_sellable":null,"minimum_threshold":null,"available_to_purchase":null,"selling_priority":null,"calculated_stock":null,"is_bom":false,"acf":[],"yoast_head":"<!-- This site is optimized with the Yoast SEO plugin v27.1.1 - https:\/\/yoast.com\/product\/yoast-seo-wordpress\/ -->\n<title>enoaudio Mogami 2534 Quad Professionel Studio Kabel Symmetrische | Neutrik Gold XLR female - Neutrik Gold XLR male 90\u00ba | HiFi - enoaudio<\/title>\n<meta name=\"robots\" content=\"index, follow, max-snippet:-1, max-image-preview:large, max-video-preview:-1\" \/>\n<link rel=\"canonical\" href=\"https:\/\/enoaudio.de\/it\/produkt\/m2534bk-3xf3xlm\/\" \/>\n<meta property=\"og:locale\" content=\"it_IT\" \/>\n<meta property=\"og:type\" content=\"article\" \/>\n<meta property=\"og:title\" content=\"enoaudio Mogami 2534 Quad Professionel Studio Kabel Symmetrische | Neutrik Gold XLR female - Neutrik Gold XLR male 90\u00ba | HiFi - enoaudio\" \/>\n<meta property=\"og:description\" content=\"Kabel:  Stecker A:\u00a0 Stecker B:\u00a0\" \/>\n<meta property=\"og:url\" content=\"https:\/\/enoaudio.de\/it\/produkt\/m2534bk-3xf3xlm\/\" \/>\n<meta property=\"og:site_name\" content=\"enoaudio\" \/>\n<meta property=\"article:modified_time\" content=\"2025-11-04T10:58:53+00:00\" \/>\n<meta property=\"og:image\" content=\"https:\/\/enoaudio.de\/wp-content\/uploads\/M2534BK-3XF3XLM-min.png\" \/>\n\t<meta property=\"og:image:width\" content=\"1800\" \/>\n\t<meta property=\"og:image:height\" content=\"1250\" \/>\n\t<meta property=\"og:image:type\" content=\"image\/png\" \/>\n<meta name=\"twitter:card\" content=\"summary_large_image\" \/>\n<meta name=\"twitter:label1\" content=\"Availability\" \/>\n\t<meta name=\"twitter:data1\" content=\"In stock\" \/>\n<script type=\"application\/ld+json\" class=\"yoast-schema-graph\">{\"@context\":\"https:\/\/schema.org\",\"@graph\":[{\"@type\":\"WebPage\",\"@id\":\"https:\/\/enoaudio.de\/it\/produkt\/m2534bk-3xf3xlm\/\",\"url\":\"https:\/\/enoaudio.de\/it\/produkt\/m2534bk-3xf3xlm\/\",\"name\":\"enoaudio Mogami 2534 Quad Professionel Studio Kabel Symmetrische | Neutrik Gold XLR female - Neutrik Gold XLR male 90\u00ba | HiFi - enoaudio\",\"isPartOf\":{\"@id\":\"https:\/\/enoaudio.de\/it\/#website\"},\"primaryImageOfPage\":{\"@id\":\"https:\/\/enoaudio.de\/it\/produkt\/m2534bk-3xf3xlm\/#primaryimage\"},\"image\":{\"@id\":\"https:\/\/enoaudio.de\/it\/produkt\/m2534bk-3xf3xlm\/#primaryimage\"},\"thumbnailUrl\":\"https:\/\/enoaudio.de\/wp-content\/uploads\/M2534BK-3XF3XLM-min.png\",\"datePublished\":\"2025-09-09T11:27:19+00:00\",\"dateModified\":\"2025-11-04T10:58:53+00:00\",\"breadcrumb\":{\"@id\":\"https:\/\/enoaudio.de\/it\/produkt\/m2534bk-3xf3xlm\/#breadcrumb\"},\"inLanguage\":\"it-IT\",\"potentialAction\":[{\"@type\":\"ReadAction\",\"target\":[\"https:\/\/enoaudio.de\/it\/produkt\/m2534bk-3xf3xlm\/\"]}]},{\"@type\":\"ImageObject\",\"inLanguage\":\"it-IT\",\"@id\":\"https:\/\/enoaudio.de\/it\/produkt\/m2534bk-3xf3xlm\/#primaryimage\",\"url\":\"https:\/\/enoaudio.de\/wp-content\/uploads\/M2534BK-3XF3XLM-min.png\",\"contentUrl\":\"https:\/\/enoaudio.de\/wp-content\/uploads\/M2534BK-3XF3XLM-min.png\",\"width\":1800,\"height\":1250},{\"@type\":\"BreadcrumbList\",\"@id\":\"https:\/\/enoaudio.de\/it\/produkt\/m2534bk-3xf3xlm\/#breadcrumb\",\"itemListElement\":[{\"@type\":\"ListItem\",\"position\":1,\"name\":\"Startseite\",\"item\":\"https:\/\/enoaudio.de\/it\/negozio\/\"},{\"@type\":\"ListItem\",\"position\":2,\"name\":\"Negozio\",\"item\":\"https:\/\/enoaudio.de\/it\/negozio\/\"},{\"@type\":\"ListItem\",\"position\":3,\"name\":\"enoaudio Mogami 2534 Quad Professionel Studio Kabel Symmetrische | Neutrik Gold XLR female &#8211; Neutrik Gold XLR male 90\u00ba | HiFi\"}]},{\"@type\":\"WebSite\",\"@id\":\"https:\/\/enoaudio.de\/it\/#website\",\"url\":\"https:\/\/enoaudio.de\/it\/\",\"name\":\"enoaudio\",\"description\":\"HIgh Quality Cables for Professionals\",\"publisher\":{\"@id\":\"https:\/\/enoaudio.de\/it\/#organization\"},\"potentialAction\":[{\"@type\":\"SearchAction\",\"target\":{\"@type\":\"EntryPoint\",\"urlTemplate\":\"https:\/\/enoaudio.de\/it\/?s={search_term_string}\"},\"query-input\":{\"@type\":\"PropertyValueSpecification\",\"valueRequired\":true,\"valueName\":\"search_term_string\"}}],\"inLanguage\":\"it-IT\"},{\"@type\":\"Organization\",\"@id\":\"https:\/\/enoaudio.de\/it\/#organization\",\"name\":\"enoaudio\",\"url\":\"https:\/\/enoaudio.de\/it\/\",\"logo\":{\"@type\":\"ImageObject\",\"inLanguage\":\"it-IT\",\"@id\":\"https:\/\/enoaudio.de\/it\/#\/schema\/logo\/image\/\",\"url\":\"https:\/\/enoaudio.de\/wordpress\/wp-content\/uploads\/2018\/02\/enoaudio_title.png\",\"contentUrl\":\"https:\/\/enoaudio.de\/wordpress\/wp-content\/uploads\/2018\/02\/enoaudio_title.png\",\"width\":1018,\"height\":168,\"caption\":\"enoaudio\"},\"image\":{\"@id\":\"https:\/\/enoaudio.de\/it\/#\/schema\/logo\/image\/\"}}]}<\/script>\n<meta property=\"og:availability\" content=\"instock\" \/>\n<meta property=\"product:availability\" content=\"instock\" \/>\n<meta property=\"product:retailer_item_id\" content=\"M2534BK-3XF3XLM\" \/>\n<meta property=\"product:condition\" content=\"new\" \/>\n<!-- \/ Yoast SEO plugin. -->","yoast_head_json":{"title":"enoaudio Mogami 2534 Quad Professionel Studio Kabel Symmetrische | Neutrik Gold XLR female - Neutrik Gold XLR male 90\u00ba | HiFi - enoaudio","robots":{"index":"index","follow":"follow","max-snippet":"max-snippet:-1","max-image-preview":"max-image-preview:large","max-video-preview":"max-video-preview:-1"},"canonical":"https:\/\/enoaudio.de\/it\/produkt\/m2534bk-3xf3xlm\/","og_locale":"it_IT","og_type":"article","og_title":"enoaudio Mogami 2534 Quad Professionel Studio Kabel Symmetrische | Neutrik Gold XLR female - Neutrik Gold XLR male 90\u00ba | HiFi - enoaudio","og_description":"Kabel:  Stecker A:\u00a0 Stecker B:\u00a0","og_url":"https:\/\/enoaudio.de\/it\/produkt\/m2534bk-3xf3xlm\/","og_site_name":"enoaudio","article_modified_time":"2025-11-04T10:58:53+00:00","og_image":[{"width":1800,"height":1250,"url":"https:\/\/enoaudio.de\/wp-content\/uploads\/M2534BK-3XF3XLM-min.png","type":"image\/png"}],"twitter_card":"summary_large_image","twitter_misc":{"Availability":"In stock"},"schema":{"@context":"https:\/\/schema.org","@graph":[{"@type":"WebPage","@id":"https:\/\/enoaudio.de\/it\/produkt\/m2534bk-3xf3xlm\/","url":"https:\/\/enoaudio.de\/it\/produkt\/m2534bk-3xf3xlm\/","name":"enoaudio Mogami 2534 Quad Professionel Studio Kabel Symmetrische | Neutrik Gold XLR female - Neutrik Gold XLR male 90\u00ba | HiFi - enoaudio","isPartOf":{"@id":"https:\/\/enoaudio.de\/it\/#website"},"primaryImageOfPage":{"@id":"https:\/\/enoaudio.de\/it\/produkt\/m2534bk-3xf3xlm\/#primaryimage"},"image":{"@id":"https:\/\/enoaudio.de\/it\/produkt\/m2534bk-3xf3xlm\/#primaryimage"},"thumbnailUrl":"https:\/\/enoaudio.de\/wp-content\/uploads\/M2534BK-3XF3XLM-min.png","datePublished":"2025-09-09T11:27:19+00:00","dateModified":"2025-11-04T10:58:53+00:00","breadcrumb":{"@id":"https:\/\/enoaudio.de\/it\/produkt\/m2534bk-3xf3xlm\/#breadcrumb"},"inLanguage":"it-IT","potentialAction":[{"@type":"ReadAction","target":["https:\/\/enoaudio.de\/it\/produkt\/m2534bk-3xf3xlm\/"]}]},{"@type":"ImageObject","inLanguage":"it-IT","@id":"https:\/\/enoaudio.de\/it\/produkt\/m2534bk-3xf3xlm\/#primaryimage","url":"https:\/\/enoaudio.de\/wp-content\/uploads\/M2534BK-3XF3XLM-min.png","contentUrl":"https:\/\/enoaudio.de\/wp-content\/uploads\/M2534BK-3XF3XLM-min.png","width":1800,"height":1250},{"@type":"BreadcrumbList","@id":"https:\/\/enoaudio.de\/it\/produkt\/m2534bk-3xf3xlm\/#breadcrumb","itemListElement":[{"@type":"ListItem","position":1,"name":"Startseite","item":"https:\/\/enoaudio.de\/it\/negozio\/"},{"@type":"ListItem","position":2,"name":"Negozio","item":"https:\/\/enoaudio.de\/it\/negozio\/"},{"@type":"ListItem","position":3,"name":"enoaudio Mogami 2534 Quad Professionel Studio Kabel Symmetrische | Neutrik Gold XLR female &#8211; Neutrik Gold XLR male 90\u00ba | HiFi"}]},{"@type":"WebSite","@id":"https:\/\/enoaudio.de\/it\/#website","url":"https:\/\/enoaudio.de\/it\/","name":"enoaudio","description":"HIgh Quality Cables for Professionals","publisher":{"@id":"https:\/\/enoaudio.de\/it\/#organization"},"potentialAction":[{"@type":"SearchAction","target":{"@type":"EntryPoint","urlTemplate":"https:\/\/enoaudio.de\/it\/?s={search_term_string}"},"query-input":{"@type":"PropertyValueSpecification","valueRequired":true,"valueName":"search_term_string"}}],"inLanguage":"it-IT"},{"@type":"Organization","@id":"https:\/\/enoaudio.de\/it\/#organization","name":"enoaudio","url":"https:\/\/enoaudio.de\/it\/","logo":{"@type":"ImageObject","inLanguage":"it-IT","@id":"https:\/\/enoaudio.de\/it\/#\/schema\/logo\/image\/","url":"https:\/\/enoaudio.de\/wordpress\/wp-content\/uploads\/2018\/02\/enoaudio_title.png","contentUrl":"https:\/\/enoaudio.de\/wordpress\/wp-content\/uploads\/2018\/02\/enoaudio_title.png","width":1018,"height":168,"caption":"enoaudio"},"image":{"@id":"https:\/\/enoaudio.de\/it\/#\/schema\/logo\/image\/"}}]},"og_availability":"instock","product_availability":"instock","product_retailer_item_id":"M2534BK-3XF3XLM","product_condition":"new"},"_links":{"self":[{"href":"https:\/\/enoaudio.de\/it\/wp-json\/wp\/v2\/product\/337449","targetHints":{"allow":["GET"]}}],"collection":[{"href":"https:\/\/enoaudio.de\/it\/wp-json\/wp\/v2\/product"}],"about":[{"href":"https:\/\/enoaudio.de\/it\/wp-json\/wp\/v2\/types\/product"}],"replies":[{"embeddable":true,"href":"https:\/\/enoaudio.de\/it\/wp-json\/wp\/v2\/comments?post=337449"}],"wp:featuredmedia":[{"embeddable":true,"href":"https:\/\/enoaudio.de\/it\/wp-json\/wp\/v2\/media\/308731"}],"wp:attachment":[{"href":"https:\/\/enoaudio.de\/it\/wp-json\/wp\/v2\/media?parent=337449"}],"wp:term":[{"taxonomy":"product_brand","embeddable":true,"href":"https:\/\/enoaudio.de\/it\/wp-json\/wp\/v2\/product_brand?post=337449"},{"taxonomy":"product_cat","embeddable":true,"href":"https:\/\/enoaudio.de\/it\/wp-json\/wp\/v2\/product_cat?post=337449"},{"taxonomy":"product_tag","embeddable":true,"href":"https:\/\/enoaudio.de\/it\/wp-json\/wp\/v2\/product_tag?post=337449"}],"curies":[{"name":"wp","href":"https:\/\/api.w.org\/{rel}","templated":true}]}}