{"id":6962,"date":"2018-03-02T23:15:18","date_gmt":"2018-03-02T22:15:18","guid":{"rendered":"https:\/\/enoaudio.de\/produkt\/m2534bk-2rm26m\/"},"modified":"2025-12-03T12:31:22","modified_gmt":"2025-12-03T11:31:22","slug":"m2534bk-2rm26m","status":"publish","type":"product","link":"https:\/\/enoaudio.de\/it\/produkt\/m2534bk-2rm26m\/","title":{"rendered":"enoaudio Mogami 2534 Quad Cavo professionale studio | Neutrik Gold RCA &#8211; 6,3mm TS | HiFi"},"content":{"rendered":"<p>Il cavo Mogami 2534 Neglex Quad di alta definizione \u00e8 fatto di rame privo di ossigeno (OFC). La trasmissione del segnale a 4Core e l\u2019estrema stretta schermatura a spirale neutralizzano efficacemente le interferenze ambientali.\nParagonato a cavi di simile struttura, questo riduce i rumori esterni di ulteriori 15 dB. Il risultato sono registrazioni prive d\u2019interferenze e un ampia gamma dinamica utilizzabile. La bassa capacit\u00e0 del cavo garantisce nitidezza e ricchezza nei dettagli del segnale audio. Caratteristiche: qualit\u00e0 audio uniche, flessibilit\u00e0, resistenza, facile da installare.<\/p><span>Il cavo \u00e8 prodotto in Giappone da Mogami e assemblato individualmente in Germania da enoaudio.<\/span> <span>Ogni cavo \u00e8 sottoposto a numerosi test prima della consegna per garantire la qualit\u00e0 del prodotto.<\/span><span>enoaudio offre una garanzia di 10 anni su questi cavi dalla data di acquisto.<\/span>\n\n","protected":false},"excerpt":{"rendered":"<p>Cavo: Mogami Neglex 2534Connettore A:\u00a0Neutrik Rean Gold RCA (NYS 373)Connettore B:\u00a0Neutrik Gold 6,35mm TS (NP2 X-B)\n","protected":false},"featured_media":324567,"comment_status":"open","ping_status":"closed","template":"","meta":{"_acf_changed":false},"product_brand":[],"product_cat":[877,501,532],"product_tag":[441,442],"class_list":{"0":"post-6962","1":"product","2":"type-product","3":"status-publish","4":"has-post-thumbnail","6":"product_cat-cavo-colorato","7":"product_cat-cinch-kabel-it","8":"product_cat-rca-ts-it","9":"product_tag-mogami-it","10":"product_tag-w2534-it","11":"pa_length-0050m-it","12":"pa_length-0100m-it","13":"pa_length-0150m-it","14":"pa_length-1000m-it","15":"pa_length-0200m-it","16":"pa_length-0300m-it","17":"pa_length-0500m-it","18":"pa_length-0700m-it","20":"first","21":"instock","22":"taxable","23":"shipping-taxable","24":"purchasable","25":"product-type-variable"},"acf":[],"yoast_head":"<!-- This site is optimized with the Yoast SEO plugin v27.1.1 - https:\/\/yoast.com\/product\/yoast-seo-wordpress\/ -->\n<title>enoaudio Mogami 2534 Quad Cavo professionale studio | Neutrik Gold RCA - 6,3mm TS | HiFi - enoaudio<\/title>\n<meta name=\"robots\" content=\"index, follow, max-snippet:-1, max-image-preview:large, max-video-preview:-1\" \/>\n<link rel=\"canonical\" href=\"https:\/\/enoaudio.de\/it\/produkt\/m2534bk-2rm26m\/\" \/>\n<meta property=\"og:locale\" content=\"it_IT\" \/>\n<meta property=\"og:type\" content=\"article\" \/>\n<meta property=\"og:title\" content=\"enoaudio Mogami 2534 Quad Cavo professionale studio | Neutrik Gold RCA - 6,3mm TS | HiFi - enoaudio\" \/>\n<meta property=\"og:description\" content=\"Cavo: Connettore A:\u00a0Connettore B:\u00a0\" \/>\n<meta property=\"og:url\" content=\"https:\/\/enoaudio.de\/it\/produkt\/m2534bk-2rm26m\/\" \/>\n<meta property=\"og:site_name\" content=\"enoaudio\" \/>\n<meta property=\"article:modified_time\" content=\"2025-12-03T11:31:22+00:00\" \/>\n<meta property=\"og:image\" content=\"https:\/\/enoaudio.de\/wordpress\/wp-content\/uploads\/DSC_0810-scaled.jpg\" \/>\n\t<meta property=\"og:image:width\" content=\"2560\" \/>\n\t<meta property=\"og:image:height\" content=\"1700\" \/>\n\t<meta property=\"og:image:type\" content=\"image\/jpeg\" \/>\n<meta name=\"twitter:card\" content=\"summary_large_image\" \/>\n<meta name=\"twitter:label1\" content=\"Availability\" \/>\n\t<meta name=\"twitter:data1\" content=\"In stock\" \/>\n<script type=\"application\/ld+json\" class=\"yoast-schema-graph\">{\"@context\":\"https:\/\/schema.org\",\"@graph\":[{\"@type\":\"WebPage\",\"@id\":\"https:\/\/enoaudio.de\/it\/produkt\/m2534bk-2rm26m\/\",\"url\":\"https:\/\/enoaudio.de\/it\/produkt\/m2534bk-2rm26m\/\",\"name\":\"enoaudio Mogami 2534 Quad Cavo professionale studio | Neutrik Gold RCA - 6,3mm TS | HiFi - enoaudio\",\"isPartOf\":{\"@id\":\"https:\/\/enoaudio.de\/it\/#website\"},\"primaryImageOfPage\":{\"@id\":\"https:\/\/enoaudio.de\/it\/produkt\/m2534bk-2rm26m\/#primaryimage\"},\"image\":{\"@id\":\"https:\/\/enoaudio.de\/it\/produkt\/m2534bk-2rm26m\/#primaryimage\"},\"thumbnailUrl\":\"https:\/\/enoaudio.de\/wp-content\/uploads\/M2534BK_2RM26M-min-1.png\",\"datePublished\":\"2018-03-02T22:15:18+00:00\",\"dateModified\":\"2025-12-03T11:31:22+00:00\",\"breadcrumb\":{\"@id\":\"https:\/\/enoaudio.de\/it\/produkt\/m2534bk-2rm26m\/#breadcrumb\"},\"inLanguage\":\"it-IT\",\"potentialAction\":[{\"@type\":\"ReadAction\",\"target\":[\"https:\/\/enoaudio.de\/it\/produkt\/m2534bk-2rm26m\/\"]}]},{\"@type\":\"ImageObject\",\"inLanguage\":\"it-IT\",\"@id\":\"https:\/\/enoaudio.de\/it\/produkt\/m2534bk-2rm26m\/#primaryimage\",\"url\":\"https:\/\/enoaudio.de\/wp-content\/uploads\/M2534BK_2RM26M-min-1.png\",\"contentUrl\":\"https:\/\/enoaudio.de\/wp-content\/uploads\/M2534BK_2RM26M-min-1.png\",\"width\":1800,\"height\":1200},{\"@type\":\"BreadcrumbList\",\"@id\":\"https:\/\/enoaudio.de\/it\/produkt\/m2534bk-2rm26m\/#breadcrumb\",\"itemListElement\":[{\"@type\":\"ListItem\",\"position\":1,\"name\":\"Startseite\",\"item\":\"https:\/\/enoaudio.de\/it\/negozio\/\"},{\"@type\":\"ListItem\",\"position\":2,\"name\":\"Negozio\",\"item\":\"https:\/\/enoaudio.de\/it\/negozio\/\"},{\"@type\":\"ListItem\",\"position\":3,\"name\":\"enoaudio Mogami 2534 Quad Cavo professionale studio | Neutrik Gold RCA &#8211; 6,3mm TS | HiFi\"}]},{\"@type\":\"WebSite\",\"@id\":\"https:\/\/enoaudio.de\/it\/#website\",\"url\":\"https:\/\/enoaudio.de\/it\/\",\"name\":\"enoaudio\",\"description\":\"HIgh Quality Cables for Professionals\",\"publisher\":{\"@id\":\"https:\/\/enoaudio.de\/it\/#organization\"},\"potentialAction\":[{\"@type\":\"SearchAction\",\"target\":{\"@type\":\"EntryPoint\",\"urlTemplate\":\"https:\/\/enoaudio.de\/it\/?s={search_term_string}\"},\"query-input\":{\"@type\":\"PropertyValueSpecification\",\"valueRequired\":true,\"valueName\":\"search_term_string\"}}],\"inLanguage\":\"it-IT\"},{\"@type\":\"Organization\",\"@id\":\"https:\/\/enoaudio.de\/it\/#organization\",\"name\":\"enoaudio\",\"url\":\"https:\/\/enoaudio.de\/it\/\",\"logo\":{\"@type\":\"ImageObject\",\"inLanguage\":\"it-IT\",\"@id\":\"https:\/\/enoaudio.de\/it\/#\/schema\/logo\/image\/\",\"url\":\"https:\/\/enoaudio.de\/wordpress\/wp-content\/uploads\/2018\/02\/enoaudio_title.png\",\"contentUrl\":\"https:\/\/enoaudio.de\/wordpress\/wp-content\/uploads\/2018\/02\/enoaudio_title.png\",\"width\":1018,\"height\":168,\"caption\":\"enoaudio\"},\"image\":{\"@id\":\"https:\/\/enoaudio.de\/it\/#\/schema\/logo\/image\/\"}}]}<\/script>\n<meta property=\"og:availability\" content=\"instock\" \/>\n<meta property=\"product:availability\" content=\"instock\" \/>\n<meta property=\"product:retailer_item_id\" content=\"M2534BK-2RM26M\" \/>\n<meta property=\"product:condition\" content=\"new\" \/>\n<!-- \/ Yoast SEO plugin. -->","yoast_head_json":{"title":"enoaudio Mogami 2534 Quad Cavo professionale studio | Neutrik Gold RCA - 6,3mm TS | HiFi - enoaudio","robots":{"index":"index","follow":"follow","max-snippet":"max-snippet:-1","max-image-preview":"max-image-preview:large","max-video-preview":"max-video-preview:-1"},"canonical":"https:\/\/enoaudio.de\/it\/produkt\/m2534bk-2rm26m\/","og_locale":"it_IT","og_type":"article","og_title":"enoaudio Mogami 2534 Quad Cavo professionale studio | Neutrik Gold RCA - 6,3mm TS | HiFi - enoaudio","og_description":"Cavo: Connettore A:\u00a0Connettore B:\u00a0","og_url":"https:\/\/enoaudio.de\/it\/produkt\/m2534bk-2rm26m\/","og_site_name":"enoaudio","article_modified_time":"2025-12-03T11:31:22+00:00","og_image":[{"width":2560,"height":1700,"url":"https:\/\/enoaudio.de\/wordpress\/wp-content\/uploads\/DSC_0810-scaled.jpg","type":"image\/jpeg"}],"twitter_card":"summary_large_image","twitter_misc":{"Availability":"In stock"},"schema":{"@context":"https:\/\/schema.org","@graph":[{"@type":"WebPage","@id":"https:\/\/enoaudio.de\/it\/produkt\/m2534bk-2rm26m\/","url":"https:\/\/enoaudio.de\/it\/produkt\/m2534bk-2rm26m\/","name":"enoaudio Mogami 2534 Quad Cavo professionale studio | Neutrik Gold RCA - 6,3mm TS | HiFi - enoaudio","isPartOf":{"@id":"https:\/\/enoaudio.de\/it\/#website"},"primaryImageOfPage":{"@id":"https:\/\/enoaudio.de\/it\/produkt\/m2534bk-2rm26m\/#primaryimage"},"image":{"@id":"https:\/\/enoaudio.de\/it\/produkt\/m2534bk-2rm26m\/#primaryimage"},"thumbnailUrl":"https:\/\/enoaudio.de\/wp-content\/uploads\/M2534BK_2RM26M-min-1.png","datePublished":"2018-03-02T22:15:18+00:00","dateModified":"2025-12-03T11:31:22+00:00","breadcrumb":{"@id":"https:\/\/enoaudio.de\/it\/produkt\/m2534bk-2rm26m\/#breadcrumb"},"inLanguage":"it-IT","potentialAction":[{"@type":"ReadAction","target":["https:\/\/enoaudio.de\/it\/produkt\/m2534bk-2rm26m\/"]}]},{"@type":"ImageObject","inLanguage":"it-IT","@id":"https:\/\/enoaudio.de\/it\/produkt\/m2534bk-2rm26m\/#primaryimage","url":"https:\/\/enoaudio.de\/wp-content\/uploads\/M2534BK_2RM26M-min-1.png","contentUrl":"https:\/\/enoaudio.de\/wp-content\/uploads\/M2534BK_2RM26M-min-1.png","width":1800,"height":1200},{"@type":"BreadcrumbList","@id":"https:\/\/enoaudio.de\/it\/produkt\/m2534bk-2rm26m\/#breadcrumb","itemListElement":[{"@type":"ListItem","position":1,"name":"Startseite","item":"https:\/\/enoaudio.de\/it\/negozio\/"},{"@type":"ListItem","position":2,"name":"Negozio","item":"https:\/\/enoaudio.de\/it\/negozio\/"},{"@type":"ListItem","position":3,"name":"enoaudio Mogami 2534 Quad Cavo professionale studio | Neutrik Gold RCA &#8211; 6,3mm TS | HiFi"}]},{"@type":"WebSite","@id":"https:\/\/enoaudio.de\/it\/#website","url":"https:\/\/enoaudio.de\/it\/","name":"enoaudio","description":"HIgh Quality Cables for Professionals","publisher":{"@id":"https:\/\/enoaudio.de\/it\/#organization"},"potentialAction":[{"@type":"SearchAction","target":{"@type":"EntryPoint","urlTemplate":"https:\/\/enoaudio.de\/it\/?s={search_term_string}"},"query-input":{"@type":"PropertyValueSpecification","valueRequired":true,"valueName":"search_term_string"}}],"inLanguage":"it-IT"},{"@type":"Organization","@id":"https:\/\/enoaudio.de\/it\/#organization","name":"enoaudio","url":"https:\/\/enoaudio.de\/it\/","logo":{"@type":"ImageObject","inLanguage":"it-IT","@id":"https:\/\/enoaudio.de\/it\/#\/schema\/logo\/image\/","url":"https:\/\/enoaudio.de\/wordpress\/wp-content\/uploads\/2018\/02\/enoaudio_title.png","contentUrl":"https:\/\/enoaudio.de\/wordpress\/wp-content\/uploads\/2018\/02\/enoaudio_title.png","width":1018,"height":168,"caption":"enoaudio"},"image":{"@id":"https:\/\/enoaudio.de\/it\/#\/schema\/logo\/image\/"}}]},"og_availability":"instock","product_availability":"instock","product_retailer_item_id":"M2534BK-2RM26M","product_condition":"new"},"_links":{"self":[{"href":"https:\/\/enoaudio.de\/it\/wp-json\/wp\/v2\/product\/6962","targetHints":{"allow":["GET"]}}],"collection":[{"href":"https:\/\/enoaudio.de\/it\/wp-json\/wp\/v2\/product"}],"about":[{"href":"https:\/\/enoaudio.de\/it\/wp-json\/wp\/v2\/types\/product"}],"replies":[{"embeddable":true,"href":"https:\/\/enoaudio.de\/it\/wp-json\/wp\/v2\/comments?post=6962"}],"wp:featuredmedia":[{"embeddable":true,"href":"https:\/\/enoaudio.de\/it\/wp-json\/wp\/v2\/media\/324567"}],"wp:attachment":[{"href":"https:\/\/enoaudio.de\/it\/wp-json\/wp\/v2\/media?parent=6962"}],"wp:term":[{"taxonomy":"product_brand","embeddable":true,"href":"https:\/\/enoaudio.de\/it\/wp-json\/wp\/v2\/product_brand?post=6962"},{"taxonomy":"product_cat","embeddable":true,"href":"https:\/\/enoaudio.de\/it\/wp-json\/wp\/v2\/product_cat?post=6962"},{"taxonomy":"product_tag","embeddable":true,"href":"https:\/\/enoaudio.de\/it\/wp-json\/wp\/v2\/product_tag?post=6962"}],"curies":[{"name":"wp","href":"https:\/\/api.w.org\/{rel}","templated":true}]}}